{"id":9456,"date":"2022-08-29T11:16:19","date_gmt":"2022-08-29T16:16:19","guid":{"rendered":"https:\/\/live-gordon-food-service.pantheonsite.io\/?page_id=9456"},"modified":"2026-03-16T14:55:54","modified_gmt":"2026-03-16T18:55:54","slug":"donaciones","status":"publish","type":"page","link":"https:\/\/gfs.com\/es-us\/about-us\/donations\/","title":{"rendered":"Donaciones y Patrocinios"},"content":{"rendered":"<div data-elementor-type=\"wp-page\" data-elementor-id=\"9456\" class=\"elementor elementor-9456\" data-elementor-post-type=\"page\">\n\t\t\t\t<div class=\"elementor-element elementor-element-3a43a5e6 e-flex e-con-boxed e-con e-parent\" data-id=\"3a43a5e6\" data-element_type=\"container\" data-e-type=\"container\" data-settings=\"{&quot;background_background&quot;:&quot;classic&quot;}\">\n\t\t\t\t\t<div class=\"e-con-inner\">\n\t\t<div class=\"elementor-element elementor-element-3eb18ff4 e-con-full e-flex e-con e-child\" data-id=\"3eb18ff4\" data-element_type=\"container\" data-e-type=\"container\">\n\t\t\t\t<div class=\"elementor-element elementor-element-1927edb9 elementor-widget elementor-widget-heading\" data-id=\"1927edb9\" data-element_type=\"widget\" data-e-type=\"widget\" data-widget_type=\"heading.default\">\n\t\t\t\t<div class=\"elementor-widget-container\">\n\t\t\t\t\t<h2 class=\"elementor-heading-title elementor-size-default\">Donaciones y Patrocinios<\/h2>\t\t\t\t<\/div>\n\t\t\t\t<\/div>\n\t\t\t\t<div class=\"elementor-element elementor-element-5c50f097 elementor-widget elementor-widget-text-editor\" data-id=\"5c50f097\" data-element_type=\"widget\" data-e-type=\"widget\" data-widget_type=\"text-editor.default\">\n\t\t\t\t<div class=\"elementor-widget-container\">\n\t\t\t\t\t\t\t\t\t<p>Haga un Impacto Positivo en la Comunidad<\/p>\t\t\t\t\t\t\t\t<\/div>\n\t\t\t\t<\/div>\n\t\t\t\t<\/div>\n\t\t\t\t\t<\/div>\n\t\t\t\t<\/div>\n\t\t<div class=\"elementor-element elementor-element-741edc22 e-flex e-con-boxed e-con e-parent\" data-id=\"741edc22\" data-element_type=\"container\" data-e-type=\"container\">\n\t\t\t\t\t<div class=\"e-con-inner\">\n\t\t<div class=\"elementor-element elementor-element-95681dc e-con-full e-flex e-con e-child\" data-id=\"95681dc\" data-element_type=\"container\" data-e-type=\"container\">\n\t\t\t\t<div class=\"elementor-element elementor-element-451a18ca elementor-widget elementor-widget-text-editor\" data-id=\"451a18ca\" data-element_type=\"widget\" data-e-type=\"widget\" data-widget_type=\"text-editor.default\">\n\t\t\t\t<div class=\"elementor-widget-container\">\n\t\t\t\t\t\t\t\t\t<p>NOS PREOCUPA LA COMUNIDAD<\/p>\t\t\t\t\t\t\t\t<\/div>\n\t\t\t\t<\/div>\n\t\t\t\t<div class=\"elementor-element elementor-element-10573a1c elementor-widget elementor-widget-heading\" data-id=\"10573a1c\" data-element_type=\"widget\" data-e-type=\"widget\" data-widget_type=\"heading.default\">\n\t\t\t\t<div class=\"elementor-widget-container\">\n\t\t\t\t\t<h2 class=\"elementor-heading-title elementor-size-default\">Creemos en Retribuir a las Comunidades Donde Vivimos y Trabajamos<\/h2>\t\t\t\t<\/div>\n\t\t\t\t<\/div>\n\t\t\t\t<div class=\"elementor-element elementor-element-51a35b3d elementor-widget elementor-widget-text-editor\" data-id=\"51a35b3d\" data-element_type=\"widget\" data-e-type=\"widget\" data-widget_type=\"text-editor.default\">\n\t\t\t\t<div class=\"elementor-widget-container\">\n\t\t\t\t\t\t\t\t\t<p>Apoyamos a organizaciones cuyos valores se alinean con los nuestros y que trabajan para abordar el hambre, la vivienda, la atenci\u00f3n m\u00e9dica o la educaci\u00f3n en las \u00e1reas que servimos.<\/p><p>Consideramos cuidadosamente cada solicitud. Por favor, revise nuestras pautas antes de enviar su solicitud.<\/p>\t\t\t\t\t\t\t\t<\/div>\n\t\t\t\t<\/div>\n\t\t\t\t<\/div>\n\t\t<div class=\"elementor-element elementor-element-41c1dd8 e-con-full e-flex e-con e-child\" data-id=\"41c1dd8\" data-element_type=\"container\" data-e-type=\"container\">\n\t\t\t\t<div class=\"elementor-element elementor-element-b780d0d elementor-widget elementor-widget-image\" data-id=\"b780d0d\" data-element_type=\"widget\" data-e-type=\"widget\" data-widget_type=\"image.default\">\n\t\t\t\t<div class=\"elementor-widget-container\">\n\t\t\t\t\t\t\t\t\t\t\t\t\t\t\t<img fetchpriority=\"high\" decoding=\"async\" width=\"800\" height=\"534\" src=\"https:\/\/gfs.com\/wp-content\/uploads\/2025\/06\/Habitat-for-Humanity-Building-Inside-Group-1024x683.jpg\" class=\"attachment-large size-large wp-image-38392\" alt=\"\" srcset=\"https:\/\/gfs.com\/wp-content\/uploads\/2025\/06\/Habitat-for-Humanity-Building-Inside-Group-1024x683.jpg 1024w, https:\/\/gfs.com\/wp-content\/uploads\/2025\/06\/Habitat-for-Humanity-Building-Inside-Group-300x200.jpg 300w, https:\/\/gfs.com\/wp-content\/uploads\/2025\/06\/Habitat-for-Humanity-Building-Inside-Group-768x512.jpg 768w, https:\/\/gfs.com\/wp-content\/uploads\/2025\/06\/Habitat-for-Humanity-Building-Inside-Group-1536x1024.jpg 1536w, https:\/\/gfs.com\/wp-content\/uploads\/2025\/06\/Habitat-for-Humanity-Building-Inside-Group-18x12.jpg 18w, https:\/\/gfs.com\/wp-content\/uploads\/2025\/06\/Habitat-for-Humanity-Building-Inside-Group.jpg 2048w\" sizes=\"(max-width: 800px) 100vw, 800px\" \/>\t\t\t\t\t\t\t\t\t\t\t\t\t\t\t<\/div>\n\t\t\t\t<\/div>\n\t\t\t\t<\/div>\n\t\t\t\t\t<\/div>\n\t\t\t\t<\/div>\n\t\t<div class=\"elementor-element elementor-element-567d968 e-flex e-con-boxed e-con e-parent\" data-id=\"567d968\" data-element_type=\"container\" data-e-type=\"container\" data-settings=\"{&quot;background_background&quot;:&quot;classic&quot;}\">\n\t\t\t\t\t<div class=\"e-con-inner\">\n\t\t\t\t<div class=\"elementor-element elementor-element-9e554a3 elementor-widget elementor-widget-heading\" data-id=\"9e554a3\" data-element_type=\"widget\" data-e-type=\"widget\" data-widget_type=\"heading.default\">\n\t\t\t\t<div class=\"elementor-widget-container\">\n\t\t\t\t\t<h2 class=\"elementor-heading-title elementor-size-default\">Env\u00edo de una Solicitud<\/h2>\t\t\t\t<\/div>\n\t\t\t\t<\/div>\n\t\t\t\t<div class=\"elementor-element elementor-element-8fbec68 elementor-widget elementor-widget-text-editor\" data-id=\"8fbec68\" data-element_type=\"widget\" data-e-type=\"widget\" data-widget_type=\"text-editor.default\">\n\t\t\t\t<div class=\"elementor-widget-container\">\n\t\t\t\t\t\t\t\t\t<p>Hay dos opciones para enviar solicitudes de donaci\u00f3n o patrocinio:<\/p>\t\t\t\t\t\t\t\t<\/div>\n\t\t\t\t<\/div>\n\t\t<div class=\"elementor-element elementor-element-7581b8c e-grid e-con-full e-con e-child\" data-id=\"7581b8c\" data-element_type=\"container\" data-e-type=\"container\">\n\t\t<div class=\"elementor-element elementor-element-224be7b e-con-full e-flex e-con e-child\" data-id=\"224be7b\" data-element_type=\"container\" data-e-type=\"container\" data-settings=\"{&quot;background_background&quot;:&quot;classic&quot;}\">\n\t\t\t\t<div class=\"elementor-element elementor-element-fe22f55 elementor-widget elementor-widget-heading\" data-id=\"fe22f55\" data-element_type=\"widget\" data-e-type=\"widget\" data-widget_type=\"heading.default\">\n\t\t\t\t<div class=\"elementor-widget-container\">\n\t\t\t\t\t<h2 class=\"elementor-heading-title elementor-size-default\">Pautas de Donaci\u00f3n y Patrocinio<\/h2>\t\t\t\t<\/div>\n\t\t\t\t<\/div>\n\t\t\t\t<div class=\"elementor-element elementor-element-65497d7 elementor-widget elementor-widget-text-editor\" data-id=\"65497d7\" data-element_type=\"widget\" data-e-type=\"widget\" data-widget_type=\"text-editor.default\">\n\t\t\t\t<div class=\"elementor-widget-container\">\n\t\t\t\t\t\t\t\t\t<p>Las organizaciones deben operar dentro de nuestra huella de tiendas o distribuci\u00f3n.<\/p><p>Las organizaciones est\u00e1n limitadas a una donaci\u00f3n por a\u00f1o.<\/p><p>Las solicitudes de eventos deportivos deben ser para la recaudaci\u00f3n de fondos de una organizaci\u00f3n.<\/p><p>Por favor, permita 3 semanas para recibir una respuesta. Si el evento es en menos de tres semanas, no podemos revisar la solicitud.<\/p><p>Si envi\u00f3 su solicitud con una direcci\u00f3n de correo electr\u00f3nico, es posible que deba revisar su carpeta de spam para ver si hay una respuesta.<\/p><p>No son necesarios recibos de donaci\u00f3n para ninguna donaci\u00f3n valorada en menos de $500.<\/p>\t\t\t\t\t\t\t\t<\/div>\n\t\t\t\t<\/div>\n\t\t\t\t<\/div>\n\t\t<div class=\"elementor-element elementor-element-00e9093 e-con-full e-flex e-con e-child\" data-id=\"00e9093\" data-element_type=\"container\" data-e-type=\"container\" data-settings=\"{&quot;background_background&quot;:&quot;classic&quot;}\">\n\t\t\t\t<div class=\"elementor-element elementor-element-87d90fc elementor-widget elementor-widget-heading\" data-id=\"87d90fc\" data-element_type=\"widget\" data-e-type=\"widget\" data-widget_type=\"heading.default\">\n\t\t\t\t<div class=\"elementor-widget-container\">\n\t\t\t\t\t<h2 class=\"elementor-heading-title elementor-size-default\">En l\u00ednea - Preferido<\/h2>\t\t\t\t<\/div>\n\t\t\t\t<\/div>\n\t\t\t\t<div class=\"elementor-element elementor-element-6fd633d elementor-widget elementor-widget-text-editor\" data-id=\"6fd633d\" data-element_type=\"widget\" data-e-type=\"widget\" data-widget_type=\"text-editor.default\">\n\t\t\t\t<div class=\"elementor-widget-container\">\n\t\t\t\t\t\t\t\t\t<p class=\"translation-block\">La solicitud de donaci\u00f3n en l\u00ednea est\u00e1 <a href=\"https:\/\/docs.google.com\/forms\/d\/e\/1FAIpQLScWhjPdrzBRcXQp6aqRbypK7CC4jxh1x8DQQy4ZG4jVxub08g\/viewform\" target=\"_self\">disponible aqu\u00ed.<\/a><\/p><p class=\"translation-block\">Por favor, permita tres semanas para que su solicitud sea procesada. Una vez que se tome una decisi\u00f3n, se le notificar\u00e1 por correo electr\u00f3nico. Si tiene preguntas adicionales, puede enviar una consulta a <a href=\"mailto:donationrequest@gfs.com\" target=\"_self\">donationrequest@gfs.com<\/a><\/p>\t\t\t\t\t\t\t\t<\/div>\n\t\t\t\t<\/div>\n\t\t\t\t<\/div>\n\t\t<div class=\"elementor-element elementor-element-197a33e e-con-full e-flex e-con e-child\" data-id=\"197a33e\" data-element_type=\"container\" data-e-type=\"container\" data-settings=\"{&quot;background_background&quot;:&quot;classic&quot;}\">\n\t\t\t\t<div class=\"elementor-element elementor-element-2da1e8b elementor-widget elementor-widget-heading\" data-id=\"2da1e8b\" data-element_type=\"widget\" data-e-type=\"widget\" data-widget_type=\"heading.default\">\n\t\t\t\t<div class=\"elementor-widget-container\">\n\t\t\t\t\t<h2 class=\"elementor-heading-title elementor-size-default\">Correo Postal de EE. UU.<\/h2>\t\t\t\t<\/div>\n\t\t\t\t<\/div>\n\t\t\t\t<div class=\"elementor-element elementor-element-76cd188 elementor-widget elementor-widget-text-editor\" data-id=\"76cd188\" data-element_type=\"widget\" data-e-type=\"widget\" data-widget_type=\"text-editor.default\">\n\t\t\t\t<div class=\"elementor-widget-container\">\n\t\t\t\t\t\t\t\t\t<p>Env\u00ede su solicitud por escrito por correo postal de EE. UU. a:<\/p><h6>COMIT\u00c9 DE DONACIONES<\/h6><p>Gordon Food Service, Inc.<\/p><p>PO Box 1787<\/p><p>Grand Rapids, MI 49501<\/p><p class=\"translation-block\">Los tiempos de recepci\u00f3n de la entrega de correo pueden variar. Se prefieren las solicitudes en l\u00ednea a trav\u00e9s de nuestro <a href=\"https:\/\/docs.google.com\/forms\/d\/e\/1FAIpQLScWhjPdrzBRcXQp6aqRbypK7CC4jxh1x8DQQy4ZG4jVxub08g\/viewform\" target=\"_blank\" rel=\"noopener\">formulario<\/a> para agilizar su solicitud lo m\u00e1s r\u00e1pido posible. Al solicitar una donaci\u00f3n para el evento de una organizaci\u00f3n, por favor env\u00ede la solicitud en papel con membrete que debe incluir su direcci\u00f3n postal de EE. UU.\n<br><span style=\"text-decoration: underline\">\nDEBE INCLUIR UNA DIRECCI\u00d3N DE CORREO ELECTR\u00d3NICO. LAS RESPUESTAS SE ENV\u00cdAN POR CORREO ELECTR\u00d3NICO<\/span><\/em><\/p>\t\t\t\t\t\t\t\t<\/div>\n\t\t\t\t<\/div>\n\t\t\t\t<\/div>\n\t\t\t\t<\/div>\n\t\t\t\t<div class=\"elementor-element elementor-element-133d529 elementor-widget elementor-widget-text-editor\" data-id=\"133d529\" data-element_type=\"widget\" data-e-type=\"widget\" data-widget_type=\"text-editor.default\">\n\t\t\t\t<div class=\"elementor-widget-container\">\n\t\t\t\t\t\t\t\t\t<p class=\"translation-block\">Por favor, permita tres semanas para que su solicitud sea procesada. Una vez que se tome una decisi\u00f3n, se le notificar\u00e1 por correo electr\u00f3nico. Si tiene preguntas adicionales, puede enviar una consulta a <a href=\"mailto:donationrequest@gfs.com\" target=\"_self\">donationrequest@gfs.com<\/a><\/p>\t\t\t\t\t\t\t\t<\/div>\n\t\t\t\t<\/div>\n\t\t\t\t\t<\/div>\n\t\t\t\t<\/div>\n\t\t\t\t<\/div>","protected":false},"excerpt":{"rendered":"<p>Donations &amp; Sponsorships Making a Positive Impact in the Community WE CARE ABOUT THE COMMUNITY We Believe in Giving Back to the Communities Where We Live and Work We support organizations whose values align with ours and those who are working to address hunger, housing, healthcare or education in the areas we serve. We carefully [&hellip;]<\/p>\n","protected":false},"author":19,"featured_media":38390,"parent":2974,"menu_order":0,"comment_status":"closed","ping_status":"closed","template":"","meta":{"_acf_changed":false,"footnotes":""},"class_list":["post-9456","page","type-page","status-publish","has-post-thumbnail","hentry"],"acf":[],"yoast_head":"<!-- This site is optimized with the Yoast SEO Premium plugin v22.9 (Yoast SEO v27.2) - https:\/\/yoast.com\/product\/yoast-seo-premium-wordpress\/ -->\n<title>Donations &amp; Sponsorships | Gordon Food Service<\/title>\n<meta name=\"description\" content=\"Community support opportunities is key to our mission. Learn how we actively support initiatives driving innovation and sustainability in our communities.\" \/>\n<meta name=\"robots\" content=\"index, follow, max-snippet:-1, max-image-preview:large, max-video-preview:-1\" \/>\n<link rel=\"canonical\" href=\"https:\/\/gfs.com\/es-us\/sobre-nosotros\/donaciones\/\" \/>\n<meta property=\"og:locale\" content=\"es_ES\" \/>\n<meta property=\"og:type\" content=\"article\" \/>\n<meta property=\"og:title\" content=\"Donations &amp; Sponsorships\" \/>\n<meta property=\"og:description\" content=\"Community support opportunities is key to our mission. Learn how we actively support initiatives driving innovation and sustainability in our communities.\" \/>\n<meta property=\"og:url\" content=\"https:\/\/gfs.com\/es-us\/sobre-nosotros\/donaciones\/\" \/>\n<meta property=\"og:site_name\" content=\"Gordon Food Service\" \/>\n<meta property=\"article:publisher\" content=\"https:\/\/www.facebook.com\/GordonFoodService\/\" \/>\n<meta property=\"article:modified_time\" content=\"2026-03-16T18:55:54+00:00\" \/>\n<meta property=\"og:image\" content=\"https:\/\/gfs.com\/wp-content\/uploads\/2025\/06\/Ohio-Volunteer-Group.webp\" \/>\n\t<meta property=\"og:image:width\" content=\"1920\" \/>\n\t<meta property=\"og:image:height\" content=\"1082\" \/>\n\t<meta property=\"og:image:type\" content=\"image\/webp\" \/>\n<meta name=\"twitter:card\" content=\"summary_large_image\" \/>\n<meta name=\"twitter:site\" content=\"@GFSDelivers\" \/>\n<meta name=\"twitter:label1\" content=\"Est. reading time\" \/>\n\t<meta name=\"twitter:data1\" content=\"2 minutes\" \/>\n<!-- \/ Yoast SEO Premium plugin. -->","yoast_head_json":{"title":"Donations &amp; Sponsorships | Gordon Food Service","description":"Community support opportunities is key to our mission. Learn how we actively support initiatives driving innovation and sustainability in our communities.","robots":{"index":"index","follow":"follow","max-snippet":"max-snippet:-1","max-image-preview":"max-image-preview:large","max-video-preview":"max-video-preview:-1"},"canonical":"https:\/\/gfs.com\/es-us\/sobre-nosotros\/donaciones\/","og_locale":"es_ES","og_type":"article","og_title":"Donations &amp; Sponsorships","og_description":"Community support opportunities is key to our mission. Learn how we actively support initiatives driving innovation and sustainability in our communities.","og_url":"https:\/\/gfs.com\/es-us\/sobre-nosotros\/donaciones\/","og_site_name":"Gordon Food Service","article_publisher":"https:\/\/www.facebook.com\/GordonFoodService\/","article_modified_time":"2026-03-16T18:55:54+00:00","og_image":[{"width":1920,"height":1082,"url":"https:\/\/gfs.com\/wp-content\/uploads\/2025\/06\/Ohio-Volunteer-Group.webp","type":"image\/webp"}],"twitter_card":"summary_large_image","twitter_site":"@GFSDelivers","twitter_misc":{"Est. reading time":"2 minutes"},"schema":{"@context":"https:\/\/schema.org","@graph":[{"@type":"WebPage","@id":"https:\/\/gfs.com\/en-us\/about-us\/donations\/","url":"https:\/\/gfs.com\/en-us\/about-us\/donations\/","name":"Donations &amp; Sponsorships | Gordon Food Service","isPartOf":{"@id":"https:\/\/gfs.com\/en-us\/#website"},"primaryImageOfPage":{"@id":"https:\/\/gfs.com\/en-us\/about-us\/donations\/#primaryimage"},"image":{"@id":"https:\/\/gfs.com\/en-us\/about-us\/donations\/#primaryimage"},"thumbnailUrl":"https:\/\/gfs.com\/wp-content\/uploads\/2025\/06\/Ohio-Volunteer-Group.webp","datePublished":"2022-08-29T16:16:19+00:00","dateModified":"2026-03-16T18:55:54+00:00","description":"Community support opportunities is key to our mission. Learn how we actively support initiatives driving innovation and sustainability in our communities.","breadcrumb":{"@id":"https:\/\/gfs.com\/en-us\/about-us\/donations\/#breadcrumb"},"inLanguage":"es-US","potentialAction":[{"@type":"ReadAction","target":["https:\/\/gfs.com\/en-us\/about-us\/donations\/"]}]},{"@type":"ImageObject","inLanguage":"es-US","@id":"https:\/\/gfs.com\/en-us\/about-us\/donations\/#primaryimage","url":"https:\/\/gfs.com\/wp-content\/uploads\/2025\/06\/Ohio-Volunteer-Group.webp","contentUrl":"https:\/\/gfs.com\/wp-content\/uploads\/2025\/06\/Ohio-Volunteer-Group.webp","width":1920,"height":1082},{"@type":"BreadcrumbList","@id":"https:\/\/gfs.com\/en-us\/about-us\/donations\/#breadcrumb","itemListElement":[{"@type":"ListItem","position":1,"name":"Home","item":"https:\/\/gfs.com\/en-us\/"},{"@type":"ListItem","position":2,"name":"About Us","item":"https:\/\/gfs.com\/en-us\/about-us\/"},{"@type":"ListItem","position":3,"name":"Donations &amp; Sponsorships"}]},{"@type":"WebSite","@id":"https:\/\/gfs.com\/en-us\/#website","url":"https:\/\/gfs.com\/en-us\/","name":"Gordon Food Service","description":"","publisher":{"@id":"https:\/\/gfs.com\/en-us\/#organization"},"potentialAction":[{"@type":"SearchAction","target":{"@type":"EntryPoint","urlTemplate":"https:\/\/gfs.com\/en-us\/?s={search_term_string}"},"query-input":{"@type":"PropertyValueSpecification","valueRequired":true,"valueName":"search_term_string"}}],"inLanguage":"es-US"},{"@type":"Organization","@id":"https:\/\/gfs.com\/en-us\/#organization","name":"Gordon Food Service","url":"https:\/\/gfs.com\/en-us\/","logo":{"@type":"ImageObject","inLanguage":"es-US","@id":"https:\/\/gfs.com\/en-us\/#\/schema\/logo\/image\/","url":"https:\/\/gfs.com\/wp-content\/uploads\/2023\/02\/GordonFoodService_Logo_RGB.png","contentUrl":"https:\/\/gfs.com\/wp-content\/uploads\/2023\/02\/GordonFoodService_Logo_RGB.png","width":628,"height":210,"caption":"Gordon Food Service"},"image":{"@id":"https:\/\/gfs.com\/en-us\/#\/schema\/logo\/image\/"},"sameAs":["https:\/\/www.facebook.com\/GordonFoodService\/","https:\/\/x.com\/GFSDelivers","https:\/\/www.instagram.com\/gordonfoodservice\/","https:\/\/www.youtube.com\/@GFSDelivers","https:\/\/www.linkedin.com\/company\/gordon-food-service\/"]}]}},"_links":{"self":[{"href":"https:\/\/gfs.com\/es-us\/wp-json\/wp\/v2\/pages\/9456","targetHints":{"allow":["GET"]}}],"collection":[{"href":"https:\/\/gfs.com\/es-us\/wp-json\/wp\/v2\/pages"}],"about":[{"href":"https:\/\/gfs.com\/es-us\/wp-json\/wp\/v2\/types\/page"}],"author":[{"embeddable":true,"href":"https:\/\/gfs.com\/es-us\/wp-json\/wp\/v2\/users\/19"}],"replies":[{"embeddable":true,"href":"https:\/\/gfs.com\/es-us\/wp-json\/wp\/v2\/comments?post=9456"}],"version-history":[{"count":49,"href":"https:\/\/gfs.com\/es-us\/wp-json\/wp\/v2\/pages\/9456\/revisions"}],"predecessor-version":[{"id":44372,"href":"https:\/\/gfs.com\/es-us\/wp-json\/wp\/v2\/pages\/9456\/revisions\/44372"}],"up":[{"embeddable":true,"href":"https:\/\/gfs.com\/es-us\/wp-json\/wp\/v2\/pages\/2974"}],"wp:featuredmedia":[{"embeddable":true,"href":"https:\/\/gfs.com\/es-us\/wp-json\/wp\/v2\/media\/38390"}],"wp:attachment":[{"href":"https:\/\/gfs.com\/es-us\/wp-json\/wp\/v2\/media?parent=9456"}],"curies":[{"name":"wp","href":"https:\/\/api.w.org\/{rel}","templated":true}]}}