{"id":7490,"date":"2022-08-19T15:45:38","date_gmt":"2022-08-19T20:45:38","guid":{"rendered":"https:\/\/live-gordon-food-service.pantheonsite.io\/?page_id=7490"},"modified":"2025-11-25T09:27:22","modified_gmt":"2025-11-25T14:27:22","slug":"hojas-de-datos-de-seguridad","status":"publish","type":"page","link":"https:\/\/gfs.com\/es-us\/safety-data-sheets\/","title":{"rendered":"Hojas de Datos de Seguridad"},"content":{"rendered":"<div data-elementor-type=\"wp-page\" data-elementor-id=\"7490\" class=\"elementor elementor-7490\" data-elementor-post-type=\"page\">\n\t\t\t\t<div class=\"elementor-element elementor-element-3e368d0 e-flex e-con-boxed e-con e-parent\" data-id=\"3e368d0\" data-element_type=\"container\" data-e-type=\"container\" data-settings=\"{&quot;background_background&quot;:&quot;classic&quot;}\">\n\t\t\t\t\t<div class=\"e-con-inner\">\n\t\t<div class=\"elementor-element elementor-element-6a11486 e-con-full e-flex e-con e-child\" data-id=\"6a11486\" data-element_type=\"container\" data-e-type=\"container\">\n\t\t\t\t<div class=\"elementor-element elementor-element-401a1a2 elementor-widget__width-inherit elementor-widget elementor-widget-heading\" data-id=\"401a1a2\" data-element_type=\"widget\" data-e-type=\"widget\" data-widget_type=\"heading.default\">\n\t\t\t\t<div class=\"elementor-widget-container\">\n\t\t\t\t\t<h1 class=\"elementor-heading-title elementor-size-default\">Hojas de Datos de Seguridad<\/h1>\t\t\t\t<\/div>\n\t\t\t\t<\/div>\n\t\t\t\t<div class=\"elementor-element elementor-element-586812e elementor-widget__width-inherit elementor-widget elementor-widget-text-editor\" data-id=\"586812e\" data-element_type=\"widget\" data-e-type=\"widget\" data-widget_type=\"text-editor.default\">\n\t\t\t\t<div class=\"elementor-widget-container\">\n\t\t\t\t\t\t\t\t\t<p class=\"translation-block\"><strong>Para encontrar un documento<\/strong>, ingrese el n\u00famero de reorden del producto en nuestra p\u00e1gina de b\u00fasqueda de SDS.<\/p>\t\t\t\t\t\t\t\t<\/div>\n\t\t\t\t<\/div>\n\t\t\t\t<div class=\"elementor-element elementor-element-498d5ea elementor-align-left elementor-widget elementor-widget-button\" data-id=\"498d5ea\" data-element_type=\"widget\" data-e-type=\"widget\" data-widget_type=\"button.default\">\n\t\t\t\t<div class=\"elementor-widget-container\">\n\t\t\t\t\t\t\t\t\t<div class=\"elementor-button-wrapper\">\n\t\t\t\t\t<a class=\"elementor-button elementor-button-link elementor-size-sm\" href=\"https:\/\/www.3eonline.com\/EeeOnlinePortal\/DesktopDefault.aspx?id=v0ABhYsSLwHAX3lV8EaLpv5fIw0WaFVffG9GZ2Bc44DE9yP2TsikFyD0sClzLr8HqUZ%2f0oGBqY0cPfJqDyqX%2bg%3d%3d\" target=\"_blank\">\n\t\t\t\t\t\t<span class=\"elementor-button-content-wrapper\">\n\t\t\t\t\t\t\t\t\t<span class=\"elementor-button-text\">Buscar Ahora<\/span>\n\t\t\t\t\t<\/span>\n\t\t\t\t\t<\/a>\n\t\t\t\t<\/div>\n\t\t\t\t\t\t\t\t<\/div>\n\t\t\t\t<\/div>\n\t\t\t\t<div class=\"elementor-element elementor-element-aac9097 elementor-widget elementor-widget-heading\" data-id=\"aac9097\" data-element_type=\"widget\" data-e-type=\"widget\" data-widget_type=\"heading.default\">\n\t\t\t\t<div class=\"elementor-widget-container\">\n\t\t\t\t\t<h2 class=\"elementor-heading-title elementor-size-default\">Acerca del Sistema Globalmente Armonizado<\/h2>\t\t\t\t<\/div>\n\t\t\t\t<\/div>\n\t\t\t\t<div class=\"elementor-element elementor-element-32b747a elementor-widget__width-inherit elementor-widget elementor-widget-text-editor\" data-id=\"32b747a\" data-element_type=\"widget\" data-e-type=\"widget\" data-widget_type=\"text-editor.default\">\n\t\t\t\t<div class=\"elementor-widget-container\">\n\t\t\t\t\t\t\t\t\t<p>El Sistema Globalmente Armonizado (SGA) es un sistema para estandarizar la clasificaci\u00f3n y el etiquetado de productos qu\u00edmicos. Fue dise\u00f1ado por las Naciones Unidas y adoptado por OSHA en 2012. A trav\u00e9s de este sistema, los empleadores deben capacitar a los empleados sobre los nuevos elementos de etiquetado y el formato de la hoja de datos de seguridad (SDS) antes del 1 de diciembre de 2013. Consulte los videos a continuaci\u00f3n para obtener informaci\u00f3n sobre algunos de los cambios clave:<\/p><ul><li><a href=\"http:\/\/youtu.be\/vCI7XXExs7s\" rel=\"noreferrer\">Comprensi\u00f3n de las Hojas de Datos de Seguridad del SGA (Tutorial de Capacitaci\u00f3n de OSHA)<\/a><\/li><li><a href=\"http:\/\/youtu.be\/RvQNf1Y7E84\" rel=\"noreferrer\">Comprensi\u00f3n del Sistema de Etiquetado del SGA (Tutorial de Capacitaci\u00f3n de OSHA)<\/a><\/li><\/ul>\t\t\t\t\t\t\t\t<\/div>\n\t\t\t\t<\/div>\n\t\t\t\t<div class=\"elementor-element elementor-element-44b67fb elementor-widget elementor-widget-heading\" data-id=\"44b67fb\" data-element_type=\"widget\" data-e-type=\"widget\" data-widget_type=\"heading.default\">\n\t\t\t\t<div class=\"elementor-widget-container\">\n\t\t\t\t\t<h2 class=\"elementor-heading-title elementor-size-default\">Array<\/h2>\t\t\t\t<\/div>\n\t\t\t\t<\/div>\n\t\t\t\t<div class=\"elementor-element elementor-element-238092a elementor-widget__width-inherit elementor-widget elementor-widget-text-editor\" data-id=\"238092a\" data-element_type=\"widget\" data-e-type=\"widget\" data-widget_type=\"text-editor.default\">\n\t\t\t\t<div class=\"elementor-widget-container\">\n\t\t\t\t\t\t\t\t\tArray ofrece una gama completa de productos de limpieza, convenientemente organizados por c\u00f3digos de colores. Adem\u00e1s, ofrecemos un sistema de limpieza de alto rendimiento para usar con sus productos Array que ayudar\u00e1 a que su operaci\u00f3n de servicio de alimentos brille.\t\t\t\t\t\t\t\t<\/div>\n\t\t\t\t<\/div>\n\t\t\t\t<div class=\"elementor-element elementor-element-5132806 elementor-align-left elementor-widget elementor-widget-button\" data-id=\"5132806\" data-element_type=\"widget\" data-e-type=\"widget\" data-widget_type=\"button.default\">\n\t\t\t\t<div class=\"elementor-widget-container\">\n\t\t\t\t\t\t\t\t\t<div class=\"elementor-button-wrapper\">\n\t\t\t\t\t<a class=\"elementor-button elementor-button-link elementor-size-sm\" href=\"https:\/\/gfs.com\/es-us\/products\/our-brands\/array\/\">\n\t\t\t\t\t\t<span class=\"elementor-button-content-wrapper\">\n\t\t\t\t\t\t\t\t\t<span class=\"elementor-button-text\">Obtenga M\u00e1s Informaci\u00f3n Sobre Array<\/span>\n\t\t\t\t\t<\/span>\n\t\t\t\t\t<\/a>\n\t\t\t\t<\/div>\n\t\t\t\t\t\t\t\t<\/div>\n\t\t\t\t<\/div>\n\t\t\t\t<\/div>\n\t\t\t\t\t<\/div>\n\t\t\t\t<\/div>\n\t\t\t\t<\/div>","protected":false},"excerpt":{"rendered":"<p>Safety Data Sheets To find a document, enter the reorder number of the product&nbsp;on our SDS search page. Search Now About Globally Harmonized System The Globally Harmonized System (GHS) is a system for standardizing the classification and labeling of chemicals. It was designed by the United Nations and adopted by OSHA in 2012. Through this [&hellip;]<\/p>\n","protected":false},"author":19,"featured_media":41777,"parent":0,"menu_order":0,"comment_status":"closed","ping_status":"closed","template":"","meta":{"_acf_changed":false,"footnotes":""},"class_list":["post-7490","page","type-page","status-publish","has-post-thumbnail","hentry"],"acf":[],"yoast_head":"<!-- This site is optimized with the Yoast SEO Premium plugin v22.9 (Yoast SEO v27.2) - https:\/\/yoast.com\/product\/yoast-seo-premium-wordpress\/ -->\n<title>Safety Data Sheets | Gordon Food Service<\/title>\n<meta name=\"description\" content=\"Foodservice safety data sheets (SDS): Instantly access official documentation for commercial products to ensure operational safety and maintain full regulatory compliance.\" \/>\n<meta name=\"robots\" content=\"index, follow, max-snippet:-1, max-image-preview:large, max-video-preview:-1\" \/>\n<link rel=\"canonical\" href=\"https:\/\/gfs.com\/es-us\/hojas-de-datos-de-seguridad\/\" \/>\n<meta property=\"og:locale\" content=\"es_ES\" \/>\n<meta property=\"og:type\" content=\"article\" \/>\n<meta property=\"og:title\" content=\"Safety Data Sheets\" \/>\n<meta property=\"og:description\" content=\"Foodservice safety data sheets (SDS): Instantly access official documentation for commercial products to ensure operational safety and maintain full regulatory compliance.\" \/>\n<meta property=\"og:url\" content=\"https:\/\/gfs.com\/es-us\/hojas-de-datos-de-seguridad\/\" \/>\n<meta property=\"og:site_name\" content=\"Gordon Food Service\" \/>\n<meta property=\"article:publisher\" content=\"https:\/\/www.facebook.com\/GordonFoodService\/\" \/>\n<meta property=\"article:modified_time\" content=\"2025-11-25T14:27:22+00:00\" \/>\n<meta property=\"og:image\" content=\"https:\/\/gfs.com\/wp-content\/uploads\/2025\/10\/Gordon-Food-Service-1.png\" \/>\n\t<meta property=\"og:image:width\" content=\"940\" \/>\n\t<meta property=\"og:image:height\" content=\"600\" \/>\n\t<meta property=\"og:image:type\" content=\"image\/png\" \/>\n<meta name=\"twitter:card\" content=\"summary_large_image\" \/>\n<meta name=\"twitter:site\" content=\"@GFSDelivers\" \/>\n<meta name=\"twitter:label1\" content=\"Est. reading time\" \/>\n\t<meta name=\"twitter:data1\" content=\"1 minute\" \/>\n<!-- \/ Yoast SEO Premium plugin. -->","yoast_head_json":{"title":"Safety Data Sheets | Gordon Food Service","description":"Foodservice safety data sheets (SDS): Instantly access official documentation for commercial products to ensure operational safety and maintain full regulatory compliance.","robots":{"index":"index","follow":"follow","max-snippet":"max-snippet:-1","max-image-preview":"max-image-preview:large","max-video-preview":"max-video-preview:-1"},"canonical":"https:\/\/gfs.com\/es-us\/hojas-de-datos-de-seguridad\/","og_locale":"es_ES","og_type":"article","og_title":"Safety Data Sheets","og_description":"Foodservice safety data sheets (SDS): Instantly access official documentation for commercial products to ensure operational safety and maintain full regulatory compliance.","og_url":"https:\/\/gfs.com\/es-us\/hojas-de-datos-de-seguridad\/","og_site_name":"Gordon Food Service","article_publisher":"https:\/\/www.facebook.com\/GordonFoodService\/","article_modified_time":"2025-11-25T14:27:22+00:00","og_image":[{"width":940,"height":600,"url":"https:\/\/gfs.com\/wp-content\/uploads\/2025\/10\/Gordon-Food-Service-1.png","type":"image\/png"}],"twitter_card":"summary_large_image","twitter_site":"@GFSDelivers","twitter_misc":{"Est. reading time":"1 minute"},"schema":{"@context":"https:\/\/schema.org","@graph":[{"@type":"WebPage","@id":"https:\/\/gfs.com\/en-us\/safety-data-sheets\/","url":"https:\/\/gfs.com\/en-us\/safety-data-sheets\/","name":"Safety Data Sheets | Gordon Food Service","isPartOf":{"@id":"https:\/\/gfs.com\/en-us\/#website"},"primaryImageOfPage":{"@id":"https:\/\/gfs.com\/en-us\/safety-data-sheets\/#primaryimage"},"image":{"@id":"https:\/\/gfs.com\/en-us\/safety-data-sheets\/#primaryimage"},"thumbnailUrl":"https:\/\/gfs.com\/wp-content\/uploads\/2025\/10\/Gordon-Food-Service-1.png","datePublished":"2022-08-19T20:45:38+00:00","dateModified":"2025-11-25T14:27:22+00:00","description":"Foodservice safety data sheets (SDS): Instantly access official documentation for commercial products to ensure operational safety and maintain full regulatory compliance.","breadcrumb":{"@id":"https:\/\/gfs.com\/en-us\/safety-data-sheets\/#breadcrumb"},"inLanguage":"es-US","potentialAction":[{"@type":"ReadAction","target":["https:\/\/gfs.com\/en-us\/safety-data-sheets\/"]}]},{"@type":"ImageObject","inLanguage":"es-US","@id":"https:\/\/gfs.com\/en-us\/safety-data-sheets\/#primaryimage","url":"https:\/\/gfs.com\/wp-content\/uploads\/2025\/10\/Gordon-Food-Service-1.png","contentUrl":"https:\/\/gfs.com\/wp-content\/uploads\/2025\/10\/Gordon-Food-Service-1.png","width":940,"height":600},{"@type":"BreadcrumbList","@id":"https:\/\/gfs.com\/en-us\/safety-data-sheets\/#breadcrumb","itemListElement":[{"@type":"ListItem","position":1,"name":"Home","item":"https:\/\/gfs.com\/en-us\/"},{"@type":"ListItem","position":2,"name":"Safety Data Sheets"}]},{"@type":"WebSite","@id":"https:\/\/gfs.com\/en-us\/#website","url":"https:\/\/gfs.com\/en-us\/","name":"Gordon Food Service","description":"","publisher":{"@id":"https:\/\/gfs.com\/en-us\/#organization"},"potentialAction":[{"@type":"SearchAction","target":{"@type":"EntryPoint","urlTemplate":"https:\/\/gfs.com\/en-us\/?s={search_term_string}"},"query-input":{"@type":"PropertyValueSpecification","valueRequired":true,"valueName":"search_term_string"}}],"inLanguage":"es-US"},{"@type":"Organization","@id":"https:\/\/gfs.com\/en-us\/#organization","name":"Gordon Food Service","url":"https:\/\/gfs.com\/en-us\/","logo":{"@type":"ImageObject","inLanguage":"es-US","@id":"https:\/\/gfs.com\/en-us\/#\/schema\/logo\/image\/","url":"https:\/\/gfs.com\/wp-content\/uploads\/2023\/02\/GordonFoodService_Logo_RGB.png","contentUrl":"https:\/\/gfs.com\/wp-content\/uploads\/2023\/02\/GordonFoodService_Logo_RGB.png","width":628,"height":210,"caption":"Gordon Food Service"},"image":{"@id":"https:\/\/gfs.com\/en-us\/#\/schema\/logo\/image\/"},"sameAs":["https:\/\/www.facebook.com\/GordonFoodService\/","https:\/\/x.com\/GFSDelivers","https:\/\/www.instagram.com\/gordonfoodservice\/","https:\/\/www.youtube.com\/@GFSDelivers","https:\/\/www.linkedin.com\/company\/gordon-food-service\/"]}]}},"_links":{"self":[{"href":"https:\/\/gfs.com\/es-us\/wp-json\/wp\/v2\/pages\/7490","targetHints":{"allow":["GET"]}}],"collection":[{"href":"https:\/\/gfs.com\/es-us\/wp-json\/wp\/v2\/pages"}],"about":[{"href":"https:\/\/gfs.com\/es-us\/wp-json\/wp\/v2\/types\/page"}],"author":[{"embeddable":true,"href":"https:\/\/gfs.com\/es-us\/wp-json\/wp\/v2\/users\/19"}],"replies":[{"embeddable":true,"href":"https:\/\/gfs.com\/es-us\/wp-json\/wp\/v2\/comments?post=7490"}],"version-history":[{"count":9,"href":"https:\/\/gfs.com\/es-us\/wp-json\/wp\/v2\/pages\/7490\/revisions"}],"predecessor-version":[{"id":43402,"href":"https:\/\/gfs.com\/es-us\/wp-json\/wp\/v2\/pages\/7490\/revisions\/43402"}],"wp:featuredmedia":[{"embeddable":true,"href":"https:\/\/gfs.com\/es-us\/wp-json\/wp\/v2\/media\/41777"}],"wp:attachment":[{"href":"https:\/\/gfs.com\/es-us\/wp-json\/wp\/v2\/media?parent=7490"}],"curies":[{"name":"wp","href":"https:\/\/api.w.org\/{rel}","templated":true}]}}