{"id":42931,"date":"2025-11-07T10:12:09","date_gmt":"2025-11-07T15:12:09","guid":{"rendered":"https:\/\/gfs.com\/?page_id=42931"},"modified":"2025-11-07T10:15:36","modified_gmt":"2025-11-07T15:15:36","slug":"calculadora-de-recetas","status":"publish","type":"page","link":"https:\/\/gfs.com\/es-us\/products-services\/technology-solutions\/recipe-calculator-2\/","title":{"rendered":"Calculadora de Recetas"},"content":{"rendered":"<div data-elementor-type=\"wp-page\" data-elementor-id=\"42931\" class=\"elementor elementor-42931\" data-elementor-post-type=\"page\">\n\t\t\t\t<div class=\"elementor-element elementor-element-15fbf4d3 e-flex e-con-boxed e-con e-parent\" data-id=\"15fbf4d3\" data-element_type=\"container\" data-e-type=\"container\" data-settings=\"{&quot;background_background&quot;:&quot;classic&quot;}\">\n\t\t\t\t\t<div class=\"e-con-inner\">\n\t\t<div class=\"elementor-element elementor-element-45f5c560 e-con-full e-flex e-con e-child\" data-id=\"45f5c560\" data-element_type=\"container\" data-e-type=\"container\">\n\t\t\t\t<div class=\"elementor-element elementor-element-2083ca91 elementor-widget elementor-widget-heading\" data-id=\"2083ca91\" data-element_type=\"widget\" data-e-type=\"widget\" data-widget_type=\"heading.default\">\n\t\t\t\t<div class=\"elementor-widget-container\">\n\t\t\t\t\t<h2 class=\"elementor-heading-title elementor-size-default\">Calculadora de Recetas<\/h2>\t\t\t\t<\/div>\n\t\t\t\t<\/div>\n\t\t\t\t<div class=\"elementor-element elementor-element-5bdce328 elementor-widget elementor-widget-text-editor\" data-id=\"5bdce328\" data-element_type=\"widget\" data-e-type=\"widget\" data-widget_type=\"text-editor.default\">\n\t\t\t\t<div class=\"elementor-widget-container\">\n\t\t\t\t\t\t\t\t\t<p>Tome el Control de los Costos de Alimentos<\/p>\t\t\t\t\t\t\t\t<\/div>\n\t\t\t\t<\/div>\n\t\t\t\t<\/div>\n\t\t\t\t\t<\/div>\n\t\t\t\t<\/div>\n\t\t<div class=\"elementor-element elementor-element-450a41ac e-flex e-con-boxed e-con e-parent\" data-id=\"450a41ac\" data-element_type=\"container\" data-e-type=\"container\">\n\t\t\t\t\t<div class=\"e-con-inner\">\n\t\t<div class=\"elementor-element elementor-element-5e0a2805 e-con-full e-flex e-con e-child\" data-id=\"5e0a2805\" data-element_type=\"container\" data-e-type=\"container\">\n\t\t\t\t<div class=\"elementor-element elementor-element-135a0f70 elementor-widget elementor-widget-heading\" data-id=\"135a0f70\" data-element_type=\"widget\" data-e-type=\"widget\" data-widget_type=\"heading.default\">\n\t\t\t\t<div class=\"elementor-widget-container\">\n\t\t\t\t\t<h2 class=\"elementor-heading-title elementor-size-default\">Obtenga una Imagen Precisa de los Costos de Alimentos<\/h2>\t\t\t\t<\/div>\n\t\t\t\t<\/div>\n\t\t\t\t<div class=\"elementor-element elementor-element-65a4511 elementor-widget elementor-widget-text-editor\" data-id=\"65a4511\" data-element_type=\"widget\" data-e-type=\"widget\" data-widget_type=\"text-editor.default\">\n\t\t\t\t<div class=\"elementor-widget-container\">\n\t\t\t\t\t\t\t\t\t<p>\u00bfAlguna vez ha deseado poder ver r\u00e1pidamente si necesita ajustar los precios de su men\u00fa en funci\u00f3n de los costos fluctuantes de los alimentos? Con las funciones de nuestra Calculadora de Recetas, puede lograr eso y m\u00e1s.<\/p>\t\t\t\t\t\t\t\t<\/div>\n\t\t\t\t<\/div>\n\t\t\t\t<\/div>\n\t\t<div class=\"elementor-element elementor-element-6f939169 e-con-full e-flex e-con e-child\" data-id=\"6f939169\" data-element_type=\"container\" data-e-type=\"container\">\n\t\t\t\t<div class=\"elementor-element elementor-element-3ea5e14 elementor-widget elementor-widget-image\" data-id=\"3ea5e14\" data-element_type=\"widget\" data-e-type=\"widget\" data-widget_type=\"image.default\">\n\t\t\t\t<div class=\"elementor-widget-container\">\n\t\t\t\t\t\t\t\t\t\t\t\t\t\t\t<img fetchpriority=\"high\" decoding=\"async\" width=\"800\" height=\"511\" src=\"https:\/\/gfs.com\/wp-content\/uploads\/2025\/10\/Recipe-Calculator-e1761609749977-1024x654.png\" class=\"attachment-large size-large wp-image-42649\" alt=\"\" srcset=\"https:\/\/gfs.com\/wp-content\/uploads\/2025\/10\/Recipe-Calculator-e1761609749977-1024x654.png 1024w, https:\/\/gfs.com\/wp-content\/uploads\/2025\/10\/Recipe-Calculator-e1761609749977-300x192.png 300w, https:\/\/gfs.com\/wp-content\/uploads\/2025\/10\/Recipe-Calculator-e1761609749977-768x491.png 768w, https:\/\/gfs.com\/wp-content\/uploads\/2025\/10\/Recipe-Calculator-e1761609749977-18x12.png 18w, https:\/\/gfs.com\/wp-content\/uploads\/2025\/10\/Recipe-Calculator-e1761609749977.png 1080w\" sizes=\"(max-width: 800px) 100vw, 800px\" \/>\t\t\t\t\t\t\t\t\t\t\t\t\t\t\t<\/div>\n\t\t\t\t<\/div>\n\t\t\t\t<\/div>\n\t\t\t\t\t<\/div>\n\t\t\t\t<\/div>\n\t\t<div class=\"elementor-element elementor-element-9e2aa43 e-flex e-con-boxed e-con e-parent\" data-id=\"9e2aa43\" data-element_type=\"container\" data-e-type=\"container\" data-settings=\"{&quot;background_background&quot;:&quot;classic&quot;}\">\n\t\t\t\t\t<div class=\"e-con-inner\">\n\t\t\t\t<div class=\"elementor-element elementor-element-44387482 elementor-widget elementor-widget-heading\" data-id=\"44387482\" data-element_type=\"widget\" data-e-type=\"widget\" data-widget_type=\"heading.default\">\n\t\t\t\t<div class=\"elementor-widget-container\">\n\t\t\t\t\t<h2 class=\"elementor-heading-title elementor-size-default\">Caracter\u00edsticas y Beneficios<\/h2>\t\t\t\t<\/div>\n\t\t\t\t<\/div>\n\t\t<div class=\"elementor-element elementor-element-1e68c1e9 e-grid e-con-full e-con e-child\" data-id=\"1e68c1e9\" data-element_type=\"container\" data-e-type=\"container\">\n\t\t<div class=\"elementor-element elementor-element-77736b41 e-con-full e-flex e-con e-child\" data-id=\"77736b41\" data-element_type=\"container\" data-e-type=\"container\" data-settings=\"{&quot;background_background&quot;:&quot;classic&quot;}\">\n\t\t\t\t<div class=\"elementor-element elementor-element-37c52e30 elementor-widget elementor-widget-heading\" data-id=\"37c52e30\" data-element_type=\"widget\" data-e-type=\"widget\" data-widget_type=\"heading.default\">\n\t\t\t\t<div class=\"elementor-widget-container\">\n\t\t\t\t\t<h2 class=\"elementor-heading-title elementor-size-default\">Calcule el Precio de Art\u00edculos Nuevos para su Men\u00fa<\/h2>\t\t\t\t<\/div>\n\t\t\t\t<\/div>\n\t\t\t\t<\/div>\n\t\t<div class=\"elementor-element elementor-element-471a89b e-con-full e-flex e-con e-child\" data-id=\"471a89b\" data-element_type=\"container\" data-e-type=\"container\" data-settings=\"{&quot;background_background&quot;:&quot;classic&quot;}\">\n\t\t\t\t<div class=\"elementor-element elementor-element-6fc8b12 elementor-widget elementor-widget-heading\" data-id=\"6fc8b12\" data-element_type=\"widget\" data-e-type=\"widget\" data-widget_type=\"heading.default\">\n\t\t\t\t<div class=\"elementor-widget-container\">\n\t\t\t\t\t<h2 class=\"elementor-heading-title elementor-size-default\">Compare Productos Similares para Reducir los Costos de Alimentos<\/h2>\t\t\t\t<\/div>\n\t\t\t\t<\/div>\n\t\t\t\t<\/div>\n\t\t<div class=\"elementor-element elementor-element-5a9380c e-con-full e-flex e-con e-child\" data-id=\"5a9380c\" data-element_type=\"container\" data-e-type=\"container\" data-settings=\"{&quot;background_background&quot;:&quot;classic&quot;}\">\n\t\t\t\t<div class=\"elementor-element elementor-element-4f4f2c2 elementor-widget elementor-widget-heading\" data-id=\"4f4f2c2\" data-element_type=\"widget\" data-e-type=\"widget\" data-widget_type=\"heading.default\">\n\t\t\t\t<div class=\"elementor-widget-container\">\n\t\t\t\t\t<h2 class=\"elementor-heading-title elementor-size-default\">Cree Recetas en Menos de 5 Minutos<\/h2>\t\t\t\t<\/div>\n\t\t\t\t<\/div>\n\t\t\t\t<\/div>\n\t\t<div class=\"elementor-element elementor-element-9ef47ed e-con-full e-flex e-con e-child\" data-id=\"9ef47ed\" data-element_type=\"container\" data-e-type=\"container\" data-settings=\"{&quot;background_background&quot;:&quot;classic&quot;}\">\n\t\t\t\t<div class=\"elementor-element elementor-element-938c6de elementor-widget elementor-widget-heading\" data-id=\"938c6de\" data-element_type=\"widget\" data-e-type=\"widget\" data-widget_type=\"heading.default\">\n\t\t\t\t<div class=\"elementor-widget-container\">\n\t\t\t\t\t<h2 class=\"elementor-heading-title elementor-size-default\">Agregue Ingredientes de Recetas Perfectamente a su Pr\u00f3xima Entrega de Cami\u00f3n<\/h2>\t\t\t\t<\/div>\n\t\t\t\t<\/div>\n\t\t\t\t<\/div>\n\t\t<div class=\"elementor-element elementor-element-e94a64a e-con-full e-flex e-con e-child\" data-id=\"e94a64a\" data-element_type=\"container\" data-e-type=\"container\" data-settings=\"{&quot;background_background&quot;:&quot;classic&quot;}\">\n\t\t\t\t<div class=\"elementor-element elementor-element-9def4e2 elementor-widget elementor-widget-heading\" data-id=\"9def4e2\" data-element_type=\"widget\" data-e-type=\"widget\" data-widget_type=\"heading.default\">\n\t\t\t\t<div class=\"elementor-widget-container\">\n\t\t\t\t\t<h2 class=\"elementor-heading-title elementor-size-default\">El Tama\u00f1o del Envase, las Porciones y el Precio se Autocompletan al Crear Recetas<\/h2>\t\t\t\t<\/div>\n\t\t\t\t<\/div>\n\t\t\t\t<\/div>\n\t\t\t\t<\/div>\n\t\t\t\t\t<\/div>\n\t\t\t\t<\/div>\n\t\t\t\t<\/div>","protected":false},"excerpt":{"rendered":"<p>Recipe Calculator Take Control of Food Costs Get an Accurate Snapshot of Food Costs Ever wish you could quickly see if you need to adjust your menu pricing based on fluctuating food costs? With our Recipe Calculator features, you can accomplish that and more. Features &amp; Benefits Price Out New Items For Your Menu Compare [&hellip;]<\/p>\n","protected":false},"author":20,"featured_media":42649,"parent":14096,"menu_order":0,"comment_status":"closed","ping_status":"closed","template":"","meta":{"_acf_changed":false,"footnotes":""},"class_list":["post-42931","page","type-page","status-publish","has-post-thumbnail","hentry"],"acf":[],"yoast_head":"<!-- This site is optimized with the Yoast SEO Premium plugin v22.9 (Yoast SEO v27.2) - https:\/\/yoast.com\/product\/yoast-seo-premium-wordpress\/ -->\n<title>Recipe Calculator | Gordon Food Service<\/title>\n<meta name=\"description\" content=\"Want to seamlessly add ingredients from your recipes to your next truck delivery? It&#039;s simple with the built-in feature in Recipe Calculator.\" \/>\n<meta name=\"robots\" content=\"index, follow, max-snippet:-1, max-image-preview:large, max-video-preview:-1\" \/>\n<link rel=\"canonical\" href=\"https:\/\/gfs.com\/es-us\/productos-servicios\/soluciones-tecnologicas\/calculadora-de-recetas\/\" \/>\n<meta property=\"og:locale\" content=\"es_ES\" \/>\n<meta property=\"og:type\" content=\"article\" \/>\n<meta property=\"og:title\" content=\"Recipe Calculator\" \/>\n<meta property=\"og:description\" content=\"Want to seamlessly add ingredients from your recipes to your next truck delivery? It&#039;s simple with the built-in feature in Recipe Calculator.\" \/>\n<meta property=\"og:url\" content=\"https:\/\/gfs.com\/es-us\/productos-servicios\/soluciones-tecnologicas\/calculadora-de-recetas\/\" \/>\n<meta property=\"og:site_name\" content=\"Gordon Food Service\" \/>\n<meta property=\"article:publisher\" content=\"https:\/\/www.facebook.com\/GordonFoodService\/\" \/>\n<meta property=\"article:modified_time\" content=\"2025-11-07T15:15:36+00:00\" \/>\n<meta property=\"og:image\" content=\"https:\/\/gfs.com\/wp-content\/uploads\/2025\/10\/Recipe-Calculator-e1761609749977.png\" \/>\n\t<meta property=\"og:image:width\" content=\"1080\" \/>\n\t<meta property=\"og:image:height\" content=\"690\" \/>\n\t<meta property=\"og:image:type\" content=\"image\/png\" \/>\n<meta name=\"twitter:card\" content=\"summary_large_image\" \/>\n<meta name=\"twitter:site\" content=\"@GFSDelivers\" \/>\n<meta name=\"twitter:label1\" content=\"Est. reading time\" \/>\n\t<meta name=\"twitter:data1\" content=\"1 minute\" \/>\n<!-- \/ Yoast SEO Premium plugin. -->","yoast_head_json":{"title":"Recipe Calculator | Gordon Food Service","description":"Want to seamlessly add ingredients from your recipes to your next truck delivery? It's simple with the built-in feature in Recipe Calculator.","robots":{"index":"index","follow":"follow","max-snippet":"max-snippet:-1","max-image-preview":"max-image-preview:large","max-video-preview":"max-video-preview:-1"},"canonical":"https:\/\/gfs.com\/es-us\/productos-servicios\/soluciones-tecnologicas\/calculadora-de-recetas\/","og_locale":"es_ES","og_type":"article","og_title":"Recipe Calculator","og_description":"Want to seamlessly add ingredients from your recipes to your next truck delivery? It's simple with the built-in feature in Recipe Calculator.","og_url":"https:\/\/gfs.com\/es-us\/productos-servicios\/soluciones-tecnologicas\/calculadora-de-recetas\/","og_site_name":"Gordon Food Service","article_publisher":"https:\/\/www.facebook.com\/GordonFoodService\/","article_modified_time":"2025-11-07T15:15:36+00:00","og_image":[{"width":1080,"height":690,"url":"https:\/\/gfs.com\/wp-content\/uploads\/2025\/10\/Recipe-Calculator-e1761609749977.png","type":"image\/png"}],"twitter_card":"summary_large_image","twitter_site":"@GFSDelivers","twitter_misc":{"Est. reading time":"1 minute"},"schema":{"@context":"https:\/\/schema.org","@graph":[{"@type":"WebPage","@id":"https:\/\/gfs.com\/products-services\/technology-solutions\/recipe-calculator-2\/","url":"https:\/\/gfs.com\/products-services\/technology-solutions\/recipe-calculator-2\/","name":"Recipe Calculator | Gordon Food Service","isPartOf":{"@id":"https:\/\/gfs.com\/en-us\/#website"},"primaryImageOfPage":{"@id":"https:\/\/gfs.com\/products-services\/technology-solutions\/recipe-calculator-2\/#primaryimage"},"image":{"@id":"https:\/\/gfs.com\/products-services\/technology-solutions\/recipe-calculator-2\/#primaryimage"},"thumbnailUrl":"https:\/\/gfs.com\/wp-content\/uploads\/2025\/10\/Recipe-Calculator-e1761609749977.png","datePublished":"2025-11-07T15:12:09+00:00","dateModified":"2025-11-07T15:15:36+00:00","description":"Want to seamlessly add ingredients from your recipes to your next truck delivery? It's simple with the built-in feature in Recipe Calculator.","breadcrumb":{"@id":"https:\/\/gfs.com\/products-services\/technology-solutions\/recipe-calculator-2\/#breadcrumb"},"inLanguage":"es-US","potentialAction":[{"@type":"ReadAction","target":["https:\/\/gfs.com\/products-services\/technology-solutions\/recipe-calculator-2\/"]}]},{"@type":"ImageObject","inLanguage":"es-US","@id":"https:\/\/gfs.com\/products-services\/technology-solutions\/recipe-calculator-2\/#primaryimage","url":"https:\/\/gfs.com\/wp-content\/uploads\/2025\/10\/Recipe-Calculator-e1761609749977.png","contentUrl":"https:\/\/gfs.com\/wp-content\/uploads\/2025\/10\/Recipe-Calculator-e1761609749977.png","width":1080,"height":690},{"@type":"BreadcrumbList","@id":"https:\/\/gfs.com\/products-services\/technology-solutions\/recipe-calculator-2\/#breadcrumb","itemListElement":[{"@type":"ListItem","position":1,"name":"Home","item":"https:\/\/gfs.com\/en-us\/"},{"@type":"ListItem","position":2,"name":"Products &amp; Services","item":"https:\/\/gfs.com\/products-services\/"},{"@type":"ListItem","position":3,"name":"Technology Solutions","item":"https:\/\/gfs.com\/products-services\/technology-solutions\/"},{"@type":"ListItem","position":4,"name":"Recipe Calculator"}]},{"@type":"WebSite","@id":"https:\/\/gfs.com\/en-us\/#website","url":"https:\/\/gfs.com\/en-us\/","name":"Gordon Food Service","description":"","publisher":{"@id":"https:\/\/gfs.com\/en-us\/#organization"},"potentialAction":[{"@type":"SearchAction","target":{"@type":"EntryPoint","urlTemplate":"https:\/\/gfs.com\/en-us\/?s={search_term_string}"},"query-input":{"@type":"PropertyValueSpecification","valueRequired":true,"valueName":"search_term_string"}}],"inLanguage":"es-US"},{"@type":"Organization","@id":"https:\/\/gfs.com\/en-us\/#organization","name":"Gordon Food Service","url":"https:\/\/gfs.com\/en-us\/","logo":{"@type":"ImageObject","inLanguage":"es-US","@id":"https:\/\/gfs.com\/en-us\/#\/schema\/logo\/image\/","url":"https:\/\/gfs.com\/wp-content\/uploads\/2023\/02\/GordonFoodService_Logo_RGB.png","contentUrl":"https:\/\/gfs.com\/wp-content\/uploads\/2023\/02\/GordonFoodService_Logo_RGB.png","width":628,"height":210,"caption":"Gordon Food Service"},"image":{"@id":"https:\/\/gfs.com\/en-us\/#\/schema\/logo\/image\/"},"sameAs":["https:\/\/www.facebook.com\/GordonFoodService\/","https:\/\/x.com\/GFSDelivers","https:\/\/www.instagram.com\/gordonfoodservice\/","https:\/\/www.youtube.com\/@GFSDelivers","https:\/\/www.linkedin.com\/company\/gordon-food-service\/"]}]}},"_links":{"self":[{"href":"https:\/\/gfs.com\/es-us\/wp-json\/wp\/v2\/pages\/42931","targetHints":{"allow":["GET"]}}],"collection":[{"href":"https:\/\/gfs.com\/es-us\/wp-json\/wp\/v2\/pages"}],"about":[{"href":"https:\/\/gfs.com\/es-us\/wp-json\/wp\/v2\/types\/page"}],"author":[{"embeddable":true,"href":"https:\/\/gfs.com\/es-us\/wp-json\/wp\/v2\/users\/20"}],"replies":[{"embeddable":true,"href":"https:\/\/gfs.com\/es-us\/wp-json\/wp\/v2\/comments?post=42931"}],"version-history":[{"count":10,"href":"https:\/\/gfs.com\/es-us\/wp-json\/wp\/v2\/pages\/42931\/revisions"}],"predecessor-version":[{"id":42943,"href":"https:\/\/gfs.com\/es-us\/wp-json\/wp\/v2\/pages\/42931\/revisions\/42943"}],"up":[{"embeddable":true,"href":"https:\/\/gfs.com\/es-us\/wp-json\/wp\/v2\/pages\/14096"}],"wp:featuredmedia":[{"embeddable":true,"href":"https:\/\/gfs.com\/es-us\/wp-json\/wp\/v2\/media\/42649"}],"wp:attachment":[{"href":"https:\/\/gfs.com\/es-us\/wp-json\/wp\/v2\/media?parent=42931"}],"curies":[{"name":"wp","href":"https:\/\/api.w.org\/{rel}","templated":true}]}}