{"id":34816,"date":"2024-11-22T09:30:53","date_gmt":"2024-11-22T14:30:53","guid":{"rendered":"https:\/\/gfs.com\/?page_id=34816"},"modified":"2025-07-21T16:49:48","modified_gmt":"2025-07-21T20:49:48","slug":"fort-lauderdale","status":"publish","type":"page","link":"https:\/\/gfs.com\/es-us\/trends-inspiration\/food-shows\/fort-lauderdale\/","title":{"rendered":"Fort Lauderdale Show"},"content":{"rendered":"<div data-elementor-type=\"wp-page\" data-elementor-id=\"34816\" class=\"elementor elementor-34816\" data-elementor-post-type=\"page\">\n\t\t\t\t<div class=\"elementor-element elementor-element-4b87b94 e-flex e-con-boxed e-con e-parent\" data-id=\"4b87b94\" data-element_type=\"container\" data-e-type=\"container\" data-settings=\"{&quot;background_background&quot;:&quot;classic&quot;}\">\n\t\t\t\t\t<div class=\"e-con-inner\">\n\t\t<div class=\"elementor-element elementor-element-974bd10 e-con-full e-flex e-con e-child\" data-id=\"974bd10\" data-element_type=\"container\" data-e-type=\"container\">\n\t\t\t\t<div class=\"elementor-element elementor-element-d030db6 elementor-widget elementor-widget-heading\" data-id=\"d030db6\" data-element_type=\"widget\" data-e-type=\"widget\" data-widget_type=\"heading.default\">\n\t\t\t\t<div class=\"elementor-widget-container\">\n\t\t\t\t\t<h2 class=\"elementor-heading-title elementor-size-default\">Fort Lauderdale Show<\/h2>\t\t\t\t<\/div>\n\t\t\t\t<\/div>\n\t\t\t\t<div class=\"elementor-element elementor-element-4ba7c0c elementor-widget elementor-widget-button\" data-id=\"4ba7c0c\" data-element_type=\"widget\" data-e-type=\"widget\" data-widget_type=\"button.default\">\n\t\t\t\t<div class=\"elementor-widget-container\">\n\t\t\t\t\t\t\t\t\t<div class=\"elementor-button-wrapper\">\n\t\t\t\t\t<a class=\"elementor-button elementor-button-link elementor-size-sm\" href=\"#\">\n\t\t\t\t\t\t<span class=\"elementor-button-content-wrapper\">\n\t\t\t\t\t\t\t\t\t<span class=\"elementor-button-text\">Registration Coming Soon<\/span>\n\t\t\t\t\t<\/span>\n\t\t\t\t\t<\/a>\n\t\t\t\t<\/div>\n\t\t\t\t\t\t\t\t<\/div>\n\t\t\t\t<\/div>\n\t\t\t\t<\/div>\n\t\t<div class=\"elementor-element elementor-element-2837758 e-con-full e-flex e-con e-child\" data-id=\"2837758\" data-element_type=\"container\" data-e-type=\"container\">\n\t\t<div class=\"elementor-element elementor-element-31eca0e e-con-full e-flex e-con e-child\" data-id=\"31eca0e\" data-element_type=\"container\" data-e-type=\"container\" data-settings=\"{&quot;background_background&quot;:&quot;classic&quot;}\">\n\t\t\t\t<div class=\"elementor-element elementor-element-b98eec8 elementor-widget elementor-widget-text-editor\" data-id=\"b98eec8\" data-element_type=\"widget\" data-e-type=\"widget\" data-widget_type=\"text-editor.default\">\n\t\t\t\t<div class=\"elementor-widget-container\">\n\t\t\t\t\t\t\t\t\t<p><strong>Fecha:<\/strong>\u00a0 Tuesday, March 4, 2025<\/p><p><strong>Hora:<\/strong> 9:00 AM &#8211; 4:00 PM EST<\/p><p><strong>Ubicaci\u00f3n:<\/strong> Broward County Convention Center <span style=\"font-weight: 400;\">Hall B<\/span><\/p><p><strong>Direcci\u00f3n del lugar:<\/strong> 1950 Eisenhower Blvd, Fort Lauderdale, FL 33316<\/p>\t\t\t\t\t\t\t\t<\/div>\n\t\t\t\t<\/div>\n\t\t\t\t<\/div>\n\t\t\t\t<\/div>\n\t\t\t\t\t<\/div>\n\t\t\t\t<\/div>\n\t\t<div class=\"elementor-element elementor-element-4803e19 e-flex e-con-boxed e-con e-parent\" data-id=\"4803e19\" data-element_type=\"container\" data-e-type=\"container\" data-settings=\"{&quot;background_background&quot;:&quot;classic&quot;}\">\n\t\t\t\t\t<div class=\"e-con-inner\">\n\t\t\t\t<div class=\"elementor-element elementor-element-274eee0 elementor-widget elementor-widget-heading\" data-id=\"274eee0\" data-element_type=\"widget\" data-e-type=\"widget\" data-widget_type=\"heading.default\">\n\t\t\t\t<div class=\"elementor-widget-container\">\n\t\t\t\t\t<h2 class=\"elementor-heading-title elementor-size-default\">Qu\u00e9 esperar<\/h2>\t\t\t\t<\/div>\n\t\t\t\t<\/div>\n\t\t<div class=\"elementor-element elementor-element-7c5404e e-grid e-con-full e-con e-child\" data-id=\"7c5404e\" data-element_type=\"container\" data-e-type=\"container\">\n\t\t<div class=\"elementor-element elementor-element-b0b73fc e-con-full e-flex e-con e-child\" data-id=\"b0b73fc\" data-element_type=\"container\" data-e-type=\"container\" data-settings=\"{&quot;background_background&quot;:&quot;classic&quot;}\">\n\t\t\t\t<div class=\"elementor-element elementor-element-e9215a4 elementor-widget elementor-widget-heading\" data-id=\"e9215a4\" data-element_type=\"widget\" data-e-type=\"widget\" data-widget_type=\"heading.default\">\n\t\t\t\t<div class=\"elementor-widget-container\">\n\t\t\t\t\t<h2 class=\"elementor-heading-title elementor-size-default\">Incentivos<\/h2>\t\t\t\t<\/div>\n\t\t\t\t<\/div>\n\t\t\t\t<div class=\"elementor-element elementor-element-77ae705 elementor-widget elementor-widget-text-editor\" data-id=\"77ae705\" data-element_type=\"widget\" data-e-type=\"widget\" data-widget_type=\"text-editor.default\">\n\t\t\t\t<div class=\"elementor-widget-container\">\n\t\t\t\t\t\t\t\t\t<p>Customers receive automatic price discounts on all eligible products delivered from 3\/23\/25 &#8211; 5\/16\/25 just for attending the show. They don&#8217;t have to commit to these items at the show to get the discount; it will happen automatically. Off &#8211; invoice discounts are not offered to program accounts with contract pricing.<\/p>\t\t\t\t\t\t\t\t<\/div>\n\t\t\t\t<\/div>\n\t\t\t\t<\/div>\n\t\t<div class=\"elementor-element elementor-element-853b863 e-con-full e-flex e-con e-child\" data-id=\"853b863\" data-element_type=\"container\" data-e-type=\"container\" data-settings=\"{&quot;background_background&quot;:&quot;classic&quot;}\">\n\t\t\t\t<div class=\"elementor-element elementor-element-2f2465b elementor-widget elementor-widget-heading\" data-id=\"2f2465b\" data-element_type=\"widget\" data-e-type=\"widget\" data-widget_type=\"heading.default\">\n\t\t\t\t<div class=\"elementor-widget-container\">\n\t\t\t\t\t<h2 class=\"elementor-heading-title elementor-size-default\">Pautas de asistencia<\/h2>\t\t\t\t<\/div>\n\t\t\t\t<\/div>\n\t\t\t\t<div class=\"elementor-element elementor-element-563791f elementor-widget elementor-widget-text-editor\" data-id=\"563791f\" data-element_type=\"widget\" data-e-type=\"widget\" data-widget_type=\"text-editor.default\">\n\t\t\t\t<div class=\"elementor-widget-container\">\n\t\t\t\t\t\t\t\t\t<p><strong>Tenga en cuenta: Solo adultos<\/strong><\/p><p>Como parte de nuestro compromiso de brindar un entorno profesional para todos los invitados, no se permite la entrada de ni\u00f1os menores de 18 a\u00f1os a nuestros shows. Los estudiantes de culinaria menores de 18 a\u00f1os son bienvenidos al show despu\u00e9s de la 1:00 p. m. Se requiere un acompa\u00f1ante adulto por cada 10 estudiantes.<\/p>\t\t\t\t\t\t\t\t<\/div>\n\t\t\t\t<\/div>\n\t\t\t\t<\/div>\n\t\t<div class=\"elementor-element elementor-element-07a440f e-con-full e-flex e-con e-child\" data-id=\"07a440f\" data-element_type=\"container\" data-e-type=\"container\" data-settings=\"{&quot;background_background&quot;:&quot;classic&quot;}\">\n\t\t\t\t<div class=\"elementor-element elementor-element-b4bbedc elementor-widget elementor-widget-heading\" data-id=\"b4bbedc\" data-element_type=\"widget\" data-e-type=\"widget\" data-widget_type=\"heading.default\">\n\t\t\t\t<div class=\"elementor-widget-container\">\n\t\t\t\t\t<h2 class=\"elementor-heading-title elementor-size-default\">Estacionamiento gratuito para clientes<\/h2>\t\t\t\t<\/div>\n\t\t\t\t<\/div>\n\t\t\t\t<div class=\"elementor-element elementor-element-8a99f07 elementor-widget elementor-widget-text-editor\" data-id=\"8a99f07\" data-element_type=\"widget\" data-e-type=\"widget\" data-widget_type=\"text-editor.default\">\n\t\t\t\t<div class=\"elementor-widget-container\">\n\t\t\t\t\t\t\t\t\t<p>Customer parking is free of charge in the Northport Parking Garage. After you register for the Show, you will receive the parking validation QR code in all email communications leading up to the Show. You can print the QR code or use it on your phone to scan upon entering the parking garage.<\/p>\t\t\t\t\t\t\t\t<\/div>\n\t\t\t\t<\/div>\n\t\t\t\t<\/div>\n\t\t\t\t<\/div>\n\t\t<div class=\"elementor-element elementor-element-6c707f8 e-grid e-con-full e-con e-child\" data-id=\"6c707f8\" data-element_type=\"container\" data-e-type=\"container\">\n\t\t<div class=\"elementor-element elementor-element-c1dbe16 e-con-full e-flex e-con e-child\" data-id=\"c1dbe16\" data-element_type=\"container\" data-e-type=\"container\" data-settings=\"{&quot;background_background&quot;:&quot;classic&quot;}\">\n\t\t\t\t<div class=\"elementor-element elementor-element-11836bb elementor-widget elementor-widget-heading\" data-id=\"11836bb\" data-element_type=\"widget\" data-e-type=\"widget\" data-widget_type=\"heading.default\">\n\t\t\t\t<div class=\"elementor-widget-container\">\n\t\t\t\t\t<h2 class=\"elementor-heading-title elementor-size-default\">Estacionamiento gratuito para clientes<\/h2>\t\t\t\t<\/div>\n\t\t\t\t<\/div>\n\t\t\t\t<div class=\"elementor-element elementor-element-c675ba2 elementor-widget elementor-widget-text-editor\" data-id=\"c675ba2\" data-element_type=\"widget\" data-e-type=\"widget\" data-widget_type=\"text-editor.default\">\n\t\t\t\t<div class=\"elementor-widget-container\">\n\t\t\t\t\t\t\t\t\t<p>Customer parking is free of charge in the Northport Parking Garage. After you register for the Show, you will receive the parking validation QR code in all email communications leading up to the Show. You can print the QR code or use it on your phone to scan upon entering the parking garage.<\/p>\t\t\t\t\t\t\t\t<\/div>\n\t\t\t\t<\/div>\n\t\t\t\t<\/div>\n\t\t\t\t<\/div>\n\t\t\t\t\t<\/div>\n\t\t\t\t<\/div>\n\t\t<div class=\"elementor-element elementor-element-78e4864 e-flex e-con-boxed e-con e-parent\" data-id=\"78e4864\" data-element_type=\"container\" data-e-type=\"container\" data-settings=\"{&quot;background_background&quot;:&quot;classic&quot;}\">\n\t\t\t\t\t<div class=\"e-con-inner\">\n\t\t<div class=\"elementor-element elementor-element-47c4dea e-con-full e-flex e-con e-child\" data-id=\"47c4dea\" data-element_type=\"container\" data-e-type=\"container\">\n\t\t\t\t<div class=\"elementor-element elementor-element-f08f399 elementor-widget elementor-widget-heading\" data-id=\"f08f399\" data-element_type=\"widget\" data-e-type=\"widget\" data-widget_type=\"heading.default\">\n\t\t\t\t<div class=\"elementor-widget-container\">\n\t\t\t\t\t<h2 class=\"elementor-heading-title elementor-size-default\">Seminar Schedule<\/h2>\t\t\t\t<\/div>\n\t\t\t\t<\/div>\n\t\t\t\t<div class=\"elementor-element elementor-element-b9e4721 elementor-widget elementor-widget-text-editor\" data-id=\"b9e4721\" data-element_type=\"widget\" data-e-type=\"widget\" data-widget_type=\"text-editor.default\">\n\t\t\t\t<div class=\"elementor-widget-container\">\n\t\t\t\t\t\t\t\t\t<p>Attend presentations and earn free Continuing Education Unit (CEU) credits.<br \/>ANFP and ACF members can earn up to 3 continuing education units (CEUs) by walking the exhibits. Watch for the post show email to request your certificate.<\/p>\t\t\t\t\t\t\t\t<\/div>\n\t\t\t\t<\/div>\n\t\t\t\t<div class=\"elementor-element elementor-element-ff11576 elementor-widget elementor-widget-text-editor\" data-id=\"ff11576\" data-element_type=\"widget\" data-e-type=\"widget\" data-widget_type=\"text-editor.default\">\n\t\t\t\t<div class=\"elementor-widget-container\">\n\t\t\t\t\t\t\t\t\t<p>Schedule Coming Soon<\/p>\t\t\t\t\t\t\t\t<\/div>\n\t\t\t\t<\/div>\n\t\t\t\t<\/div>\n\t\t\t\t\t<\/div>\n\t\t\t\t<\/div>\n\t\t<div class=\"elementor-element elementor-element-53597f5 e-flex e-con-boxed e-con e-parent\" data-id=\"53597f5\" data-element_type=\"container\" data-e-type=\"container\" data-settings=\"{&quot;background_background&quot;:&quot;classic&quot;}\">\n\t\t\t\t\t<div class=\"e-con-inner\">\n\t\t<div class=\"elementor-element elementor-element-4087e1d e-con-full e-flex e-con e-child\" data-id=\"4087e1d\" data-element_type=\"container\" data-e-type=\"container\">\n\t\t\t\t<div class=\"elementor-element elementor-element-557b5a8 elementor-widget elementor-widget-heading\" data-id=\"557b5a8\" data-element_type=\"widget\" data-e-type=\"widget\" data-widget_type=\"heading.default\">\n\t\t\t\t<div class=\"elementor-widget-container\">\n\t\t\t\t\t<h2 class=\"elementor-heading-title elementor-size-default\">\u00a1Esperamos verte en Nuestros Eventos!<\/h2>\t\t\t\t<\/div>\n\t\t\t\t<\/div>\n\t\t\t\t<div class=\"elementor-element elementor-element-9376510 elementor-widget elementor-widget-text-editor\" data-id=\"9376510\" data-element_type=\"widget\" data-e-type=\"widget\" data-widget_type=\"text-editor.default\">\n\t\t\t\t<div class=\"elementor-widget-container\">\n\t\t\t\t\t\t\t\t\t<p>Sum\u00e9rgete en un cautivador viaje de sabores y delicias culinarias mientras nuestros eventos te transportan a cocinas vibrantes, estufas chisporroteantes y experiencias gastron\u00f3micas que te dejar\u00e1n con ganas de m\u00e1s.<\/p>\t\t\t\t\t\t\t\t<\/div>\n\t\t\t\t<\/div>\n\t\t\t\t<\/div>\n\t\t\t\t\t<\/div>\n\t\t\t\t<\/div>\n\t\t\t\t<\/div>","protected":false},"excerpt":{"rendered":"<p>Fort Lauderdale Show Registration Coming Soon Date:\u00a0 Tuesday, March 4, 2025 Time: 9:00 AM &#8211; 4:00 PM EST Location: Broward County Convention Center Hall B Venue Address: 1950 Eisenhower Blvd, Fort Lauderdale, FL 33316 What to Expect Incentives Customers receive automatic price discounts on all eligible products delivered from 3\/23\/25 &#8211; 5\/16\/25 just for attending [&hellip;]<\/p>\n","protected":false},"author":20,"featured_media":22689,"parent":10294,"menu_order":0,"comment_status":"closed","ping_status":"closed","template":"","meta":{"_acf_changed":false,"footnotes":""},"class_list":["post-34816","page","type-page","status-publish","has-post-thumbnail","hentry"],"acf":[],"yoast_head":"<!-- This site is optimized with the Yoast SEO Premium plugin v22.9 (Yoast SEO v27.2) - https:\/\/yoast.com\/product\/yoast-seo-premium-wordpress\/ -->\n<title>Fort Lauderdale Show | Gordon Food Service<\/title>\n<meta name=\"description\" content=\"Come join us at our Fort Lauderdale Spring Food Show! Find inspiration, trends, and more for your operation all in one place!\" \/>\n<meta name=\"robots\" content=\"index, follow, max-snippet:-1, max-image-preview:large, max-video-preview:-1\" \/>\n<link rel=\"canonical\" href=\"https:\/\/gfs.com\/es-us\/tendencias-inspiracion\/espectaculos-de-comida\/fort-lauderdale\/\" \/>\n<meta property=\"og:locale\" content=\"es_ES\" \/>\n<meta property=\"og:type\" content=\"article\" \/>\n<meta property=\"og:title\" content=\"Fort Lauderdale Show\" \/>\n<meta property=\"og:description\" content=\"Come join us at our Fort Lauderdale Spring Food Show! Find inspiration, trends, and more for your operation all in one place!\" \/>\n<meta property=\"og:url\" content=\"https:\/\/gfs.com\/es-us\/tendencias-inspiracion\/espectaculos-de-comida\/fort-lauderdale\/\" \/>\n<meta property=\"og:site_name\" content=\"Gordon Food Service\" \/>\n<meta property=\"article:publisher\" content=\"https:\/\/www.facebook.com\/GordonFoodService\/\" \/>\n<meta property=\"article:modified_time\" content=\"2025-07-21T20:49:48+00:00\" \/>\n<meta property=\"og:image\" content=\"https:\/\/gfs.com\/wp-content\/uploads\/2023\/01\/GR-Show-2022-43-scaled-1.jpg\" \/>\n\t<meta property=\"og:image:width\" content=\"1600\" \/>\n\t<meta property=\"og:image:height\" content=\"1067\" \/>\n\t<meta property=\"og:image:type\" content=\"image\/jpeg\" \/>\n<meta name=\"twitter:card\" content=\"summary_large_image\" \/>\n<meta name=\"twitter:site\" content=\"@GFSDelivers\" \/>\n<meta name=\"twitter:label1\" content=\"Est. reading time\" \/>\n\t<meta name=\"twitter:data1\" content=\"2 minutes\" \/>\n<!-- \/ Yoast SEO Premium plugin. -->","yoast_head_json":{"title":"Fort Lauderdale Show | Gordon Food Service","description":"Come join us at our Fort Lauderdale Spring Food Show! Find inspiration, trends, and more for your operation all in one place!","robots":{"index":"index","follow":"follow","max-snippet":"max-snippet:-1","max-image-preview":"max-image-preview:large","max-video-preview":"max-video-preview:-1"},"canonical":"https:\/\/gfs.com\/es-us\/tendencias-inspiracion\/espectaculos-de-comida\/fort-lauderdale\/","og_locale":"es_ES","og_type":"article","og_title":"Fort Lauderdale Show","og_description":"Come join us at our Fort Lauderdale Spring Food Show! Find inspiration, trends, and more for your operation all in one place!","og_url":"https:\/\/gfs.com\/es-us\/tendencias-inspiracion\/espectaculos-de-comida\/fort-lauderdale\/","og_site_name":"Gordon Food Service","article_publisher":"https:\/\/www.facebook.com\/GordonFoodService\/","article_modified_time":"2025-07-21T20:49:48+00:00","og_image":[{"width":1600,"height":1067,"url":"https:\/\/gfs.com\/wp-content\/uploads\/2023\/01\/GR-Show-2022-43-scaled-1.jpg","type":"image\/jpeg"}],"twitter_card":"summary_large_image","twitter_site":"@GFSDelivers","twitter_misc":{"Est. reading time":"2 minutes"},"schema":{"@context":"https:\/\/schema.org","@graph":[{"@type":"WebPage","@id":"https:\/\/gfs.com\/trends-inspiration\/food-shows\/fort-lauderdale\/","url":"https:\/\/gfs.com\/trends-inspiration\/food-shows\/fort-lauderdale\/","name":"Fort Lauderdale Show | Gordon Food Service","isPartOf":{"@id":"https:\/\/gfs.com\/en-us\/#website"},"primaryImageOfPage":{"@id":"https:\/\/gfs.com\/trends-inspiration\/food-shows\/fort-lauderdale\/#primaryimage"},"image":{"@id":"https:\/\/gfs.com\/trends-inspiration\/food-shows\/fort-lauderdale\/#primaryimage"},"thumbnailUrl":"https:\/\/gfs.com\/wp-content\/uploads\/2023\/01\/GR-Show-2022-43-scaled-1.jpg","datePublished":"2024-11-22T14:30:53+00:00","dateModified":"2025-07-21T20:49:48+00:00","description":"Come join us at our Fort Lauderdale Spring Food Show! Find inspiration, trends, and more for your operation all in one place!","breadcrumb":{"@id":"https:\/\/gfs.com\/trends-inspiration\/food-shows\/fort-lauderdale\/#breadcrumb"},"inLanguage":"es-US","potentialAction":[{"@type":"ReadAction","target":["https:\/\/gfs.com\/trends-inspiration\/food-shows\/fort-lauderdale\/"]}]},{"@type":"ImageObject","inLanguage":"es-US","@id":"https:\/\/gfs.com\/trends-inspiration\/food-shows\/fort-lauderdale\/#primaryimage","url":"https:\/\/gfs.com\/wp-content\/uploads\/2023\/01\/GR-Show-2022-43-scaled-1.jpg","contentUrl":"https:\/\/gfs.com\/wp-content\/uploads\/2023\/01\/GR-Show-2022-43-scaled-1.jpg","width":1600,"height":1067,"caption":"The Sienna Bakery booth at the Gordon Food Service Food Show"},{"@type":"BreadcrumbList","@id":"https:\/\/gfs.com\/trends-inspiration\/food-shows\/fort-lauderdale\/#breadcrumb","itemListElement":[{"@type":"ListItem","position":1,"name":"Home","item":"https:\/\/gfs.com\/en-us\/"},{"@type":"ListItem","position":2,"name":"Trends &amp; Inspiration","item":"https:\/\/gfs.com\/en-us\/trends-inspiration\/"},{"@type":"ListItem","position":3,"name":"Food Shows","item":"https:\/\/gfs.com\/trends-inspiration\/food-shows\/"},{"@type":"ListItem","position":4,"name":"Fort Lauderdale Show"}]},{"@type":"WebSite","@id":"https:\/\/gfs.com\/en-us\/#website","url":"https:\/\/gfs.com\/en-us\/","name":"Gordon Food Service","description":"","publisher":{"@id":"https:\/\/gfs.com\/en-us\/#organization"},"potentialAction":[{"@type":"SearchAction","target":{"@type":"EntryPoint","urlTemplate":"https:\/\/gfs.com\/en-us\/?s={search_term_string}"},"query-input":{"@type":"PropertyValueSpecification","valueRequired":true,"valueName":"search_term_string"}}],"inLanguage":"es-US"},{"@type":"Organization","@id":"https:\/\/gfs.com\/en-us\/#organization","name":"Gordon Food Service","url":"https:\/\/gfs.com\/en-us\/","logo":{"@type":"ImageObject","inLanguage":"es-US","@id":"https:\/\/gfs.com\/en-us\/#\/schema\/logo\/image\/","url":"https:\/\/gfs.com\/wp-content\/uploads\/2023\/02\/GordonFoodService_Logo_RGB.png","contentUrl":"https:\/\/gfs.com\/wp-content\/uploads\/2023\/02\/GordonFoodService_Logo_RGB.png","width":628,"height":210,"caption":"Gordon Food Service"},"image":{"@id":"https:\/\/gfs.com\/en-us\/#\/schema\/logo\/image\/"},"sameAs":["https:\/\/www.facebook.com\/GordonFoodService\/","https:\/\/x.com\/GFSDelivers","https:\/\/www.instagram.com\/gordonfoodservice\/","https:\/\/www.youtube.com\/@GFSDelivers","https:\/\/www.linkedin.com\/company\/gordon-food-service\/"]}]}},"_links":{"self":[{"href":"https:\/\/gfs.com\/es-us\/wp-json\/wp\/v2\/pages\/34816","targetHints":{"allow":["GET"]}}],"collection":[{"href":"https:\/\/gfs.com\/es-us\/wp-json\/wp\/v2\/pages"}],"about":[{"href":"https:\/\/gfs.com\/es-us\/wp-json\/wp\/v2\/types\/page"}],"author":[{"embeddable":true,"href":"https:\/\/gfs.com\/es-us\/wp-json\/wp\/v2\/users\/20"}],"replies":[{"embeddable":true,"href":"https:\/\/gfs.com\/es-us\/wp-json\/wp\/v2\/comments?post=34816"}],"version-history":[{"count":46,"href":"https:\/\/gfs.com\/es-us\/wp-json\/wp\/v2\/pages\/34816\/revisions"}],"predecessor-version":[{"id":39809,"href":"https:\/\/gfs.com\/es-us\/wp-json\/wp\/v2\/pages\/34816\/revisions\/39809"}],"up":[{"embeddable":true,"href":"https:\/\/gfs.com\/es-us\/wp-json\/wp\/v2\/pages\/10294"}],"wp:featuredmedia":[{"embeddable":true,"href":"https:\/\/gfs.com\/es-us\/wp-json\/wp\/v2\/media\/22689"}],"wp:attachment":[{"href":"https:\/\/gfs.com\/es-us\/wp-json\/wp\/v2\/media?parent=34816"}],"curies":[{"name":"wp","href":"https:\/\/api.w.org\/{rel}","templated":true}]}}