{"id":30603,"date":"2024-06-21T11:54:29","date_gmt":"2024-06-21T15:54:29","guid":{"rendered":"https:\/\/gfs.com\/?page_id=30603"},"modified":"2026-03-30T20:06:15","modified_gmt":"2026-03-31T00:06:15","slug":"diningmanager","status":"publish","type":"page","link":"https:\/\/gfs.com\/es-us\/products-services\/technology-solutions\/diningmanager\/","title":{"rendered":"DiningManager"},"content":{"rendered":"<div data-elementor-type=\"wp-page\" data-elementor-id=\"30603\" class=\"elementor elementor-30603\" data-elementor-post-type=\"page\">\n\t\t\t\t<div class=\"elementor-element elementor-element-3e9db1ff e-flex e-con-boxed e-con e-parent\" data-id=\"3e9db1ff\" data-element_type=\"container\" data-e-type=\"container\" data-settings=\"{&quot;background_background&quot;:&quot;classic&quot;}\">\n\t\t\t\t\t<div class=\"e-con-inner\">\n\t\t<div class=\"elementor-element elementor-element-2142111f e-con-full e-flex e-con e-child\" data-id=\"2142111f\" data-element_type=\"container\" data-e-type=\"container\">\n\t\t\t\t<div class=\"elementor-element elementor-element-4b88e4b5 elementor-widget elementor-widget-heading\" data-id=\"4b88e4b5\" data-element_type=\"widget\" data-e-type=\"widget\" data-widget_type=\"heading.default\">\n\t\t\t\t<div class=\"elementor-widget-container\">\n\t\t\t\t\t<h2 class=\"elementor-heading-title elementor-size-default\">DiningManager<\/h2>\t\t\t\t<\/div>\n\t\t\t\t<\/div>\n\t\t\t\t<div class=\"elementor-element elementor-element-68987b18 elementor-widget elementor-widget-text-editor\" data-id=\"68987b18\" data-element_type=\"widget\" data-e-type=\"widget\" data-widget_type=\"text-editor.default\">\n\t\t\t\t<div class=\"elementor-widget-container\">\n\t\t\t\t\t\t\t\t\t<p>Fomentando la alegr\u00eda a trav\u00e9s de la comida con Dining Manager de DiningRD.<\/p>\t\t\t\t\t\t\t\t<\/div>\n\t\t\t\t<\/div>\n\t\t\t\t<\/div>\n\t\t\t\t\t<\/div>\n\t\t\t\t<\/div>\n\t\t<div class=\"elementor-element elementor-element-250315 e-flex e-con-boxed e-con e-parent\" data-id=\"250315\" data-element_type=\"container\" data-e-type=\"container\">\n\t\t\t\t\t<div class=\"e-con-inner\">\n\t\t<div class=\"elementor-element elementor-element-3170e06a e-con-full e-flex e-con e-child\" data-id=\"3170e06a\" data-element_type=\"container\" data-e-type=\"container\">\n\t\t\t\t<div class=\"elementor-element elementor-element-477600b7 elementor-widget elementor-widget-text-editor\" data-id=\"477600b7\" data-element_type=\"widget\" data-e-type=\"widget\" data-widget_type=\"text-editor.default\">\n\t\t\t\t<div class=\"elementor-widget-container\">\n\t\t\t\t\t\t\t\t\t<p>RESIDENCIAL PARA PERSONAS MAYORES Y ATENCI\u00d3N M\u00c9DICA<\/p>\t\t\t\t\t\t\t\t<\/div>\n\t\t\t\t<\/div>\n\t\t\t\t<div class=\"elementor-element elementor-element-3ffa6e07 elementor-widget elementor-widget-heading\" data-id=\"3ffa6e07\" data-element_type=\"widget\" data-e-type=\"widget\" data-widget_type=\"heading.default\">\n\t\t\t\t<div class=\"elementor-widget-container\">\n\t\t\t\t\t<h2 class=\"elementor-heading-title elementor-size-default translation-block\">Soluciones de Men\u00fas y Residentes para Mejorar su Operaci\u00f3n de Servicio de Alimentos<\/h2>\t\t\t\t<\/div>\n\t\t\t\t<\/div>\n\t\t\t\t<div class=\"elementor-element elementor-element-78184bc9 elementor-widget elementor-widget-text-editor\" data-id=\"78184bc9\" data-element_type=\"widget\" data-e-type=\"widget\" data-widget_type=\"text-editor.default\">\n\t\t\t\t<div class=\"elementor-widget-container\">\n\t\t\t\t\t\t\t\t\t<p>DiningManager, un conjunto de software modular, incluye una variedad de men\u00fas de temporada y permite una personalizaci\u00f3n e integraci\u00f3n f\u00e1ciles de usar con varios sistemas de Historia Cl\u00ednica Electr\u00f3nica (HCE) para apoyar un servicio de alimentos centrado en el residente. La tecnolog\u00eda de estilo de restaurante se adapta a las preferencias individuales para el servicio de comidas. Detr\u00e1s de escena, las integraciones mejoradas forman la base para una gesti\u00f3n eficiente de la adquisici\u00f3n de alimentos y los presupuestos.<\/p>\t\t\t\t\t\t\t\t<\/div>\n\t\t\t\t<\/div>\n\t\t<div class=\"elementor-element elementor-element-1645eb38 e-grid e-con-full e-con e-child\" data-id=\"1645eb38\" data-element_type=\"container\" data-e-type=\"container\">\n\t\t\t\t<div class=\"elementor-element elementor-element-1bcbc6db elementor-widget elementor-widget-button\" data-id=\"1bcbc6db\" data-element_type=\"widget\" data-e-type=\"widget\" data-widget_type=\"button.default\">\n\t\t\t\t<div class=\"elementor-widget-container\">\n\t\t\t\t\t\t\t\t\t<div class=\"elementor-button-wrapper\">\n\t\t\t\t\t<a class=\"elementor-button elementor-button-link elementor-size-sm\" href=\"https:\/\/forms.monday.com\/forms\/df15513fcf75790035fec82be7c6a2f0?r=use1\" target=\"_blank\">\n\t\t\t\t\t\t<span class=\"elementor-button-content-wrapper\">\n\t\t\t\t\t\t\t\t\t<span class=\"elementor-button-text\">Comun\u00edquese con DiningRD para Obtener M\u00e1s Informaci\u00f3n<\/span>\n\t\t\t\t\t<\/span>\n\t\t\t\t\t<\/a>\n\t\t\t\t<\/div>\n\t\t\t\t\t\t\t\t<\/div>\n\t\t\t\t<\/div>\n\t\t\t\t<\/div>\n\t\t\t\t<\/div>\n\t\t<div class=\"elementor-element elementor-element-d3f4f08 e-con-full e-flex e-con e-child\" data-id=\"d3f4f08\" data-element_type=\"container\" data-e-type=\"container\">\n\t\t\t\t<div class=\"elementor-element elementor-element-35cc312f elementor-widget elementor-widget-image\" data-id=\"35cc312f\" data-element_type=\"widget\" data-e-type=\"widget\" data-widget_type=\"image.default\">\n\t\t\t\t<div class=\"elementor-widget-container\">\n\t\t\t\t\t\t\t\t\t\t\t\t\t\t\t<img fetchpriority=\"high\" decoding=\"async\" width=\"468\" height=\"267\" src=\"https:\/\/gfs.com\/wp-content\/uploads\/2024\/06\/DiningRD-Logo-Full-Color.png\" class=\"attachment-large size-large wp-image-30620\" alt=\"\" srcset=\"https:\/\/gfs.com\/wp-content\/uploads\/2024\/06\/DiningRD-Logo-Full-Color.png 468w, https:\/\/gfs.com\/wp-content\/uploads\/2024\/06\/DiningRD-Logo-Full-Color-300x171.png 300w, https:\/\/gfs.com\/wp-content\/uploads\/2024\/06\/DiningRD-Logo-Full-Color-18x10.png 18w\" sizes=\"(max-width: 468px) 100vw, 468px\" \/>\t\t\t\t\t\t\t\t\t\t\t\t\t\t\t<\/div>\n\t\t\t\t<\/div>\n\t\t\t\t<\/div>\n\t\t\t\t\t<\/div>\n\t\t\t\t<\/div>\n\t\t<div class=\"elementor-element elementor-element-24cd474c e-flex e-con-boxed e-con e-parent\" data-id=\"24cd474c\" data-element_type=\"container\" data-e-type=\"container\" data-settings=\"{&quot;background_background&quot;:&quot;classic&quot;}\">\n\t\t\t\t\t<div class=\"e-con-inner\">\n\t\t\t\t<div class=\"elementor-element elementor-element-2530794c elementor-widget elementor-widget-heading\" data-id=\"2530794c\" data-element_type=\"widget\" data-e-type=\"widget\" data-widget_type=\"heading.default\">\n\t\t\t\t<div class=\"elementor-widget-container\">\n\t\t\t\t\t<h2 class=\"elementor-heading-title elementor-size-default\">Caracter\u00edsticas de DiningManager y Servicios Adicionales<\/h2>\t\t\t\t<\/div>\n\t\t\t\t<\/div>\n\t\t\t\t<div class=\"elementor-element elementor-element-2a17d943 elementor-widget elementor-widget-text-editor\" data-id=\"2a17d943\" data-element_type=\"widget\" data-e-type=\"widget\" data-widget_type=\"text-editor.default\">\n\t\t\t\t<div class=\"elementor-widget-container\">\n\t\t\t\t\t\t\t\t\t<p>Tenemos la aplicaci\u00f3n dividida en m\u00f3dulos, y usted puede decidir cu\u00e1les son los adecuados para usted. Esta herramienta digital est\u00e1 destinada a nuestros clientes.<\/p>\t\t\t\t\t\t\t\t<\/div>\n\t\t\t\t<\/div>\n\t\t<div class=\"elementor-element elementor-element-393491 e-grid e-con-full e-con e-child\" data-id=\"393491\" data-element_type=\"container\" data-e-type=\"container\">\n\t\t<div class=\"elementor-element elementor-element-4b5039b8 e-con-full e-flex e-con e-child\" data-id=\"4b5039b8\" data-element_type=\"container\" data-e-type=\"container\" data-settings=\"{&quot;background_background&quot;:&quot;classic&quot;}\">\n\t\t\t\t<div class=\"elementor-element elementor-element-6541170e elementor-widget elementor-widget-heading\" data-id=\"6541170e\" data-element_type=\"widget\" data-e-type=\"widget\" data-widget_type=\"heading.default\">\n\t\t\t\t<div class=\"elementor-widget-container\">\n\t\t\t\t\t<h2 class=\"elementor-heading-title elementor-size-default\">Usuarios Ilimitados<\/h2>\t\t\t\t<\/div>\n\t\t\t\t<\/div>\n\t\t\t\t<\/div>\n\t\t<div class=\"elementor-element elementor-element-08ffe13 e-con-full e-flex e-con e-child\" data-id=\"08ffe13\" data-element_type=\"container\" data-e-type=\"container\" data-settings=\"{&quot;background_background&quot;:&quot;classic&quot;}\">\n\t\t\t\t<div class=\"elementor-element elementor-element-0706848 elementor-widget elementor-widget-heading\" data-id=\"0706848\" data-element_type=\"widget\" data-e-type=\"widget\" data-widget_type=\"heading.default\">\n\t\t\t\t<div class=\"elementor-widget-container\">\n\t\t\t\t\t<h2 class=\"elementor-heading-title elementor-size-default\">Soporte Virtual Gratuito<\/h2>\t\t\t\t<\/div>\n\t\t\t\t<\/div>\n\t\t\t\t<\/div>\n\t\t<div class=\"elementor-element elementor-element-acbaa19 e-con-full e-flex e-con e-child\" data-id=\"acbaa19\" data-element_type=\"container\" data-e-type=\"container\" data-settings=\"{&quot;background_background&quot;:&quot;classic&quot;}\">\n\t\t\t\t<div class=\"elementor-element elementor-element-d9e30ea elementor-widget elementor-widget-heading\" data-id=\"d9e30ea\" data-element_type=\"widget\" data-e-type=\"widget\" data-widget_type=\"heading.default\">\n\t\t\t\t<div class=\"elementor-widget-container\">\n\t\t\t\t\t<h2 class=\"elementor-heading-title elementor-size-default\">Men\u00fas y Recetas Personalizables<\/h2>\t\t\t\t<\/div>\n\t\t\t\t<\/div>\n\t\t\t\t<\/div>\n\t\t<div class=\"elementor-element elementor-element-0d155eb e-con-full e-flex e-con e-child\" data-id=\"0d155eb\" data-element_type=\"container\" data-e-type=\"container\" data-settings=\"{&quot;background_background&quot;:&quot;classic&quot;}\">\n\t\t\t\t<div class=\"elementor-element elementor-element-42be488 elementor-widget elementor-widget-heading\" data-id=\"42be488\" data-element_type=\"widget\" data-e-type=\"widget\" data-widget_type=\"heading.default\">\n\t\t\t\t<div class=\"elementor-widget-container\">\n\t\t\t\t\t<h2 class=\"elementor-heading-title elementor-size-default\">Hojas de C\u00e1lculo de Dietas Terap\u00e9uticas<\/h2>\t\t\t\t<\/div>\n\t\t\t\t<\/div>\n\t\t\t\t<\/div>\n\t\t<div class=\"elementor-element elementor-element-1b4c97a e-con-full e-flex e-con e-child\" data-id=\"1b4c97a\" data-element_type=\"container\" data-e-type=\"container\" data-settings=\"{&quot;background_background&quot;:&quot;classic&quot;}\">\n\t\t\t\t<div class=\"elementor-element elementor-element-5ebc4c2 elementor-widget elementor-widget-heading\" data-id=\"5ebc4c2\" data-element_type=\"widget\" data-e-type=\"widget\" data-widget_type=\"heading.default\">\n\t\t\t\t<div class=\"elementor-widget-container\">\n\t\t\t\t\t<h2 class=\"elementor-heading-title elementor-size-default\">Listas de Compras Integradas<\/h2>\t\t\t\t<\/div>\n\t\t\t\t<\/div>\n\t\t\t\t<\/div>\n\t\t<div class=\"elementor-element elementor-element-a5d4699 e-con-full e-flex e-con e-child\" data-id=\"a5d4699\" data-element_type=\"container\" data-e-type=\"container\" data-settings=\"{&quot;background_background&quot;:&quot;classic&quot;}\">\n\t\t\t\t<div class=\"elementor-element elementor-element-9b387f4 elementor-widget elementor-widget-heading\" data-id=\"9b387f4\" data-element_type=\"widget\" data-e-type=\"widget\" data-widget_type=\"heading.default\">\n\t\t\t\t<div class=\"elementor-widget-container\">\n\t\t\t\t\t<h2 class=\"elementor-heading-title elementor-size-default\">Herramientas de Gesti\u00f3n para el Control de Costos<\/h2>\t\t\t\t<\/div>\n\t\t\t\t<\/div>\n\t\t\t\t<\/div>\n\t\t<div class=\"elementor-element elementor-element-eebe6e8 e-con-full e-flex e-con e-child\" data-id=\"eebe6e8\" data-element_type=\"container\" data-e-type=\"container\" data-settings=\"{&quot;background_background&quot;:&quot;classic&quot;}\">\n\t\t\t\t<div class=\"elementor-element elementor-element-f02770b elementor-widget elementor-widget-heading\" data-id=\"f02770b\" data-element_type=\"widget\" data-e-type=\"widget\" data-widget_type=\"heading.default\">\n\t\t\t\t<div class=\"elementor-widget-container\">\n\t\t\t\t\t<h2 class=\"elementor-heading-title elementor-size-default\">Recursos de Men\u00fa de Emergencia<\/h2>\t\t\t\t<\/div>\n\t\t\t\t<\/div>\n\t\t\t\t<\/div>\n\t\t<div class=\"elementor-element elementor-element-fac5ed2 e-con-full e-flex e-con e-child\" data-id=\"fac5ed2\" data-element_type=\"container\" data-e-type=\"container\" data-settings=\"{&quot;background_background&quot;:&quot;classic&quot;}\">\n\t\t\t\t<div class=\"elementor-element elementor-element-ef5883a elementor-widget elementor-widget-heading\" data-id=\"ef5883a\" data-element_type=\"widget\" data-e-type=\"widget\" data-widget_type=\"heading.default\">\n\t\t\t\t<div class=\"elementor-widget-container\">\n\t\t\t\t\t<h2 class=\"elementor-heading-title elementor-size-default\">Informaci\u00f3n y An\u00e1lisis Nutricional<\/h2>\t\t\t\t<\/div>\n\t\t\t\t<\/div>\n\t\t\t\t<\/div>\n\t\t\t\t<\/div>\n\t\t\t\t\t<\/div>\n\t\t\t\t<\/div>\n\t\t<div class=\"elementor-element elementor-element-cfa0343 e-flex e-con-boxed e-con e-parent\" data-id=\"cfa0343\" data-element_type=\"container\" data-e-type=\"container\">\n\t\t\t\t\t<div class=\"e-con-inner\">\n\t\t<div class=\"elementor-element elementor-element-87078aa e-con-full e-flex e-con e-child\" data-id=\"87078aa\" data-element_type=\"container\" data-e-type=\"container\">\n\t\t\t\t<div class=\"elementor-element elementor-element-d47bc5d elementor-widget elementor-widget-image\" data-id=\"d47bc5d\" data-element_type=\"widget\" data-e-type=\"widget\" data-widget_type=\"image.default\">\n\t\t\t\t<div class=\"elementor-widget-container\">\n\t\t\t\t\t\t\t\t\t\t\t\t\t\t\t<img decoding=\"async\" width=\"800\" height=\"671\" src=\"https:\/\/gfs.com\/wp-content\/uploads\/2024\/06\/Dining-Manager-Preview.png\" class=\"attachment-large size-large wp-image-30619\" alt=\"\" srcset=\"https:\/\/gfs.com\/wp-content\/uploads\/2024\/06\/Dining-Manager-Preview.png 940w, https:\/\/gfs.com\/wp-content\/uploads\/2024\/06\/Dining-Manager-Preview-300x251.png 300w, https:\/\/gfs.com\/wp-content\/uploads\/2024\/06\/Dining-Manager-Preview-768x644.png 768w, https:\/\/gfs.com\/wp-content\/uploads\/2024\/06\/Dining-Manager-Preview-14x12.png 14w\" sizes=\"(max-width: 800px) 100vw, 800px\" \/>\t\t\t\t\t\t\t\t\t\t\t\t\t\t\t<\/div>\n\t\t\t\t<\/div>\n\t\t\t\t<\/div>\n\t\t<div class=\"elementor-element elementor-element-8b70259 e-con-full e-flex e-con e-child\" data-id=\"8b70259\" data-element_type=\"container\" data-e-type=\"container\">\n\t\t\t\t<div class=\"elementor-element elementor-element-d0bc30d elementor-widget elementor-widget-heading\" data-id=\"d0bc30d\" data-element_type=\"widget\" data-e-type=\"widget\" data-widget_type=\"heading.default\">\n\t\t\t\t<div class=\"elementor-widget-container\">\n\t\t\t\t\t<h2 class=\"elementor-heading-title elementor-size-default\">Servicios Adicionales<\/h2>\t\t\t\t<\/div>\n\t\t\t\t<\/div>\n\t\t\t\t<div class=\"elementor-element elementor-element-373bd9a elementor-widget elementor-widget-text-editor\" data-id=\"373bd9a\" data-element_type=\"widget\" data-e-type=\"widget\" data-widget_type=\"text-editor.default\">\n\t\t\t\t<div class=\"elementor-widget-container\">\n\t\t\t\t\t\t\t\t\t<ul><li>Sistema de Tarjeta de Comidas para Residentes<\/li><li>Programa Digital en la Mesa<\/li><li>Registros M\u00e9dicos Integrados<\/li><li>Consultor Dietista Registrado<\/li><li>Manual de Dietas para Atenci\u00f3n a Largo Plazo<\/li><li>Manual de Directrices y Procedimientos<\/li><\/ul>\t\t\t\t\t\t\t\t<\/div>\n\t\t\t\t<\/div>\n\t\t\t\t<\/div>\n\t\t\t\t\t<\/div>\n\t\t\t\t<\/div>\n\t\t<div class=\"elementor-element elementor-element-41ac98a e-flex e-con-boxed e-con e-parent\" data-id=\"41ac98a\" data-element_type=\"container\" data-e-type=\"container\">\n\t\t\t\t\t<div class=\"e-con-inner\">\n\t\t<div class=\"elementor-element elementor-element-b1b407a e-con-full e-flex e-con e-child\" data-id=\"b1b407a\" data-element_type=\"container\" data-e-type=\"container\">\n\t\t<div class=\"elementor-element elementor-element-ca44067 e-con-full e-flex e-con e-child\" data-id=\"ca44067\" data-element_type=\"container\" data-e-type=\"container\">\n\t\t\t\t<div class=\"elementor-element elementor-element-a4338f0 elementor-widget elementor-widget-text-editor\" data-id=\"a4338f0\" data-element_type=\"widget\" data-e-type=\"widget\" data-widget_type=\"text-editor.default\">\n\t\t\t\t<div class=\"elementor-widget-container\">\n\t\t\t\t\t\t\t\t\t<p>Colaborar con DiningRD mejorar\u00e1 la satisfacci\u00f3n general de los residentes y los resultados de salud, minimizar\u00e1 los riesgos regulatorios, optimizar\u00e1 las operaciones, mejorar\u00e1 las capacidades del personal y lo equipar\u00e1 con las herramientas necesarias para gestionar los costos de manera efectiva.<\/p><p>\u00bfNecesita ayuda para decidir?\u00a0<\/p><p class=\"translation-block\">Simplemente env\u00edenos un correo electr\u00f3nico a <a href=\"mailto:nrc@gfs.com\" target=\"_self\"><b>nrc@gfs.com<\/b><\/a><\/p>\t\t\t\t\t\t\t\t<\/div>\n\t\t\t\t<\/div>\n\t\t\t\t<\/div>\n\t\t\t\t<\/div>\n\t\t\t\t\t<\/div>\n\t\t\t\t<\/div>\n\t\t\t\t<\/div>","protected":false},"excerpt":{"rendered":"<p>DiningManager Nurturing joy through food with Dining Manager by DiningRD. SENIOR LIVING &amp; HEALTHCARE Menu &amp; ResidentSolutions to Improve Your Foodservice Operation DiningManager, a modular software suite, includes a range of seasonal menus and allows for easy-to-use client customization and integration with various EHR systems supports resident-focused dining. Restaurant-style technology caters to individual preferences for [&hellip;]<\/p>\n","protected":false},"author":20,"featured_media":30620,"parent":14096,"menu_order":0,"comment_status":"closed","ping_status":"closed","template":"","meta":{"_acf_changed":false,"footnotes":""},"class_list":["post-30603","page","type-page","status-publish","has-post-thumbnail","hentry"],"acf":[],"yoast_head":"<!-- This site is optimized with the Yoast SEO Premium plugin v22.9 (Yoast SEO v27.2) - https:\/\/yoast.com\/product\/yoast-seo-premium-wordpress\/ -->\n<title>DiningManager | Gordon Food Service<\/title>\n<meta name=\"description\" content=\"DiningManager, a modular software suite, includes a range of seasonal menus and allows for easy-to-use client customization.\" \/>\n<meta name=\"robots\" content=\"index, follow, max-snippet:-1, max-image-preview:large, max-video-preview:-1\" \/>\n<link rel=\"canonical\" href=\"https:\/\/gfs.com\/es-us\/productos-servicios\/soluciones-tecnologicas\/diningmanager\/\" \/>\n<meta property=\"og:locale\" content=\"es_ES\" \/>\n<meta property=\"og:type\" content=\"article\" \/>\n<meta property=\"og:title\" content=\"DiningManager\" \/>\n<meta property=\"og:description\" content=\"DiningManager, a modular software suite, includes a range of seasonal menus and allows for easy-to-use client customization.\" \/>\n<meta property=\"og:url\" content=\"https:\/\/gfs.com\/es-us\/productos-servicios\/soluciones-tecnologicas\/diningmanager\/\" \/>\n<meta property=\"og:site_name\" content=\"Gordon Food Service\" \/>\n<meta property=\"article:publisher\" content=\"https:\/\/www.facebook.com\/GordonFoodService\/\" \/>\n<meta property=\"article:modified_time\" content=\"2026-03-31T00:06:15+00:00\" \/>\n<meta property=\"og:image\" content=\"https:\/\/gfs.com\/wp-content\/uploads\/2024\/06\/DiningRD-Logo-Full-Color.png\" \/>\n\t<meta property=\"og:image:width\" content=\"468\" \/>\n\t<meta property=\"og:image:height\" content=\"267\" \/>\n\t<meta property=\"og:image:type\" content=\"image\/png\" \/>\n<meta name=\"twitter:card\" content=\"summary_large_image\" \/>\n<meta name=\"twitter:site\" content=\"@GFSDelivers\" \/>\n<meta name=\"twitter:label1\" content=\"Est. reading time\" \/>\n\t<meta name=\"twitter:data1\" content=\"2 minutes\" \/>\n<!-- \/ Yoast SEO Premium plugin. -->","yoast_head_json":{"title":"DiningManager | Gordon Food Service","description":"DiningManager, a modular software suite, includes a range of seasonal menus and allows for easy-to-use client customization.","robots":{"index":"index","follow":"follow","max-snippet":"max-snippet:-1","max-image-preview":"max-image-preview:large","max-video-preview":"max-video-preview:-1"},"canonical":"https:\/\/gfs.com\/es-us\/productos-servicios\/soluciones-tecnologicas\/diningmanager\/","og_locale":"es_ES","og_type":"article","og_title":"DiningManager","og_description":"DiningManager, a modular software suite, includes a range of seasonal menus and allows for easy-to-use client customization.","og_url":"https:\/\/gfs.com\/es-us\/productos-servicios\/soluciones-tecnologicas\/diningmanager\/","og_site_name":"Gordon Food Service","article_publisher":"https:\/\/www.facebook.com\/GordonFoodService\/","article_modified_time":"2026-03-31T00:06:15+00:00","og_image":[{"width":468,"height":267,"url":"https:\/\/gfs.com\/wp-content\/uploads\/2024\/06\/DiningRD-Logo-Full-Color.png","type":"image\/png"}],"twitter_card":"summary_large_image","twitter_site":"@GFSDelivers","twitter_misc":{"Est. reading time":"2 minutes"},"schema":{"@context":"https:\/\/schema.org","@graph":[{"@type":"WebPage","@id":"https:\/\/gfs.com\/products-services\/technology-solutions\/diningmanager\/","url":"https:\/\/gfs.com\/products-services\/technology-solutions\/diningmanager\/","name":"DiningManager | Gordon Food Service","isPartOf":{"@id":"https:\/\/gfs.com\/en-us\/#website"},"primaryImageOfPage":{"@id":"https:\/\/gfs.com\/products-services\/technology-solutions\/diningmanager\/#primaryimage"},"image":{"@id":"https:\/\/gfs.com\/products-services\/technology-solutions\/diningmanager\/#primaryimage"},"thumbnailUrl":"https:\/\/gfs.com\/wp-content\/uploads\/2024\/06\/DiningRD-Logo-Full-Color.png","datePublished":"2024-06-21T15:54:29+00:00","dateModified":"2026-03-31T00:06:15+00:00","description":"DiningManager, a modular software suite, includes a range of seasonal menus and allows for easy-to-use client customization.","breadcrumb":{"@id":"https:\/\/gfs.com\/products-services\/technology-solutions\/diningmanager\/#breadcrumb"},"inLanguage":"es-US","potentialAction":[{"@type":"ReadAction","target":["https:\/\/gfs.com\/products-services\/technology-solutions\/diningmanager\/"]}]},{"@type":"ImageObject","inLanguage":"es-US","@id":"https:\/\/gfs.com\/products-services\/technology-solutions\/diningmanager\/#primaryimage","url":"https:\/\/gfs.com\/wp-content\/uploads\/2024\/06\/DiningRD-Logo-Full-Color.png","contentUrl":"https:\/\/gfs.com\/wp-content\/uploads\/2024\/06\/DiningRD-Logo-Full-Color.png","width":468,"height":267},{"@type":"BreadcrumbList","@id":"https:\/\/gfs.com\/products-services\/technology-solutions\/diningmanager\/#breadcrumb","itemListElement":[{"@type":"ListItem","position":1,"name":"Home","item":"https:\/\/gfs.com\/en-us\/"},{"@type":"ListItem","position":2,"name":"Products &amp; Services","item":"https:\/\/gfs.com\/products-services\/"},{"@type":"ListItem","position":3,"name":"Technology Solutions","item":"https:\/\/gfs.com\/products-services\/technology-solutions\/"},{"@type":"ListItem","position":4,"name":"DiningManager"}]},{"@type":"WebSite","@id":"https:\/\/gfs.com\/en-us\/#website","url":"https:\/\/gfs.com\/en-us\/","name":"Gordon Food Service","description":"","publisher":{"@id":"https:\/\/gfs.com\/en-us\/#organization"},"potentialAction":[{"@type":"SearchAction","target":{"@type":"EntryPoint","urlTemplate":"https:\/\/gfs.com\/en-us\/?s={search_term_string}"},"query-input":{"@type":"PropertyValueSpecification","valueRequired":true,"valueName":"search_term_string"}}],"inLanguage":"es-US"},{"@type":"Organization","@id":"https:\/\/gfs.com\/en-us\/#organization","name":"Gordon Food Service","url":"https:\/\/gfs.com\/en-us\/","logo":{"@type":"ImageObject","inLanguage":"es-US","@id":"https:\/\/gfs.com\/en-us\/#\/schema\/logo\/image\/","url":"https:\/\/gfs.com\/wp-content\/uploads\/2023\/02\/GordonFoodService_Logo_RGB.png","contentUrl":"https:\/\/gfs.com\/wp-content\/uploads\/2023\/02\/GordonFoodService_Logo_RGB.png","width":628,"height":210,"caption":"Gordon Food Service"},"image":{"@id":"https:\/\/gfs.com\/en-us\/#\/schema\/logo\/image\/"},"sameAs":["https:\/\/www.facebook.com\/GordonFoodService\/","https:\/\/x.com\/GFSDelivers","https:\/\/www.instagram.com\/gordonfoodservice\/","https:\/\/www.youtube.com\/@GFSDelivers","https:\/\/www.linkedin.com\/company\/gordon-food-service\/"]}]}},"_links":{"self":[{"href":"https:\/\/gfs.com\/es-us\/wp-json\/wp\/v2\/pages\/30603","targetHints":{"allow":["GET"]}}],"collection":[{"href":"https:\/\/gfs.com\/es-us\/wp-json\/wp\/v2\/pages"}],"about":[{"href":"https:\/\/gfs.com\/es-us\/wp-json\/wp\/v2\/types\/page"}],"author":[{"embeddable":true,"href":"https:\/\/gfs.com\/es-us\/wp-json\/wp\/v2\/users\/20"}],"replies":[{"embeddable":true,"href":"https:\/\/gfs.com\/es-us\/wp-json\/wp\/v2\/comments?post=30603"}],"version-history":[{"count":53,"href":"https:\/\/gfs.com\/es-us\/wp-json\/wp\/v2\/pages\/30603\/revisions"}],"predecessor-version":[{"id":44661,"href":"https:\/\/gfs.com\/es-us\/wp-json\/wp\/v2\/pages\/30603\/revisions\/44661"}],"up":[{"embeddable":true,"href":"https:\/\/gfs.com\/es-us\/wp-json\/wp\/v2\/pages\/14096"}],"wp:featuredmedia":[{"embeddable":true,"href":"https:\/\/gfs.com\/es-us\/wp-json\/wp\/v2\/media\/30620"}],"wp:attachment":[{"href":"https:\/\/gfs.com\/es-us\/wp-json\/wp\/v2\/media?parent=30603"}],"curies":[{"name":"wp","href":"https:\/\/api.w.org\/{rel}","templated":true}]}}