{"id":30427,"date":"2024-06-10T14:35:50","date_gmt":"2024-06-10T18:35:50","guid":{"rendered":"https:\/\/gfs.com\/?page_id=30427"},"modified":"2025-07-21T17:07:02","modified_gmt":"2025-07-21T21:07:02","slug":"york-show","status":"publish","type":"page","link":"https:\/\/gfs.com\/es-us\/trends-inspiration\/food-shows\/york-show\/","title":{"rendered":"York Show"},"content":{"rendered":"<div data-elementor-type=\"wp-page\" data-elementor-id=\"30427\" class=\"elementor elementor-30427\" data-elementor-post-type=\"page\">\n\t\t\t\t<div class=\"elementor-element elementor-element-f613a6c e-flex e-con-boxed e-con e-parent\" data-id=\"f613a6c\" data-element_type=\"container\" data-e-type=\"container\" data-settings=\"{&quot;background_background&quot;:&quot;classic&quot;}\">\n\t\t\t\t\t<div class=\"e-con-inner\">\n\t\t<div class=\"elementor-element elementor-element-1e71f28 e-con-full e-flex e-con e-child\" data-id=\"1e71f28\" data-element_type=\"container\" data-e-type=\"container\">\n\t\t\t\t<div class=\"elementor-element elementor-element-4e59d69 elementor-widget elementor-widget-heading\" data-id=\"4e59d69\" data-element_type=\"widget\" data-e-type=\"widget\" data-widget_type=\"heading.default\">\n\t\t\t\t<div class=\"elementor-widget-container\">\n\t\t\t\t\t<h2 class=\"elementor-heading-title elementor-size-default\">York<br>Show<\/h2>\t\t\t\t<\/div>\n\t\t\t\t<\/div>\n\t\t\t\t<div class=\"elementor-element elementor-element-5845449 elementor-widget elementor-widget-button\" data-id=\"5845449\" data-element_type=\"widget\" data-e-type=\"widget\" data-widget_type=\"button.default\">\n\t\t\t\t<div class=\"elementor-widget-container\">\n\t\t\t\t\t\t\t\t\t<div class=\"elementor-button-wrapper\">\n\t\t\t\t\t<a class=\"elementor-button elementor-button-link elementor-size-sm\" href=\"#\">\n\t\t\t\t\t\t<span class=\"elementor-button-content-wrapper\">\n\t\t\t\t\t\t\t\t\t<span class=\"elementor-button-text\">Registration Coming Soon<\/span>\n\t\t\t\t\t<\/span>\n\t\t\t\t\t<\/a>\n\t\t\t\t<\/div>\n\t\t\t\t\t\t\t\t<\/div>\n\t\t\t\t<\/div>\n\t\t\t\t<\/div>\n\t\t<div class=\"elementor-element elementor-element-078da17 e-con-full e-flex e-con e-child\" data-id=\"078da17\" data-element_type=\"container\" data-e-type=\"container\">\n\t\t<div class=\"elementor-element elementor-element-6ac360d e-con-full e-flex e-con e-child\" data-id=\"6ac360d\" data-element_type=\"container\" data-e-type=\"container\" data-settings=\"{&quot;background_background&quot;:&quot;classic&quot;}\">\n\t\t\t\t<div class=\"elementor-element elementor-element-ce6c65a elementor-widget elementor-widget-text-editor\" data-id=\"ce6c65a\" data-element_type=\"widget\" data-e-type=\"widget\" data-widget_type=\"text-editor.default\">\n\t\t\t\t<div class=\"elementor-widget-container\">\n\t\t\t\t\t\t\t\t\t<p><strong>Fecha:<\/strong> October 9, 2024<\/p><p><strong>Hora:<\/strong> 9:00 AM &#8211; 4:00 PM EST<\/p><p><strong>Ubicaci\u00f3n:<\/strong> York Expo Center<\/p><p><strong>Direcci\u00f3n del lugar:<\/strong> 334 Carlisle Ave, York, PA 17404<\/p>\t\t\t\t\t\t\t\t<\/div>\n\t\t\t\t<\/div>\n\t\t\t\t<\/div>\n\t\t\t\t<\/div>\n\t\t\t\t\t<\/div>\n\t\t\t\t<\/div>\n\t\t<div class=\"elementor-element elementor-element-956a684 e-flex e-con-boxed e-con e-parent\" data-id=\"956a684\" data-element_type=\"container\" data-e-type=\"container\" data-settings=\"{&quot;background_background&quot;:&quot;classic&quot;}\">\n\t\t\t\t\t<div class=\"e-con-inner\">\n\t\t\t\t<div class=\"elementor-element elementor-element-f9e1a06 elementor-widget elementor-widget-heading\" data-id=\"f9e1a06\" data-element_type=\"widget\" data-e-type=\"widget\" data-widget_type=\"heading.default\">\n\t\t\t\t<div class=\"elementor-widget-container\">\n\t\t\t\t\t<h2 class=\"elementor-heading-title elementor-size-default\">Qu\u00e9 esperar<\/h2>\t\t\t\t<\/div>\n\t\t\t\t<\/div>\n\t\t<div class=\"elementor-element elementor-element-c5d1702 e-grid e-con-full e-con e-child\" data-id=\"c5d1702\" data-element_type=\"container\" data-e-type=\"container\">\n\t\t<div class=\"elementor-element elementor-element-1b5fa9e e-con-full e-flex e-con e-child\" data-id=\"1b5fa9e\" data-element_type=\"container\" data-e-type=\"container\" data-settings=\"{&quot;background_background&quot;:&quot;classic&quot;}\">\n\t\t\t\t<div class=\"elementor-element elementor-element-4a28752 elementor-widget elementor-widget-heading\" data-id=\"4a28752\" data-element_type=\"widget\" data-e-type=\"widget\" data-widget_type=\"heading.default\">\n\t\t\t\t<div class=\"elementor-widget-container\">\n\t\t\t\t\t<h2 class=\"elementor-heading-title elementor-size-default\">Incentivos<\/h2>\t\t\t\t<\/div>\n\t\t\t\t<\/div>\n\t\t\t\t<div class=\"elementor-element elementor-element-8d7dabb elementor-widget elementor-widget-text-editor\" data-id=\"8d7dabb\" data-element_type=\"widget\" data-e-type=\"widget\" data-widget_type=\"text-editor.default\">\n\t\t\t\t<div class=\"elementor-widget-container\">\n\t\t\t\t\t\t\t\t\t<p>As a thank you for attending the show, you\u2019ll automatically receive discounts on all eligible products delivered from 10\/27\/24 &#8211; 12\/21\/24. <br \/>Off-invoice discounts are not offered to program accounts with contract pricing.<\/p>\t\t\t\t\t\t\t\t<\/div>\n\t\t\t\t<\/div>\n\t\t\t\t<\/div>\n\t\t<div class=\"elementor-element elementor-element-d41d522 e-con-full e-flex e-con e-child\" data-id=\"d41d522\" data-element_type=\"container\" data-e-type=\"container\" data-settings=\"{&quot;background_background&quot;:&quot;classic&quot;}\">\n\t\t\t\t<div class=\"elementor-element elementor-element-fdae894 elementor-widget elementor-widget-heading\" data-id=\"fdae894\" data-element_type=\"widget\" data-e-type=\"widget\" data-widget_type=\"heading.default\">\n\t\t\t\t<div class=\"elementor-widget-container\">\n\t\t\t\t\t<h2 class=\"elementor-heading-title elementor-size-default\">Pautas de asistencia<\/h2>\t\t\t\t<\/div>\n\t\t\t\t<\/div>\n\t\t\t\t<div class=\"elementor-element elementor-element-ffd40fa elementor-widget elementor-widget-text-editor\" data-id=\"ffd40fa\" data-element_type=\"widget\" data-e-type=\"widget\" data-widget_type=\"text-editor.default\">\n\t\t\t\t<div class=\"elementor-widget-container\">\n\t\t\t\t\t\t\t\t\t<p><strong>Tenga en cuenta: Solo adultos<\/strong><\/p><p>Como parte de nuestro compromiso de brindar un entorno profesional para todos los invitados, no se permite la entrada de ni\u00f1os menores de 18 a\u00f1os a nuestros shows. Los estudiantes de culinaria menores de 18 a\u00f1os son bienvenidos al show despu\u00e9s de la 1:00 p. m. Se requiere un acompa\u00f1ante adulto por cada 10 estudiantes.<\/p>\t\t\t\t\t\t\t\t<\/div>\n\t\t\t\t<\/div>\n\t\t\t\t<\/div>\n\t\t<div class=\"elementor-element elementor-element-cc60e39 e-con-full e-flex e-con e-child\" data-id=\"cc60e39\" data-element_type=\"container\" data-e-type=\"container\" data-settings=\"{&quot;background_background&quot;:&quot;classic&quot;}\">\n\t\t\t\t<div class=\"elementor-element elementor-element-fac73b9 elementor-widget elementor-widget-heading\" data-id=\"fac73b9\" data-element_type=\"widget\" data-e-type=\"widget\" data-widget_type=\"heading.default\">\n\t\t\t\t<div class=\"elementor-widget-container\">\n\t\t\t\t\t<h2 class=\"elementor-heading-title elementor-size-default\">New Wagon Policy<\/h2>\t\t\t\t<\/div>\n\t\t\t\t<\/div>\n\t\t\t\t<div class=\"elementor-element elementor-element-567ad6c elementor-widget elementor-widget-text-editor\" data-id=\"567ad6c\" data-element_type=\"widget\" data-e-type=\"widget\" data-widget_type=\"text-editor.default\">\n\t\t\t\t<div class=\"elementor-widget-container\">\n\t\t\t\t\t\t\t\t\t<p>New this season, a no wagon nor wheeled carts policy will be implemented by Security at our entry doors to the exhibit halls. Due to local health code and the safety of all guests, wagons and wheeled carts are no longer permitted on the show floor and will be requested to be left in personal vehicles.<\/p>\t\t\t\t\t\t\t\t<\/div>\n\t\t\t\t<\/div>\n\t\t\t\t<\/div>\n\t\t\t\t<\/div>\n\t\t<div class=\"elementor-element elementor-element-d4dda58 e-grid e-con-full e-con e-child\" data-id=\"d4dda58\" data-element_type=\"container\" data-e-type=\"container\">\n\t\t<div class=\"elementor-element elementor-element-85a14a0 e-con-full e-flex e-con e-child\" data-id=\"85a14a0\" data-element_type=\"container\" data-e-type=\"container\" data-settings=\"{&quot;background_background&quot;:&quot;classic&quot;}\">\n\t\t\t\t<div class=\"elementor-element elementor-element-1ed0247 elementor-widget elementor-widget-heading\" data-id=\"1ed0247\" data-element_type=\"widget\" data-e-type=\"widget\" data-widget_type=\"heading.default\">\n\t\t\t\t<div class=\"elementor-widget-container\">\n\t\t\t\t\t<h2 class=\"elementor-heading-title elementor-size-default\">Estacionamiento gratuito para clientes<\/h2>\t\t\t\t<\/div>\n\t\t\t\t<\/div>\n\t\t\t\t<div class=\"elementor-element elementor-element-f194e2d elementor-widget elementor-widget-text-editor\" data-id=\"f194e2d\" data-element_type=\"widget\" data-e-type=\"widget\" data-widget_type=\"text-editor.default\">\n\t\t\t\t<div class=\"elementor-widget-container\">\n\t\t\t\t\t\t\t\t\t<p><strong>Coming Soon!<\/strong><\/p>\t\t\t\t\t\t\t\t<\/div>\n\t\t\t\t<\/div>\n\t\t\t\t<\/div>\n\t\t\t\t<\/div>\n\t\t\t\t\t<\/div>\n\t\t\t\t<\/div>\n\t\t<div class=\"elementor-element elementor-element-4463ad5 e-flex e-con-boxed e-con e-parent\" data-id=\"4463ad5\" data-element_type=\"container\" data-e-type=\"container\" data-settings=\"{&quot;background_background&quot;:&quot;classic&quot;}\">\n\t\t\t\t\t<div class=\"e-con-inner\">\n\t\t<div class=\"elementor-element elementor-element-4c44016 e-con-full e-flex e-con e-child\" data-id=\"4c44016\" data-element_type=\"container\" data-e-type=\"container\">\n\t\t\t\t<div class=\"elementor-element elementor-element-d99afba elementor-widget elementor-widget-heading\" data-id=\"d99afba\" data-element_type=\"widget\" data-e-type=\"widget\" data-widget_type=\"heading.default\">\n\t\t\t\t<div class=\"elementor-widget-container\">\n\t\t\t\t\t<h2 class=\"elementor-heading-title elementor-size-default\">Cr\u00e9ditos de Educaci\u00f3n Continua<\/h2>\t\t\t\t<\/div>\n\t\t\t\t<\/div>\n\t\t\t\t<div class=\"elementor-element elementor-element-b680544 elementor-widget elementor-widget-text-editor\" data-id=\"b680544\" data-element_type=\"widget\" data-e-type=\"widget\" data-widget_type=\"text-editor.default\">\n\t\t\t\t<div class=\"elementor-widget-container\">\n\t\t\t\t\t\t\t\t\t<p>Los miembros de la Association of Nutrition and Foodservice Professionals (ANFP) y de la American Culinary Federation (ACF) pueden obtener hasta 3 unidades de educaci\u00f3n continua (CEU) al recorrer las exhibiciones. Est\u00e9 atento al correo electr\u00f3nico posterior al evento para solicitar su certificado.<\/p>\t\t\t\t\t\t\t\t<\/div>\n\t\t\t\t<\/div>\n\t\t\t\t<\/div>\n\t\t\t\t\t<\/div>\n\t\t\t\t<\/div>\n\t\t<div class=\"elementor-element elementor-element-22d10f1 e-flex e-con-boxed e-con e-parent\" data-id=\"22d10f1\" data-element_type=\"container\" data-e-type=\"container\" data-settings=\"{&quot;background_background&quot;:&quot;classic&quot;}\">\n\t\t\t\t\t<div class=\"e-con-inner\">\n\t\t<div class=\"elementor-element elementor-element-5ff3812 e-con-full e-flex e-con e-child\" data-id=\"5ff3812\" data-element_type=\"container\" data-e-type=\"container\">\n\t\t\t\t<div class=\"elementor-element elementor-element-094668e elementor-widget elementor-widget-heading\" data-id=\"094668e\" data-element_type=\"widget\" data-e-type=\"widget\" data-widget_type=\"heading.default\">\n\t\t\t\t<div class=\"elementor-widget-container\">\n\t\t\t\t\t<h2 class=\"elementor-heading-title elementor-size-default\">\u00a1Esperamos verte en Nuestros Eventos!<\/h2>\t\t\t\t<\/div>\n\t\t\t\t<\/div>\n\t\t\t\t<div class=\"elementor-element elementor-element-4fc8e43 elementor-widget elementor-widget-text-editor\" data-id=\"4fc8e43\" data-element_type=\"widget\" data-e-type=\"widget\" data-widget_type=\"text-editor.default\">\n\t\t\t\t<div class=\"elementor-widget-container\">\n\t\t\t\t\t\t\t\t\t<p>Sum\u00e9rgete en un cautivador viaje de sabores y delicias culinarias mientras nuestros eventos te transportan a cocinas vibrantes, estufas chisporroteantes y experiencias gastron\u00f3micas que te dejar\u00e1n con ganas de m\u00e1s.<\/p>\t\t\t\t\t\t\t\t<\/div>\n\t\t\t\t<\/div>\n\t\t\t\t<\/div>\n\t\t\t\t\t<\/div>\n\t\t\t\t<\/div>\n\t\t\t\t<\/div>","protected":false},"excerpt":{"rendered":"<p>YorkShow Registration Coming Soon Date: October 9, 2024 Time: 9:00 AM &#8211; 4:00 PM EST Location: York Expo Center Venue Address: 334 Carlisle Ave, York, PA 17404 What to Expect Incentives As a thank you for attending the show, you\u2019ll automatically receive discounts on all eligible products delivered from 10\/27\/24 &#8211; 12\/21\/24. Off-invoice discounts are [&hellip;]<\/p>\n","protected":false},"author":20,"featured_media":22689,"parent":10294,"menu_order":0,"comment_status":"closed","ping_status":"closed","template":"","meta":{"_acf_changed":false,"footnotes":""},"class_list":["post-30427","page","type-page","status-publish","has-post-thumbnail","hentry"],"acf":[],"yoast_head":"<!-- This site is optimized with the Yoast SEO Premium plugin v22.9 (Yoast SEO v27.2) - https:\/\/yoast.com\/product\/yoast-seo-premium-wordpress\/ -->\n<title>York Show | Gordon Food Service<\/title>\n<meta name=\"description\" content=\"Join us at the Fall York Food Show! Find inspiration, trends, and more for your operation all in one place!\" \/>\n<meta name=\"robots\" content=\"index, follow, max-snippet:-1, max-image-preview:large, max-video-preview:-1\" \/>\n<link rel=\"canonical\" href=\"https:\/\/gfs.com\/es-us\/tendencias-inspiracion\/espectaculos-de-comida\/york-show\/\" \/>\n<meta property=\"og:locale\" content=\"es_ES\" \/>\n<meta property=\"og:type\" content=\"article\" \/>\n<meta property=\"og:title\" content=\"York Show\" \/>\n<meta property=\"og:description\" content=\"Join us at the Fall York Food Show! Find inspiration, trends, and more for your operation all in one place!\" \/>\n<meta property=\"og:url\" content=\"https:\/\/gfs.com\/es-us\/tendencias-inspiracion\/espectaculos-de-comida\/york-show\/\" \/>\n<meta property=\"og:site_name\" content=\"Gordon Food Service\" \/>\n<meta property=\"article:publisher\" content=\"https:\/\/www.facebook.com\/GordonFoodService\/\" \/>\n<meta property=\"article:modified_time\" content=\"2025-07-21T21:07:02+00:00\" \/>\n<meta property=\"og:image\" content=\"https:\/\/gfs.com\/wp-content\/uploads\/2023\/01\/GR-Show-2022-43-scaled-1.jpg\" \/>\n\t<meta property=\"og:image:width\" content=\"1600\" \/>\n\t<meta property=\"og:image:height\" content=\"1067\" \/>\n\t<meta property=\"og:image:type\" content=\"image\/jpeg\" \/>\n<meta name=\"twitter:card\" content=\"summary_large_image\" \/>\n<meta name=\"twitter:site\" content=\"@GFSDelivers\" \/>\n<meta name=\"twitter:label1\" content=\"Est. reading time\" \/>\n\t<meta name=\"twitter:data1\" content=\"2 minutes\" \/>\n<!-- \/ Yoast SEO Premium plugin. -->","yoast_head_json":{"title":"York Show | Gordon Food Service","description":"Join us at the Fall York Food Show! Find inspiration, trends, and more for your operation all in one place!","robots":{"index":"index","follow":"follow","max-snippet":"max-snippet:-1","max-image-preview":"max-image-preview:large","max-video-preview":"max-video-preview:-1"},"canonical":"https:\/\/gfs.com\/es-us\/tendencias-inspiracion\/espectaculos-de-comida\/york-show\/","og_locale":"es_ES","og_type":"article","og_title":"York Show","og_description":"Join us at the Fall York Food Show! Find inspiration, trends, and more for your operation all in one place!","og_url":"https:\/\/gfs.com\/es-us\/tendencias-inspiracion\/espectaculos-de-comida\/york-show\/","og_site_name":"Gordon Food Service","article_publisher":"https:\/\/www.facebook.com\/GordonFoodService\/","article_modified_time":"2025-07-21T21:07:02+00:00","og_image":[{"width":1600,"height":1067,"url":"https:\/\/gfs.com\/wp-content\/uploads\/2023\/01\/GR-Show-2022-43-scaled-1.jpg","type":"image\/jpeg"}],"twitter_card":"summary_large_image","twitter_site":"@GFSDelivers","twitter_misc":{"Est. reading time":"2 minutes"},"schema":{"@context":"https:\/\/schema.org","@graph":[{"@type":"WebPage","@id":"https:\/\/gfs.com\/trends-inspiration\/food-shows\/york-show\/","url":"https:\/\/gfs.com\/trends-inspiration\/food-shows\/york-show\/","name":"York Show | Gordon Food Service","isPartOf":{"@id":"https:\/\/gfs.com\/en-us\/#website"},"primaryImageOfPage":{"@id":"https:\/\/gfs.com\/trends-inspiration\/food-shows\/york-show\/#primaryimage"},"image":{"@id":"https:\/\/gfs.com\/trends-inspiration\/food-shows\/york-show\/#primaryimage"},"thumbnailUrl":"https:\/\/gfs.com\/wp-content\/uploads\/2023\/01\/GR-Show-2022-43-scaled-1.jpg","datePublished":"2024-06-10T18:35:50+00:00","dateModified":"2025-07-21T21:07:02+00:00","description":"Join us at the Fall York Food Show! Find inspiration, trends, and more for your operation all in one place!","breadcrumb":{"@id":"https:\/\/gfs.com\/trends-inspiration\/food-shows\/york-show\/#breadcrumb"},"inLanguage":"es-US","potentialAction":[{"@type":"ReadAction","target":["https:\/\/gfs.com\/trends-inspiration\/food-shows\/york-show\/"]}]},{"@type":"ImageObject","inLanguage":"es-US","@id":"https:\/\/gfs.com\/trends-inspiration\/food-shows\/york-show\/#primaryimage","url":"https:\/\/gfs.com\/wp-content\/uploads\/2023\/01\/GR-Show-2022-43-scaled-1.jpg","contentUrl":"https:\/\/gfs.com\/wp-content\/uploads\/2023\/01\/GR-Show-2022-43-scaled-1.jpg","width":1600,"height":1067,"caption":"The Sienna Bakery booth at the Gordon Food Service Food Show"},{"@type":"BreadcrumbList","@id":"https:\/\/gfs.com\/trends-inspiration\/food-shows\/york-show\/#breadcrumb","itemListElement":[{"@type":"ListItem","position":1,"name":"Home","item":"https:\/\/gfs.com\/en-us\/"},{"@type":"ListItem","position":2,"name":"Trends &amp; Inspiration","item":"https:\/\/gfs.com\/en-us\/trends-inspiration\/"},{"@type":"ListItem","position":3,"name":"Food Shows","item":"https:\/\/gfs.com\/trends-inspiration\/food-shows\/"},{"@type":"ListItem","position":4,"name":"York Show"}]},{"@type":"WebSite","@id":"https:\/\/gfs.com\/en-us\/#website","url":"https:\/\/gfs.com\/en-us\/","name":"Gordon Food Service","description":"","publisher":{"@id":"https:\/\/gfs.com\/en-us\/#organization"},"potentialAction":[{"@type":"SearchAction","target":{"@type":"EntryPoint","urlTemplate":"https:\/\/gfs.com\/en-us\/?s={search_term_string}"},"query-input":{"@type":"PropertyValueSpecification","valueRequired":true,"valueName":"search_term_string"}}],"inLanguage":"es-US"},{"@type":"Organization","@id":"https:\/\/gfs.com\/en-us\/#organization","name":"Gordon Food Service","url":"https:\/\/gfs.com\/en-us\/","logo":{"@type":"ImageObject","inLanguage":"es-US","@id":"https:\/\/gfs.com\/en-us\/#\/schema\/logo\/image\/","url":"https:\/\/gfs.com\/wp-content\/uploads\/2023\/02\/GordonFoodService_Logo_RGB.png","contentUrl":"https:\/\/gfs.com\/wp-content\/uploads\/2023\/02\/GordonFoodService_Logo_RGB.png","width":628,"height":210,"caption":"Gordon Food Service"},"image":{"@id":"https:\/\/gfs.com\/en-us\/#\/schema\/logo\/image\/"},"sameAs":["https:\/\/www.facebook.com\/GordonFoodService\/","https:\/\/x.com\/GFSDelivers","https:\/\/www.instagram.com\/gordonfoodservice\/","https:\/\/www.youtube.com\/@GFSDelivers","https:\/\/www.linkedin.com\/company\/gordon-food-service\/"]}]}},"_links":{"self":[{"href":"https:\/\/gfs.com\/es-us\/wp-json\/wp\/v2\/pages\/30427","targetHints":{"allow":["GET"]}}],"collection":[{"href":"https:\/\/gfs.com\/es-us\/wp-json\/wp\/v2\/pages"}],"about":[{"href":"https:\/\/gfs.com\/es-us\/wp-json\/wp\/v2\/types\/page"}],"author":[{"embeddable":true,"href":"https:\/\/gfs.com\/es-us\/wp-json\/wp\/v2\/users\/20"}],"replies":[{"embeddable":true,"href":"https:\/\/gfs.com\/es-us\/wp-json\/wp\/v2\/comments?post=30427"}],"version-history":[{"count":34,"href":"https:\/\/gfs.com\/es-us\/wp-json\/wp\/v2\/pages\/30427\/revisions"}],"predecessor-version":[{"id":39836,"href":"https:\/\/gfs.com\/es-us\/wp-json\/wp\/v2\/pages\/30427\/revisions\/39836"}],"up":[{"embeddable":true,"href":"https:\/\/gfs.com\/es-us\/wp-json\/wp\/v2\/pages\/10294"}],"wp:featuredmedia":[{"embeddable":true,"href":"https:\/\/gfs.com\/es-us\/wp-json\/wp\/v2\/media\/22689"}],"wp:attachment":[{"href":"https:\/\/gfs.com\/es-us\/wp-json\/wp\/v2\/media?parent=30427"}],"curies":[{"name":"wp","href":"https:\/\/api.w.org\/{rel}","templated":true}]}}