{"id":30417,"date":"2024-06-10T14:27:23","date_gmt":"2024-06-10T18:27:23","guid":{"rendered":"https:\/\/gfs.com\/?page_id=30417"},"modified":"2025-07-21T17:00:08","modified_gmt":"2025-07-21T21:00:08","slug":"orlando-show","status":"publish","type":"page","link":"https:\/\/gfs.com\/es-us\/trends-inspiration\/food-shows\/orlando-show\/","title":{"rendered":"Orlando Show"},"content":{"rendered":"<div data-elementor-type=\"wp-page\" data-elementor-id=\"30417\" class=\"elementor elementor-30417\" data-elementor-post-type=\"page\">\n\t\t\t\t<div class=\"elementor-element elementor-element-e1d1043 e-flex e-con-boxed e-con e-parent\" data-id=\"e1d1043\" data-element_type=\"container\" data-e-type=\"container\" data-settings=\"{&quot;background_background&quot;:&quot;classic&quot;}\">\n\t\t\t\t\t<div class=\"e-con-inner\">\n\t\t<div class=\"elementor-element elementor-element-5f393af e-con-full e-flex e-con e-child\" data-id=\"5f393af\" data-element_type=\"container\" data-e-type=\"container\">\n\t\t\t\t<div class=\"elementor-element elementor-element-923e377 elementor-widget elementor-widget-heading\" data-id=\"923e377\" data-element_type=\"widget\" data-e-type=\"widget\" data-widget_type=\"heading.default\">\n\t\t\t\t<div class=\"elementor-widget-container\">\n\t\t\t\t\t<h2 class=\"elementor-heading-title elementor-size-default\">Orlando<br>Show<\/h2>\t\t\t\t<\/div>\n\t\t\t\t<\/div>\n\t\t\t\t<div class=\"elementor-element elementor-element-0059125 elementor-widget elementor-widget-button\" data-id=\"0059125\" data-element_type=\"widget\" data-e-type=\"widget\" data-widget_type=\"button.default\">\n\t\t\t\t<div class=\"elementor-widget-container\">\n\t\t\t\t\t\t\t\t\t<div class=\"elementor-button-wrapper\">\n\t\t\t\t\t<a class=\"elementor-button elementor-button-link elementor-size-sm\" href=\"#\">\n\t\t\t\t\t\t<span class=\"elementor-button-content-wrapper\">\n\t\t\t\t\t\t\t\t\t<span class=\"elementor-button-text\">Registration Coming Soon<\/span>\n\t\t\t\t\t<\/span>\n\t\t\t\t\t<\/a>\n\t\t\t\t<\/div>\n\t\t\t\t\t\t\t\t<\/div>\n\t\t\t\t<\/div>\n\t\t\t\t<\/div>\n\t\t<div class=\"elementor-element elementor-element-e1234a7 e-con-full e-flex e-con e-child\" data-id=\"e1234a7\" data-element_type=\"container\" data-e-type=\"container\">\n\t\t<div class=\"elementor-element elementor-element-a942dda e-con-full e-flex e-con e-child\" data-id=\"a942dda\" data-element_type=\"container\" data-e-type=\"container\" data-settings=\"{&quot;background_background&quot;:&quot;classic&quot;}\">\n\t\t\t\t<div class=\"elementor-element elementor-element-c92386b elementor-widget elementor-widget-text-editor\" data-id=\"c92386b\" data-element_type=\"widget\" data-e-type=\"widget\" data-widget_type=\"text-editor.default\">\n\t\t\t\t<div class=\"elementor-widget-container\">\n\t\t\t\t\t\t\t\t\t<p><strong>Fecha:<\/strong> September 25, 2024<\/p><p><strong>Hora:<\/strong> 9:00 AM &#8211; 4:00 PM EST<\/p><p><strong>Ubicaci\u00f3n:<\/strong> Orange County Convention Center West Hall E<\/p><p><strong>Direcci\u00f3n del lugar:<\/strong> 9800 International Drive, Orlando, FL 32819<\/p>\t\t\t\t\t\t\t\t<\/div>\n\t\t\t\t<\/div>\n\t\t\t\t<\/div>\n\t\t\t\t<\/div>\n\t\t\t\t\t<\/div>\n\t\t\t\t<\/div>\n\t\t<div class=\"elementor-element elementor-element-beb65d4 e-flex e-con-boxed e-con e-parent\" data-id=\"beb65d4\" data-element_type=\"container\" data-e-type=\"container\" data-settings=\"{&quot;background_background&quot;:&quot;classic&quot;}\">\n\t\t\t\t\t<div class=\"e-con-inner\">\n\t\t\t\t<div class=\"elementor-element elementor-element-c0d6269 elementor-widget elementor-widget-heading\" data-id=\"c0d6269\" data-element_type=\"widget\" data-e-type=\"widget\" data-widget_type=\"heading.default\">\n\t\t\t\t<div class=\"elementor-widget-container\">\n\t\t\t\t\t<h2 class=\"elementor-heading-title elementor-size-default\">Qu\u00e9 esperar<\/h2>\t\t\t\t<\/div>\n\t\t\t\t<\/div>\n\t\t<div class=\"elementor-element elementor-element-6daaa0a e-grid e-con-full e-con e-child\" data-id=\"6daaa0a\" data-element_type=\"container\" data-e-type=\"container\">\n\t\t<div class=\"elementor-element elementor-element-c95cdeb e-con-full e-flex e-con e-child\" data-id=\"c95cdeb\" data-element_type=\"container\" data-e-type=\"container\" data-settings=\"{&quot;background_background&quot;:&quot;classic&quot;}\">\n\t\t\t\t<div class=\"elementor-element elementor-element-7035cfa elementor-widget elementor-widget-heading\" data-id=\"7035cfa\" data-element_type=\"widget\" data-e-type=\"widget\" data-widget_type=\"heading.default\">\n\t\t\t\t<div class=\"elementor-widget-container\">\n\t\t\t\t\t<h2 class=\"elementor-heading-title elementor-size-default\">Incentivos<\/h2>\t\t\t\t<\/div>\n\t\t\t\t<\/div>\n\t\t\t\t<div class=\"elementor-element elementor-element-969d4a5 elementor-widget elementor-widget-text-editor\" data-id=\"969d4a5\" data-element_type=\"widget\" data-e-type=\"widget\" data-widget_type=\"text-editor.default\">\n\t\t\t\t<div class=\"elementor-widget-container\">\n\t\t\t\t\t\t\t\t\t<p>As a thank you for attending the show, you\u2019ll automatically receive discounts on all eligible products delivered from 10\/13\/24 &#8211; 12\/6\/24. <br \/>Off-invoice discounts are not offered to program accounts with contract pricing.<\/p>\t\t\t\t\t\t\t\t<\/div>\n\t\t\t\t<\/div>\n\t\t\t\t<\/div>\n\t\t<div class=\"elementor-element elementor-element-f9929a3 e-con-full e-flex e-con e-child\" data-id=\"f9929a3\" data-element_type=\"container\" data-e-type=\"container\" data-settings=\"{&quot;background_background&quot;:&quot;classic&quot;}\">\n\t\t\t\t<div class=\"elementor-element elementor-element-2e1a54e elementor-widget elementor-widget-heading\" data-id=\"2e1a54e\" data-element_type=\"widget\" data-e-type=\"widget\" data-widget_type=\"heading.default\">\n\t\t\t\t<div class=\"elementor-widget-container\">\n\t\t\t\t\t<h2 class=\"elementor-heading-title elementor-size-default\">Pautas de asistencia<\/h2>\t\t\t\t<\/div>\n\t\t\t\t<\/div>\n\t\t\t\t<div class=\"elementor-element elementor-element-8bde886 elementor-widget elementor-widget-text-editor\" data-id=\"8bde886\" data-element_type=\"widget\" data-e-type=\"widget\" data-widget_type=\"text-editor.default\">\n\t\t\t\t<div class=\"elementor-widget-container\">\n\t\t\t\t\t\t\t\t\t<p><strong>Tenga en cuenta: Solo adultos<\/strong><\/p><p>As part of our commitment to providing a professional and safe environment for all guests, no children under the age of 18 are permitted in our shows.<\/p><p>Thank you for your cooperation.<\/p>\t\t\t\t\t\t\t\t<\/div>\n\t\t\t\t<\/div>\n\t\t\t\t<\/div>\n\t\t<div class=\"elementor-element elementor-element-71a2afa e-con-full e-flex e-con e-child\" data-id=\"71a2afa\" data-element_type=\"container\" data-e-type=\"container\" data-settings=\"{&quot;background_background&quot;:&quot;classic&quot;}\">\n\t\t\t\t<div class=\"elementor-element elementor-element-80d368f elementor-widget elementor-widget-heading\" data-id=\"80d368f\" data-element_type=\"widget\" data-e-type=\"widget\" data-widget_type=\"heading.default\">\n\t\t\t\t<div class=\"elementor-widget-container\">\n\t\t\t\t\t<h2 class=\"elementor-heading-title elementor-size-default\">New Wagon Policy<\/h2>\t\t\t\t<\/div>\n\t\t\t\t<\/div>\n\t\t\t\t<div class=\"elementor-element elementor-element-cea5307 elementor-widget elementor-widget-text-editor\" data-id=\"cea5307\" data-element_type=\"widget\" data-e-type=\"widget\" data-widget_type=\"text-editor.default\">\n\t\t\t\t<div class=\"elementor-widget-container\">\n\t\t\t\t\t\t\t\t\t<p>New this season, a no wagon nor wheeled carts policy will be implemented by Security at our entry doors to the exhibit halls. Due to local health code and the safety of all guests, wagons and wheeled carts are no longer permitted on the show floor and will be requested to be left in personal vehicles.<\/p>\t\t\t\t\t\t\t\t<\/div>\n\t\t\t\t<\/div>\n\t\t\t\t<\/div>\n\t\t\t\t<\/div>\n\t\t<div class=\"elementor-element elementor-element-0ea0c8d e-grid e-con-full e-con e-child\" data-id=\"0ea0c8d\" data-element_type=\"container\" data-e-type=\"container\">\n\t\t<div class=\"elementor-element elementor-element-6af023e e-con-full e-flex e-con e-child\" data-id=\"6af023e\" data-element_type=\"container\" data-e-type=\"container\" data-settings=\"{&quot;background_background&quot;:&quot;classic&quot;}\">\n\t\t\t\t<div class=\"elementor-element elementor-element-371fc79 elementor-widget elementor-widget-heading\" data-id=\"371fc79\" data-element_type=\"widget\" data-e-type=\"widget\" data-widget_type=\"heading.default\">\n\t\t\t\t<div class=\"elementor-widget-container\">\n\t\t\t\t\t<h2 class=\"elementor-heading-title elementor-size-default\">Estacionamiento gratuito para clientes<\/h2>\t\t\t\t<\/div>\n\t\t\t\t<\/div>\n\t\t\t\t<div class=\"elementor-element elementor-element-37be5ed elementor-widget elementor-widget-text-editor\" data-id=\"37be5ed\" data-element_type=\"widget\" data-e-type=\"widget\" data-widget_type=\"text-editor.default\">\n\t\t\t\t<div class=\"elementor-widget-container\">\n\t\t\t\t\t\t\t\t\t<p><strong>Pr\u00f3ximamente<\/strong><\/p>\t\t\t\t\t\t\t\t<\/div>\n\t\t\t\t<\/div>\n\t\t\t\t<\/div>\n\t\t\t\t<\/div>\n\t\t\t\t\t<\/div>\n\t\t\t\t<\/div>\n\t\t<div class=\"elementor-element elementor-element-00c1640 e-flex e-con-boxed e-con e-parent\" data-id=\"00c1640\" data-element_type=\"container\" data-e-type=\"container\" data-settings=\"{&quot;background_background&quot;:&quot;classic&quot;}\">\n\t\t\t\t\t<div class=\"e-con-inner\">\n\t\t<div class=\"elementor-element elementor-element-1b7f7e5 e-con-full e-flex e-con e-child\" data-id=\"1b7f7e5\" data-element_type=\"container\" data-e-type=\"container\">\n\t\t\t\t<div class=\"elementor-element elementor-element-09937a2 elementor-widget elementor-widget-heading\" data-id=\"09937a2\" data-element_type=\"widget\" data-e-type=\"widget\" data-widget_type=\"heading.default\">\n\t\t\t\t<div class=\"elementor-widget-container\">\n\t\t\t\t\t<h2 class=\"elementor-heading-title elementor-size-default\">Cr\u00e9ditos de Educaci\u00f3n Continua<\/h2>\t\t\t\t<\/div>\n\t\t\t\t<\/div>\n\t\t\t\t<div class=\"elementor-element elementor-element-78f4d2d elementor-widget elementor-widget-text-editor\" data-id=\"78f4d2d\" data-element_type=\"widget\" data-e-type=\"widget\" data-widget_type=\"text-editor.default\">\n\t\t\t\t<div class=\"elementor-widget-container\">\n\t\t\t\t\t\t\t\t\t<p>Los miembros de la Association of Nutrition and Foodservice Professionals (ANFP) y de la American Culinary Federation (ACF) pueden obtener hasta 3 unidades de educaci\u00f3n continua (CEU) al recorrer las exhibiciones. Est\u00e9 atento al correo electr\u00f3nico posterior al evento para solicitar su certificado.<\/p>\t\t\t\t\t\t\t\t<\/div>\n\t\t\t\t<\/div>\n\t\t\t\t<\/div>\n\t\t\t\t\t<\/div>\n\t\t\t\t<\/div>\n\t\t<div class=\"elementor-element elementor-element-82e3b3a e-flex e-con-boxed e-con e-parent\" data-id=\"82e3b3a\" data-element_type=\"container\" data-e-type=\"container\" data-settings=\"{&quot;background_background&quot;:&quot;classic&quot;}\">\n\t\t\t\t\t<div class=\"e-con-inner\">\n\t\t<div class=\"elementor-element elementor-element-00a35e2 e-con-full e-flex e-con e-child\" data-id=\"00a35e2\" data-element_type=\"container\" data-e-type=\"container\">\n\t\t\t\t<div class=\"elementor-element elementor-element-a220844 elementor-widget elementor-widget-heading\" data-id=\"a220844\" data-element_type=\"widget\" data-e-type=\"widget\" data-widget_type=\"heading.default\">\n\t\t\t\t<div class=\"elementor-widget-container\">\n\t\t\t\t\t<h2 class=\"elementor-heading-title elementor-size-default\">\u00a1Esperamos verte en Nuestros Eventos!<\/h2>\t\t\t\t<\/div>\n\t\t\t\t<\/div>\n\t\t\t\t<div class=\"elementor-element elementor-element-9861067 elementor-widget elementor-widget-text-editor\" data-id=\"9861067\" data-element_type=\"widget\" data-e-type=\"widget\" data-widget_type=\"text-editor.default\">\n\t\t\t\t<div class=\"elementor-widget-container\">\n\t\t\t\t\t\t\t\t\t<p>Sum\u00e9rgete en un cautivador viaje de sabores y delicias culinarias mientras nuestros eventos te transportan a cocinas vibrantes, estufas chisporroteantes y experiencias gastron\u00f3micas que te dejar\u00e1n con ganas de m\u00e1s.<\/p>\t\t\t\t\t\t\t\t<\/div>\n\t\t\t\t<\/div>\n\t\t\t\t<\/div>\n\t\t\t\t\t<\/div>\n\t\t\t\t<\/div>\n\t\t\t\t<\/div>","protected":false},"excerpt":{"rendered":"<p>OrlandoShow Registration Coming Soon Date: September 25, 2024 Time: 9:00 AM &#8211; 4:00 PM EST Location: Orange County Convention Center West Hall E Venue Address: 9800 International Drive, Orlando, FL 32819 What to Expect Incentives As a thank you for attending the show, you\u2019ll automatically receive discounts on all eligible products delivered from 10\/13\/24 &#8211; [&hellip;]<\/p>\n","protected":false},"author":20,"featured_media":22689,"parent":10294,"menu_order":0,"comment_status":"closed","ping_status":"closed","template":"","meta":{"_acf_changed":false,"footnotes":""},"class_list":["post-30417","page","type-page","status-publish","has-post-thumbnail","hentry"],"acf":[],"yoast_head":"<!-- This site is optimized with the Yoast SEO Premium plugin v22.9 (Yoast SEO v27.2) - https:\/\/yoast.com\/product\/yoast-seo-premium-wordpress\/ -->\n<title>Orlando Show | Gordon Food Service<\/title>\n<meta name=\"description\" content=\"Join us at the Fall Orlando Food Show! Find inspiration, trends, and more for your operation all in one place!\" \/>\n<meta name=\"robots\" content=\"index, follow, max-snippet:-1, max-image-preview:large, max-video-preview:-1\" \/>\n<link rel=\"canonical\" href=\"https:\/\/gfs.com\/es-us\/tendencias-inspiracion\/espectaculos-de-comida\/orlando-show\/\" \/>\n<meta property=\"og:locale\" content=\"es_ES\" \/>\n<meta property=\"og:type\" content=\"article\" \/>\n<meta property=\"og:title\" content=\"Orlando Show\" \/>\n<meta property=\"og:description\" content=\"Join us at the Fall Orlando Food Show! Find inspiration, trends, and more for your operation all in one place!\" \/>\n<meta property=\"og:url\" content=\"https:\/\/gfs.com\/es-us\/tendencias-inspiracion\/espectaculos-de-comida\/orlando-show\/\" \/>\n<meta property=\"og:site_name\" content=\"Gordon Food Service\" \/>\n<meta property=\"article:publisher\" content=\"https:\/\/www.facebook.com\/GordonFoodService\/\" \/>\n<meta property=\"article:modified_time\" content=\"2025-07-21T21:00:08+00:00\" \/>\n<meta property=\"og:image\" content=\"https:\/\/gfs.com\/wp-content\/uploads\/2023\/01\/GR-Show-2022-43-scaled-1.jpg\" \/>\n\t<meta property=\"og:image:width\" content=\"1600\" \/>\n\t<meta property=\"og:image:height\" content=\"1067\" \/>\n\t<meta property=\"og:image:type\" content=\"image\/jpeg\" \/>\n<meta name=\"twitter:card\" content=\"summary_large_image\" \/>\n<meta name=\"twitter:description\" content=\"Join us at the Fall Orlando Food Show! Find inspiration, trends, and more for your operation all in one place!\" \/>\n<meta name=\"twitter:site\" content=\"@GFSDelivers\" \/>\n<meta name=\"twitter:label1\" content=\"Est. reading time\" \/>\n\t<meta name=\"twitter:data1\" content=\"2 minutes\" \/>\n<!-- \/ Yoast SEO Premium plugin. -->","yoast_head_json":{"title":"Orlando Show | Gordon Food Service","description":"Join us at the Fall Orlando Food Show! Find inspiration, trends, and more for your operation all in one place!","robots":{"index":"index","follow":"follow","max-snippet":"max-snippet:-1","max-image-preview":"max-image-preview:large","max-video-preview":"max-video-preview:-1"},"canonical":"https:\/\/gfs.com\/es-us\/tendencias-inspiracion\/espectaculos-de-comida\/orlando-show\/","og_locale":"es_ES","og_type":"article","og_title":"Orlando Show","og_description":"Join us at the Fall Orlando Food Show! Find inspiration, trends, and more for your operation all in one place!","og_url":"https:\/\/gfs.com\/es-us\/tendencias-inspiracion\/espectaculos-de-comida\/orlando-show\/","og_site_name":"Gordon Food Service","article_publisher":"https:\/\/www.facebook.com\/GordonFoodService\/","article_modified_time":"2025-07-21T21:00:08+00:00","og_image":[{"width":1600,"height":1067,"url":"https:\/\/gfs.com\/wp-content\/uploads\/2023\/01\/GR-Show-2022-43-scaled-1.jpg","type":"image\/jpeg"}],"twitter_card":"summary_large_image","twitter_description":"Join us at the Fall Orlando Food Show! Find inspiration, trends, and more for your operation all in one place!","twitter_site":"@GFSDelivers","twitter_misc":{"Est. reading time":"2 minutes"},"schema":{"@context":"https:\/\/schema.org","@graph":[{"@type":"WebPage","@id":"https:\/\/gfs.com\/trends-inspiration\/food-shows\/orlando-show\/","url":"https:\/\/gfs.com\/trends-inspiration\/food-shows\/orlando-show\/","name":"Orlando Show | Gordon Food Service","isPartOf":{"@id":"https:\/\/gfs.com\/en-us\/#website"},"primaryImageOfPage":{"@id":"https:\/\/gfs.com\/trends-inspiration\/food-shows\/orlando-show\/#primaryimage"},"image":{"@id":"https:\/\/gfs.com\/trends-inspiration\/food-shows\/orlando-show\/#primaryimage"},"thumbnailUrl":"https:\/\/gfs.com\/wp-content\/uploads\/2023\/01\/GR-Show-2022-43-scaled-1.jpg","datePublished":"2024-06-10T18:27:23+00:00","dateModified":"2025-07-21T21:00:08+00:00","description":"Join us at the Fall Orlando Food Show! Find inspiration, trends, and more for your operation all in one place!","breadcrumb":{"@id":"https:\/\/gfs.com\/trends-inspiration\/food-shows\/orlando-show\/#breadcrumb"},"inLanguage":"es-US","potentialAction":[{"@type":"ReadAction","target":["https:\/\/gfs.com\/trends-inspiration\/food-shows\/orlando-show\/"]}]},{"@type":"ImageObject","inLanguage":"es-US","@id":"https:\/\/gfs.com\/trends-inspiration\/food-shows\/orlando-show\/#primaryimage","url":"https:\/\/gfs.com\/wp-content\/uploads\/2023\/01\/GR-Show-2022-43-scaled-1.jpg","contentUrl":"https:\/\/gfs.com\/wp-content\/uploads\/2023\/01\/GR-Show-2022-43-scaled-1.jpg","width":1600,"height":1067,"caption":"The Sienna Bakery booth at the Gordon Food Service Food Show"},{"@type":"BreadcrumbList","@id":"https:\/\/gfs.com\/trends-inspiration\/food-shows\/orlando-show\/#breadcrumb","itemListElement":[{"@type":"ListItem","position":1,"name":"Home","item":"https:\/\/gfs.com\/en-us\/"},{"@type":"ListItem","position":2,"name":"Trends &amp; Inspiration","item":"https:\/\/gfs.com\/en-us\/trends-inspiration\/"},{"@type":"ListItem","position":3,"name":"Food Shows","item":"https:\/\/gfs.com\/trends-inspiration\/food-shows\/"},{"@type":"ListItem","position":4,"name":"Orlando Show"}]},{"@type":"WebSite","@id":"https:\/\/gfs.com\/en-us\/#website","url":"https:\/\/gfs.com\/en-us\/","name":"Gordon Food Service","description":"","publisher":{"@id":"https:\/\/gfs.com\/en-us\/#organization"},"potentialAction":[{"@type":"SearchAction","target":{"@type":"EntryPoint","urlTemplate":"https:\/\/gfs.com\/en-us\/?s={search_term_string}"},"query-input":{"@type":"PropertyValueSpecification","valueRequired":true,"valueName":"search_term_string"}}],"inLanguage":"es-US"},{"@type":"Organization","@id":"https:\/\/gfs.com\/en-us\/#organization","name":"Gordon Food Service","url":"https:\/\/gfs.com\/en-us\/","logo":{"@type":"ImageObject","inLanguage":"es-US","@id":"https:\/\/gfs.com\/en-us\/#\/schema\/logo\/image\/","url":"https:\/\/gfs.com\/wp-content\/uploads\/2023\/02\/GordonFoodService_Logo_RGB.png","contentUrl":"https:\/\/gfs.com\/wp-content\/uploads\/2023\/02\/GordonFoodService_Logo_RGB.png","width":628,"height":210,"caption":"Gordon Food Service"},"image":{"@id":"https:\/\/gfs.com\/en-us\/#\/schema\/logo\/image\/"},"sameAs":["https:\/\/www.facebook.com\/GordonFoodService\/","https:\/\/x.com\/GFSDelivers","https:\/\/www.instagram.com\/gordonfoodservice\/","https:\/\/www.youtube.com\/@GFSDelivers","https:\/\/www.linkedin.com\/company\/gordon-food-service\/"]}]}},"_links":{"self":[{"href":"https:\/\/gfs.com\/es-us\/wp-json\/wp\/v2\/pages\/30417","targetHints":{"allow":["GET"]}}],"collection":[{"href":"https:\/\/gfs.com\/es-us\/wp-json\/wp\/v2\/pages"}],"about":[{"href":"https:\/\/gfs.com\/es-us\/wp-json\/wp\/v2\/types\/page"}],"author":[{"embeddable":true,"href":"https:\/\/gfs.com\/es-us\/wp-json\/wp\/v2\/users\/20"}],"replies":[{"embeddable":true,"href":"https:\/\/gfs.com\/es-us\/wp-json\/wp\/v2\/comments?post=30417"}],"version-history":[{"count":34,"href":"https:\/\/gfs.com\/es-us\/wp-json\/wp\/v2\/pages\/30417\/revisions"}],"predecessor-version":[{"id":39824,"href":"https:\/\/gfs.com\/es-us\/wp-json\/wp\/v2\/pages\/30417\/revisions\/39824"}],"up":[{"embeddable":true,"href":"https:\/\/gfs.com\/es-us\/wp-json\/wp\/v2\/pages\/10294"}],"wp:featuredmedia":[{"embeddable":true,"href":"https:\/\/gfs.com\/es-us\/wp-json\/wp\/v2\/media\/22689"}],"wp:attachment":[{"href":"https:\/\/gfs.com\/es-us\/wp-json\/wp\/v2\/media?parent=30417"}],"curies":[{"name":"wp","href":"https:\/\/api.w.org\/{rel}","templated":true}]}}