{"id":24790,"date":"2023-05-16T08:57:07","date_gmt":"2023-05-16T13:57:07","guid":{"rendered":"https:\/\/gfs.com\/?page_id=24790"},"modified":"2025-10-22T15:00:42","modified_gmt":"2025-10-22T19:00:42","slug":"hoja-de-trabajo-de-inventario","status":"publish","type":"page","link":"https:\/\/gfs.com\/es-us\/products-services\/technology-solutions\/inventory-worksheet\/","title":{"rendered":"Hoja de trabajo de inventario"},"content":{"rendered":"<div data-elementor-type=\"wp-page\" data-elementor-id=\"24790\" class=\"elementor elementor-24790\" data-elementor-post-type=\"page\">\n\t\t\t\t<div class=\"elementor-element elementor-element-15fbf4d3 e-flex e-con-boxed e-con e-parent\" data-id=\"15fbf4d3\" data-element_type=\"container\" data-e-type=\"container\" data-settings=\"{&quot;background_background&quot;:&quot;classic&quot;}\">\n\t\t\t\t\t<div class=\"e-con-inner\">\n\t\t<div class=\"elementor-element elementor-element-45f5c560 e-con-full e-flex e-con e-child\" data-id=\"45f5c560\" data-element_type=\"container\" data-e-type=\"container\">\n\t\t\t\t<div class=\"elementor-element elementor-element-2083ca91 elementor-widget elementor-widget-heading\" data-id=\"2083ca91\" data-element_type=\"widget\" data-e-type=\"widget\" data-widget_type=\"heading.default\">\n\t\t\t\t<div class=\"elementor-widget-container\">\n\t\t\t\t\t<h2 class=\"elementor-heading-title elementor-size-default translation-block\">Hoja de trabajo de inventario<\/h2>\t\t\t\t<\/div>\n\t\t\t\t<\/div>\n\t\t\t\t<div class=\"elementor-element elementor-element-5bdce328 elementor-widget elementor-widget-text-editor\" data-id=\"5bdce328\" data-element_type=\"widget\" data-e-type=\"widget\" data-widget_type=\"text-editor.default\">\n\t\t\t\t<div class=\"elementor-widget-container\">\n\t\t\t\t\t\t\t\t\t<p>Comprenda el Valor de su Inventario<\/p>\t\t\t\t\t\t\t\t<\/div>\n\t\t\t\t<\/div>\n\t\t\t\t<\/div>\n\t\t\t\t\t<\/div>\n\t\t\t\t<\/div>\n\t\t<div class=\"elementor-element elementor-element-450a41ac e-flex e-con-boxed e-con e-parent\" data-id=\"450a41ac\" data-element_type=\"container\" data-e-type=\"container\">\n\t\t\t\t\t<div class=\"e-con-inner\">\n\t\t<div class=\"elementor-element elementor-element-5e0a2805 e-con-full e-flex e-con e-child\" data-id=\"5e0a2805\" data-element_type=\"container\" data-e-type=\"container\">\n\t\t\t\t<div class=\"elementor-element elementor-element-135a0f70 elementor-widget elementor-widget-heading\" data-id=\"135a0f70\" data-element_type=\"widget\" data-e-type=\"widget\" data-widget_type=\"heading.default\">\n\t\t\t\t<div class=\"elementor-widget-container\">\n\t\t\t\t\t<h2 class=\"elementor-heading-title elementor-size-default translation-block\">Reduzca los Problemas de Inventario y Obtenga Informaci\u00f3n sobre su Negocio<\/h2>\t\t\t\t<\/div>\n\t\t\t\t<\/div>\n\t\t\t\t<div class=\"elementor-element elementor-element-65a4511 elementor-widget elementor-widget-text-editor\" data-id=\"65a4511\" data-element_type=\"widget\" data-e-type=\"widget\" data-widget_type=\"text-editor.default\">\n\t\t\t\t<div class=\"elementor-widget-container\">\n\t\t\t\t\t\t\t\t\t<p>El desperdicio, el deterioro, el robo y el exceso de existencias son \"costos ocultos\" de alimentos que pueden afectar seriamente el flujo de caja de una operaci\u00f3n de servicio de alimentos. Nuestra aplicaci\u00f3n de gesti\u00f3n de inventario f\u00e1cil de usar, Hoja de Trabajo de Inventario, reducir\u00e1 estos problemas de inventario y brindar\u00e1 a los clientes una mejor comprensi\u00f3n de su costo total de alimentos.<\/p>\t\t\t\t\t\t\t\t<\/div>\n\t\t\t\t<\/div>\n\t\t\t\t<\/div>\n\t\t<div class=\"elementor-element elementor-element-6f939169 e-con-full e-flex e-con e-child\" data-id=\"6f939169\" data-element_type=\"container\" data-e-type=\"container\">\n\t\t\t\t<div class=\"elementor-element elementor-element-3ea5e14 elementor-widget elementor-widget-image\" data-id=\"3ea5e14\" data-element_type=\"widget\" data-e-type=\"widget\" data-widget_type=\"image.default\">\n\t\t\t\t<div class=\"elementor-widget-container\">\n\t\t\t\t\t\t\t\t\t\t\t\t\t\t\t<img fetchpriority=\"high\" decoding=\"async\" width=\"800\" height=\"419\" src=\"https:\/\/gfs.com\/wp-content\/uploads\/2023\/05\/Gordon-Inventory-En-Screenshot-1-1024x536.png\" class=\"attachment-large size-large wp-image-24793\" alt=\"Screenshot of Gordon Inventory\" srcset=\"https:\/\/gfs.com\/wp-content\/uploads\/2023\/05\/Gordon-Inventory-En-Screenshot-1-1024x536.png 1024w, https:\/\/gfs.com\/wp-content\/uploads\/2023\/05\/Gordon-Inventory-En-Screenshot-1-300x157.png 300w, https:\/\/gfs.com\/wp-content\/uploads\/2023\/05\/Gordon-Inventory-En-Screenshot-1-768x402.png 768w, https:\/\/gfs.com\/wp-content\/uploads\/2023\/05\/Gordon-Inventory-En-Screenshot-1-18x9.png 18w, https:\/\/gfs.com\/wp-content\/uploads\/2023\/05\/Gordon-Inventory-En-Screenshot-1.png 1200w\" sizes=\"(max-width: 800px) 100vw, 800px\" \/>\t\t\t\t\t\t\t\t\t\t\t\t\t\t\t<\/div>\n\t\t\t\t<\/div>\n\t\t\t\t<\/div>\n\t\t\t\t\t<\/div>\n\t\t\t\t<\/div>\n\t\t<div class=\"elementor-element elementor-element-9e2aa43 e-flex e-con-boxed e-con e-parent\" data-id=\"9e2aa43\" data-element_type=\"container\" data-e-type=\"container\" data-settings=\"{&quot;background_background&quot;:&quot;classic&quot;}\">\n\t\t\t\t\t<div class=\"e-con-inner\">\n\t\t\t\t<div class=\"elementor-element elementor-element-44387482 elementor-widget elementor-widget-heading\" data-id=\"44387482\" data-element_type=\"widget\" data-e-type=\"widget\" data-widget_type=\"heading.default\">\n\t\t\t\t<div class=\"elementor-widget-container\">\n\t\t\t\t\t<h2 class=\"elementor-heading-title elementor-size-default\">Caracter\u00edsticas y Beneficios<\/h2>\t\t\t\t<\/div>\n\t\t\t\t<\/div>\n\t\t<div class=\"elementor-element elementor-element-1e68c1e9 e-grid e-con-full e-con e-child\" data-id=\"1e68c1e9\" data-element_type=\"container\" data-e-type=\"container\">\n\t\t<div class=\"elementor-element elementor-element-77736b41 e-con-full e-flex e-con e-child\" data-id=\"77736b41\" data-element_type=\"container\" data-e-type=\"container\" data-settings=\"{&quot;background_background&quot;:&quot;classic&quot;}\">\n\t\t\t\t<div class=\"elementor-element elementor-element-37c52e30 elementor-widget elementor-widget-heading\" data-id=\"37c52e30\" data-element_type=\"widget\" data-e-type=\"widget\" data-widget_type=\"heading.default\">\n\t\t\t\t<div class=\"elementor-widget-container\">\n\t\t\t\t\t<h2 class=\"elementor-heading-title elementor-size-default\">Dise\u00f1ado dentro de Gordon Ordering para un Dise\u00f1o Sencillo y Consistente<\/h2>\t\t\t\t<\/div>\n\t\t\t\t<\/div>\n\t\t\t\t<\/div>\n\t\t<div class=\"elementor-element elementor-element-471a89b e-con-full e-flex e-con e-child\" data-id=\"471a89b\" data-element_type=\"container\" data-e-type=\"container\" data-settings=\"{&quot;background_background&quot;:&quot;classic&quot;}\">\n\t\t\t\t<div class=\"elementor-element elementor-element-6fc8b12 elementor-widget elementor-widget-heading\" data-id=\"6fc8b12\" data-element_type=\"widget\" data-e-type=\"widget\" data-widget_type=\"heading.default\">\n\t\t\t\t<div class=\"elementor-widget-container\">\n\t\t\t\t\t<h2 class=\"elementor-heading-title elementor-size-default\">Importe una Gu\u00eda Personalizada o una Gu\u00eda de Pedidos desde Gordon Ordering<\/h2>\t\t\t\t<\/div>\n\t\t\t\t<\/div>\n\t\t\t\t<\/div>\n\t\t<div class=\"elementor-element elementor-element-5a9380c e-con-full e-flex e-con e-child\" data-id=\"5a9380c\" data-element_type=\"container\" data-e-type=\"container\" data-settings=\"{&quot;background_background&quot;:&quot;classic&quot;}\">\n\t\t\t\t<div class=\"elementor-element elementor-element-4f4f2c2 elementor-widget elementor-widget-heading\" data-id=\"4f4f2c2\" data-element_type=\"widget\" data-e-type=\"widget\" data-widget_type=\"heading.default\">\n\t\t\t\t<div class=\"elementor-widget-container\">\n\t\t\t\t\t<h2 class=\"elementor-heading-title elementor-size-default\">Agregue Art\u00edculos y Proveedores Personalizados<\/h2>\t\t\t\t<\/div>\n\t\t\t\t<\/div>\n\t\t\t\t<\/div>\n\t\t<div class=\"elementor-element elementor-element-af51493 e-con-full e-flex e-con e-child\" data-id=\"af51493\" data-element_type=\"container\" data-e-type=\"container\" data-settings=\"{&quot;background_background&quot;:&quot;classic&quot;}\">\n\t\t\t\t<div class=\"elementor-element elementor-element-32652d1 elementor-widget elementor-widget-heading\" data-id=\"32652d1\" data-element_type=\"widget\" data-e-type=\"widget\" data-widget_type=\"heading.default\">\n\t\t\t\t<div class=\"elementor-widget-container\">\n\t\t\t\t\t<h2 class=\"elementor-heading-title elementor-size-default\">Unidades de Conteo Est\u00e1ndar o Personalizadas<\/h2>\t\t\t\t<\/div>\n\t\t\t\t<\/div>\n\t\t\t\t<\/div>\n\t\t<div class=\"elementor-element elementor-element-c1942c9 e-con-full e-flex e-con e-child\" data-id=\"c1942c9\" data-element_type=\"container\" data-e-type=\"container\" data-settings=\"{&quot;background_background&quot;:&quot;classic&quot;}\">\n\t\t\t\t<div class=\"elementor-element elementor-element-e3d48eb elementor-widget elementor-widget-heading\" data-id=\"e3d48eb\" data-element_type=\"widget\" data-e-type=\"widget\" data-widget_type=\"heading.default\">\n\t\t\t\t<div class=\"elementor-widget-container\">\n\t\t\t\t\t<h2 class=\"elementor-heading-title elementor-size-default\">Cuente y Configure su Hoja de Trabajo en la Misma Pantalla<\/h2>\t\t\t\t<\/div>\n\t\t\t\t<\/div>\n\t\t\t\t<\/div>\n\t\t<div class=\"elementor-element elementor-element-93905df e-con-full e-flex e-con e-child\" data-id=\"93905df\" data-element_type=\"container\" data-e-type=\"container\" data-settings=\"{&quot;background_background&quot;:&quot;classic&quot;}\">\n\t\t\t\t<div class=\"elementor-element elementor-element-5bd34f3 elementor-widget elementor-widget-heading\" data-id=\"5bd34f3\" data-element_type=\"widget\" data-e-type=\"widget\" data-widget_type=\"heading.default\">\n\t\t\t\t<div class=\"elementor-widget-container\">\n\t\t\t\t\t<h2 class=\"elementor-heading-title elementor-size-default\">Configure Hoja a Estante con Arrastrar y Soltar<\/h2>\t\t\t\t<\/div>\n\t\t\t\t<\/div>\n\t\t\t\t<\/div>\n\t\t\t\t<\/div>\n\t\t\t\t\t<\/div>\n\t\t\t\t<\/div>\n\t\t\t\t<\/div>","protected":false},"excerpt":{"rendered":"<p>InventoryWorksheet Understand the Value of Your Inventory Reduce Inventory Problems &amp;Gain Insight on Your Business Waste, spoilage, theft, and overstocking are all \u201chidden\u201d food costs that can seriously impede a foodservice operation\u2019s cash flow. Our user-friendly inventory management application, Inventory Worksheet, will reduce these inventory problems and give customers better insight into their total food [&hellip;]<\/p>\n","protected":false},"author":20,"featured_media":0,"parent":14096,"menu_order":0,"comment_status":"closed","ping_status":"closed","template":"","meta":{"_acf_changed":false,"footnotes":""},"class_list":["post-24790","page","type-page","status-publish","hentry"],"acf":[],"yoast_head":"<!-- This site is optimized with the Yoast SEO Premium plugin v22.9 (Yoast SEO v27.2) - https:\/\/yoast.com\/product\/yoast-seo-premium-wordpress\/ -->\n<title>Inventory Worksheet | Gordon Food Service<\/title>\n<meta name=\"robots\" content=\"index, follow, max-snippet:-1, max-image-preview:large, max-video-preview:-1\" \/>\n<link rel=\"canonical\" href=\"https:\/\/gfs.com\/es-us\/productos-servicios\/soluciones-tecnologicas\/hoja-de-trabajo-de-inventario\/\" \/>\n<meta property=\"og:locale\" content=\"es_ES\" \/>\n<meta property=\"og:type\" content=\"article\" \/>\n<meta property=\"og:title\" content=\"Inventory Worksheet\" \/>\n<meta property=\"og:description\" content=\"InventoryWorksheet Understand the Value of Your Inventory Reduce Inventory Problems &amp;Gain Insight on Your Business Waste, spoilage, theft, and overstocking are all \u201chidden\u201d food costs that can seriously impede a foodservice operation\u2019s cash flow. Our user-friendly inventory management application, Inventory Worksheet, will reduce these inventory problems and give customers better insight into their total food [&hellip;]\" \/>\n<meta property=\"og:url\" content=\"https:\/\/gfs.com\/es-us\/productos-servicios\/soluciones-tecnologicas\/hoja-de-trabajo-de-inventario\/\" \/>\n<meta property=\"og:site_name\" content=\"Gordon Food Service\" \/>\n<meta property=\"article:publisher\" content=\"https:\/\/www.facebook.com\/GordonFoodService\/\" \/>\n<meta property=\"article:modified_time\" content=\"2025-10-22T19:00:42+00:00\" \/>\n<meta property=\"og:image\" content=\"https:\/\/gfs.com\/wp-content\/uploads\/2023\/05\/Gordon-Inventory-En-Screenshot-1-1024x536.png\" \/>\n<meta name=\"twitter:card\" content=\"summary_large_image\" \/>\n<meta name=\"twitter:site\" content=\"@GFSDelivers\" \/>\n<meta name=\"twitter:label1\" content=\"Est. reading time\" \/>\n\t<meta name=\"twitter:data1\" content=\"1 minute\" \/>\n<!-- \/ Yoast SEO Premium plugin. -->","yoast_head_json":{"title":"Inventory Worksheet | Gordon Food Service","robots":{"index":"index","follow":"follow","max-snippet":"max-snippet:-1","max-image-preview":"max-image-preview:large","max-video-preview":"max-video-preview:-1"},"canonical":"https:\/\/gfs.com\/es-us\/productos-servicios\/soluciones-tecnologicas\/hoja-de-trabajo-de-inventario\/","og_locale":"es_ES","og_type":"article","og_title":"Inventory Worksheet","og_description":"InventoryWorksheet Understand the Value of Your Inventory Reduce Inventory Problems &amp;Gain Insight on Your Business Waste, spoilage, theft, and overstocking are all \u201chidden\u201d food costs that can seriously impede a foodservice operation\u2019s cash flow. Our user-friendly inventory management application, Inventory Worksheet, will reduce these inventory problems and give customers better insight into their total food [&hellip;]","og_url":"https:\/\/gfs.com\/es-us\/productos-servicios\/soluciones-tecnologicas\/hoja-de-trabajo-de-inventario\/","og_site_name":"Gordon Food Service","article_publisher":"https:\/\/www.facebook.com\/GordonFoodService\/","article_modified_time":"2025-10-22T19:00:42+00:00","og_image":[{"url":"https:\/\/gfs.com\/wp-content\/uploads\/2023\/05\/Gordon-Inventory-En-Screenshot-1-1024x536.png","type":"","width":"","height":""}],"twitter_card":"summary_large_image","twitter_site":"@GFSDelivers","twitter_misc":{"Est. reading time":"1 minute"},"schema":{"@context":"https:\/\/schema.org","@graph":[{"@type":"WebPage","@id":"https:\/\/gfs.com\/products-services\/technology-solutions\/inventory-worksheet\/","url":"https:\/\/gfs.com\/products-services\/technology-solutions\/inventory-worksheet\/","name":"Inventory Worksheet | Gordon Food Service","isPartOf":{"@id":"https:\/\/gfs.com\/en-us\/#website"},"primaryImageOfPage":{"@id":"https:\/\/gfs.com\/products-services\/technology-solutions\/inventory-worksheet\/#primaryimage"},"image":{"@id":"https:\/\/gfs.com\/products-services\/technology-solutions\/inventory-worksheet\/#primaryimage"},"thumbnailUrl":"https:\/\/gfs.com\/wp-content\/uploads\/2023\/05\/Gordon-Inventory-En-Screenshot-1-1024x536.png","datePublished":"2023-05-16T13:57:07+00:00","dateModified":"2025-10-22T19:00:42+00:00","breadcrumb":{"@id":"https:\/\/gfs.com\/products-services\/technology-solutions\/inventory-worksheet\/#breadcrumb"},"inLanguage":"es-US","potentialAction":[{"@type":"ReadAction","target":["https:\/\/gfs.com\/products-services\/technology-solutions\/inventory-worksheet\/"]}]},{"@type":"ImageObject","inLanguage":"es-US","@id":"https:\/\/gfs.com\/products-services\/technology-solutions\/inventory-worksheet\/#primaryimage","url":"https:\/\/gfs.com\/wp-content\/uploads\/2023\/05\/Gordon-Inventory-En-Screenshot-1-1024x536.png","contentUrl":"https:\/\/gfs.com\/wp-content\/uploads\/2023\/05\/Gordon-Inventory-En-Screenshot-1-1024x536.png"},{"@type":"BreadcrumbList","@id":"https:\/\/gfs.com\/products-services\/technology-solutions\/inventory-worksheet\/#breadcrumb","itemListElement":[{"@type":"ListItem","position":1,"name":"Home","item":"https:\/\/gfs.com\/en-us\/"},{"@type":"ListItem","position":2,"name":"Products &amp; Services","item":"https:\/\/gfs.com\/products-services\/"},{"@type":"ListItem","position":3,"name":"Technology Solutions","item":"https:\/\/gfs.com\/products-services\/technology-solutions\/"},{"@type":"ListItem","position":4,"name":"Inventory Worksheet"}]},{"@type":"WebSite","@id":"https:\/\/gfs.com\/en-us\/#website","url":"https:\/\/gfs.com\/en-us\/","name":"Gordon Food Service","description":"","publisher":{"@id":"https:\/\/gfs.com\/en-us\/#organization"},"potentialAction":[{"@type":"SearchAction","target":{"@type":"EntryPoint","urlTemplate":"https:\/\/gfs.com\/en-us\/?s={search_term_string}"},"query-input":{"@type":"PropertyValueSpecification","valueRequired":true,"valueName":"search_term_string"}}],"inLanguage":"es-US"},{"@type":"Organization","@id":"https:\/\/gfs.com\/en-us\/#organization","name":"Gordon Food Service","url":"https:\/\/gfs.com\/en-us\/","logo":{"@type":"ImageObject","inLanguage":"es-US","@id":"https:\/\/gfs.com\/en-us\/#\/schema\/logo\/image\/","url":"https:\/\/gfs.com\/wp-content\/uploads\/2023\/02\/GordonFoodService_Logo_RGB.png","contentUrl":"https:\/\/gfs.com\/wp-content\/uploads\/2023\/02\/GordonFoodService_Logo_RGB.png","width":628,"height":210,"caption":"Gordon Food Service"},"image":{"@id":"https:\/\/gfs.com\/en-us\/#\/schema\/logo\/image\/"},"sameAs":["https:\/\/www.facebook.com\/GordonFoodService\/","https:\/\/x.com\/GFSDelivers","https:\/\/www.instagram.com\/gordonfoodservice\/","https:\/\/www.youtube.com\/@GFSDelivers","https:\/\/www.linkedin.com\/company\/gordon-food-service\/"]}]}},"_links":{"self":[{"href":"https:\/\/gfs.com\/es-us\/wp-json\/wp\/v2\/pages\/24790","targetHints":{"allow":["GET"]}}],"collection":[{"href":"https:\/\/gfs.com\/es-us\/wp-json\/wp\/v2\/pages"}],"about":[{"href":"https:\/\/gfs.com\/es-us\/wp-json\/wp\/v2\/types\/page"}],"author":[{"embeddable":true,"href":"https:\/\/gfs.com\/es-us\/wp-json\/wp\/v2\/users\/20"}],"replies":[{"embeddable":true,"href":"https:\/\/gfs.com\/es-us\/wp-json\/wp\/v2\/comments?post=24790"}],"version-history":[{"count":30,"href":"https:\/\/gfs.com\/es-us\/wp-json\/wp\/v2\/pages\/24790\/revisions"}],"predecessor-version":[{"id":42373,"href":"https:\/\/gfs.com\/es-us\/wp-json\/wp\/v2\/pages\/24790\/revisions\/42373"}],"up":[{"embeddable":true,"href":"https:\/\/gfs.com\/es-us\/wp-json\/wp\/v2\/pages\/14096"}],"wp:attachment":[{"href":"https:\/\/gfs.com\/es-us\/wp-json\/wp\/v2\/media?parent=24790"}],"curies":[{"name":"wp","href":"https:\/\/api.w.org\/{rel}","templated":true}]}}