{"id":18284,"date":"2022-12-13T08:10:37","date_gmt":"2022-12-13T14:10:37","guid":{"rendered":"https:\/\/live-gordon-food-service.pantheonsite.io\/?page_id=18284"},"modified":"2025-10-22T15:55:28","modified_gmt":"2025-10-22T19:55:28","slug":"gordon-reporting","status":"publish","type":"page","link":"https:\/\/gfs.com\/es-us\/products-services\/technology-solutions\/gordon-reporting\/","title":{"rendered":"Gordon Reporting"},"content":{"rendered":"<div data-elementor-type=\"wp-page\" data-elementor-id=\"18284\" class=\"elementor elementor-18284\" data-elementor-post-type=\"page\">\n\t\t\t\t<div class=\"elementor-element elementor-element-7f33cee8 e-flex e-con-boxed e-con e-parent\" data-id=\"7f33cee8\" data-element_type=\"container\" data-e-type=\"container\" data-settings=\"{&quot;background_background&quot;:&quot;classic&quot;}\">\n\t\t\t\t\t<div class=\"e-con-inner\">\n\t\t<div class=\"elementor-element elementor-element-5aec4eda e-con-full e-flex e-con e-child\" data-id=\"5aec4eda\" data-element_type=\"container\" data-e-type=\"container\">\n\t\t\t\t<div class=\"elementor-element elementor-element-2022b118 elementor-widget elementor-widget-heading\" data-id=\"2022b118\" data-element_type=\"widget\" data-e-type=\"widget\" data-widget_type=\"heading.default\">\n\t\t\t\t<div class=\"elementor-widget-container\">\n\t\t\t\t\t<h2 class=\"elementor-heading-title elementor-size-default\">Gordon Reporting<\/h2>\t\t\t\t<\/div>\n\t\t\t\t<\/div>\n\t\t\t\t<div class=\"elementor-element elementor-element-1e94fb4a elementor-widget elementor-widget-text-editor\" data-id=\"1e94fb4a\" data-element_type=\"widget\" data-e-type=\"widget\" data-widget_type=\"text-editor.default\">\n\t\t\t\t<div class=\"elementor-widget-container\">\n\t\t\t\t\t\t\t\t\t<p>Toma decisiones basadas en datos.<\/p>\t\t\t\t\t\t\t\t<\/div>\n\t\t\t\t<\/div>\n\t\t\t\t<\/div>\n\t\t\t\t\t<\/div>\n\t\t\t\t<\/div>\n\t\t<div class=\"elementor-element elementor-element-370db6ab e-flex e-con-boxed e-con e-parent\" data-id=\"370db6ab\" data-element_type=\"container\" data-e-type=\"container\">\n\t\t\t\t\t<div class=\"e-con-inner\">\n\t\t<div class=\"elementor-element elementor-element-360fa5ad e-con-full e-flex e-con e-child\" data-id=\"360fa5ad\" data-element_type=\"container\" data-e-type=\"container\">\n\t\t\t\t<div class=\"elementor-element elementor-element-775ab70f elementor-widget elementor-widget-text-editor\" data-id=\"775ab70f\" data-element_type=\"widget\" data-e-type=\"widget\" data-widget_type=\"text-editor.default\">\n\t\t\t\t<div class=\"elementor-widget-container\">\n\t\t\t\t\t\t\t\t\t<p>APROVECHA TUS PROPIOS DATOS<\/p>\t\t\t\t\t\t\t\t<\/div>\n\t\t\t\t<\/div>\n\t\t\t\t<div class=\"elementor-element elementor-element-1bdbe415 elementor-widget elementor-widget-heading\" data-id=\"1bdbe415\" data-element_type=\"widget\" data-e-type=\"widget\" data-widget_type=\"heading.default\">\n\t\t\t\t<div class=\"elementor-widget-container\">\n\t\t\t\t\t<h2 class=\"elementor-heading-title elementor-size-default\">Gordon Reporting<\/h2>\t\t\t\t<\/div>\n\t\t\t\t<\/div>\n\t\t\t\t<div class=\"elementor-element elementor-element-2666cd21 elementor-widget elementor-widget-text-editor\" data-id=\"2666cd21\" data-element_type=\"widget\" data-e-type=\"widget\" data-widget_type=\"text-editor.default\">\n\t\t\t\t<div class=\"elementor-widget-container\">\n\t\t\t\t\t\t\t\t\t<p>Online Reporting es una herramienta de informes de autoservicio para clientes de Gordon Food Service Education y Healthcare. El sitio, f\u00e1cil de usar, te ayudar\u00e1 a ahorrar tiempo, gestionar los costos de los alimentos y te guiar\u00e1 en la toma de decisiones estrat\u00e9gicas de compra al proporcionar un f\u00e1cil acceso a tu historial de compras de los \u00faltimos dos a\u00f1os.<\/p>\t\t\t\t\t\t\t\t<\/div>\n\t\t\t\t<\/div>\n\t\t\t\t<\/div>\n\t\t<div class=\"elementor-element elementor-element-ea7be1c e-con-full e-flex e-con e-child\" data-id=\"ea7be1c\" data-element_type=\"container\" data-e-type=\"container\">\n\t\t\t\t<div class=\"elementor-element elementor-element-81ef2ae elementor-widget elementor-widget-image\" data-id=\"81ef2ae\" data-element_type=\"widget\" data-e-type=\"widget\" data-widget_type=\"image.default\">\n\t\t\t\t<div class=\"elementor-widget-container\">\n\t\t\t\t\t\t\t\t\t\t\t\t\t\t\t<img fetchpriority=\"high\" decoding=\"async\" width=\"760\" height=\"400\" src=\"https:\/\/gfs.com\/wp-content\/uploads\/2022\/08\/healthcare-foodservice-technology.jpg\" class=\"attachment-large size-large wp-image-3948\" alt=\"Woman in healthcare facility looking at computer\" srcset=\"https:\/\/gfs.com\/wp-content\/uploads\/2022\/08\/healthcare-foodservice-technology.jpg 760w, https:\/\/gfs.com\/wp-content\/uploads\/2022\/08\/healthcare-foodservice-technology-300x158.jpg 300w\" sizes=\"(max-width: 760px) 100vw, 760px\" \/>\t\t\t\t\t\t\t\t\t\t\t\t\t\t\t<\/div>\n\t\t\t\t<\/div>\n\t\t\t\t<\/div>\n\t\t\t\t\t<\/div>\n\t\t\t\t<\/div>\n\t\t<div class=\"elementor-element elementor-element-426ea5eb e-flex e-con-boxed e-con e-parent\" data-id=\"426ea5eb\" data-element_type=\"container\" data-e-type=\"container\" data-settings=\"{&quot;background_background&quot;:&quot;classic&quot;}\">\n\t\t\t\t\t<div class=\"e-con-inner\">\n\t\t\t\t<div class=\"elementor-element elementor-element-dc0f3a3 elementor-widget elementor-widget-heading\" data-id=\"dc0f3a3\" data-element_type=\"widget\" data-e-type=\"widget\" data-widget_type=\"heading.default\">\n\t\t\t\t<div class=\"elementor-widget-container\">\n\t\t\t\t\t<h2 class=\"elementor-heading-title elementor-size-default\">Explora las Funciones<\/h2>\t\t\t\t<\/div>\n\t\t\t\t<\/div>\n\t\t<div class=\"elementor-element elementor-element-16d01562 e-grid e-con-full e-con e-child\" data-id=\"16d01562\" data-element_type=\"container\" data-e-type=\"container\">\n\t\t<div class=\"elementor-element elementor-element-18f4421d e-con-full e-flex e-con e-child\" data-id=\"18f4421d\" data-element_type=\"container\" data-e-type=\"container\" data-settings=\"{&quot;background_background&quot;:&quot;classic&quot;}\">\n\t\t\t\t<div class=\"elementor-element elementor-element-71d579e9 elementor-widget elementor-widget-heading\" data-id=\"71d579e9\" data-element_type=\"widget\" data-e-type=\"widget\" data-widget_type=\"heading.default\">\n\t\t\t\t<div class=\"elementor-widget-container\">\n\t\t\t\t\t<h2 class=\"elementor-heading-title elementor-size-default\">M\u00faltiples Opciones de Ordenar y Filtrar<\/h2>\t\t\t\t<\/div>\n\t\t\t\t<\/div>\n\t\t\t\t<\/div>\n\t\t<div class=\"elementor-element elementor-element-456c7fd e-con-full e-flex e-con e-child\" data-id=\"456c7fd\" data-element_type=\"container\" data-e-type=\"container\" data-settings=\"{&quot;background_background&quot;:&quot;classic&quot;}\">\n\t\t\t\t<div class=\"elementor-element elementor-element-d5a6428 elementor-widget elementor-widget-heading\" data-id=\"d5a6428\" data-element_type=\"widget\" data-e-type=\"widget\" data-widget_type=\"heading.default\">\n\t\t\t\t<div class=\"elementor-widget-container\">\n\t\t\t\t\t<h2 class=\"elementor-heading-title elementor-size-default\">Informes de Velocidad de Art\u00edculos<\/h2>\t\t\t\t<\/div>\n\t\t\t\t<\/div>\n\t\t\t\t<\/div>\n\t\t<div class=\"elementor-element elementor-element-d19c3fe e-con-full e-flex e-con e-child\" data-id=\"d19c3fe\" data-element_type=\"container\" data-e-type=\"container\" data-settings=\"{&quot;background_background&quot;:&quot;classic&quot;}\">\n\t\t\t\t<div class=\"elementor-element elementor-element-47823d1 elementor-widget elementor-widget-heading\" data-id=\"47823d1\" data-element_type=\"widget\" data-e-type=\"widget\" data-widget_type=\"heading.default\">\n\t\t\t\t<div class=\"elementor-widget-container\">\n\t\t\t\t\t<h2 class=\"elementor-heading-title elementor-size-default\">Guarda Vistas Personalizadas<\/h2>\t\t\t\t<\/div>\n\t\t\t\t<\/div>\n\t\t\t\t<\/div>\n\t\t<div class=\"elementor-element elementor-element-f7b6ed7 e-con-full e-flex e-con e-child\" data-id=\"f7b6ed7\" data-element_type=\"container\" data-e-type=\"container\" data-settings=\"{&quot;background_background&quot;:&quot;classic&quot;}\">\n\t\t\t\t<div class=\"elementor-element elementor-element-262b181 elementor-widget elementor-widget-heading\" data-id=\"262b181\" data-element_type=\"widget\" data-e-type=\"widget\" data-widget_type=\"heading.default\">\n\t\t\t\t<div class=\"elementor-widget-container\">\n\t\t\t\t\t<h2 class=\"elementor-heading-title elementor-size-default\">Imprime y Exporta Informes<\/h2>\t\t\t\t<\/div>\n\t\t\t\t<\/div>\n\t\t\t\t<\/div>\n\t\t\t\t<\/div>\n\t\t\t\t\t<\/div>\n\t\t\t\t<\/div>\n\t\t<div class=\"elementor-element elementor-element-6198b913 e-flex e-con-boxed e-con e-parent\" data-id=\"6198b913\" data-element_type=\"container\" data-e-type=\"container\">\n\t\t\t\t\t<div class=\"e-con-inner\">\n\t\t<div class=\"elementor-element elementor-element-5cfe9b20 e-con-full e-flex e-con e-child\" data-id=\"5cfe9b20\" data-element_type=\"container\" data-e-type=\"container\">\n\t\t\t\t<div class=\"elementor-element elementor-element-5e81bafd elementor-widget elementor-widget-text-editor\" data-id=\"5e81bafd\" data-element_type=\"widget\" data-e-type=\"widget\" data-widget_type=\"text-editor.default\">\n\t\t\t\t<div class=\"elementor-widget-container\">\n\t\t\t\t\t\t\t\t\t<p>COMPRENDE EL VALOR DE TU INVENTARIO<\/p>\t\t\t\t\t\t\t\t<\/div>\n\t\t\t\t<\/div>\n\t\t\t\t<div class=\"elementor-element elementor-element-1c23a32 elementor-widget elementor-widget-heading\" data-id=\"1c23a32\" data-element_type=\"widget\" data-e-type=\"widget\" data-widget_type=\"heading.default\">\n\t\t\t\t<div class=\"elementor-widget-container\">\n\t\t\t\t\t<h2 class=\"elementor-heading-title elementor-size-default\">Hoja de trabajo de inventario<\/h2>\t\t\t\t<\/div>\n\t\t\t\t<\/div>\n\t\t\t\t<div class=\"elementor-element elementor-element-27fccae0 elementor-widget elementor-widget-text-editor\" data-id=\"27fccae0\" data-element_type=\"widget\" data-e-type=\"widget\" data-widget_type=\"text-editor.default\">\n\t\t\t\t<div class=\"elementor-widget-container\">\n\t\t\t\t\t\t\t\t\t<p>El desperdicio, el deterioro, el robo y el exceso de existencias son \"costos ocultos\" de alimentos que pueden afectar seriamente el flujo de caja de una operaci\u00f3n de servicio de alimentos. Nuestra aplicaci\u00f3n de gesti\u00f3n de inventario f\u00e1cil de usar, Hoja de Trabajo de Inventario, reducir\u00e1 estos problemas de inventario y brindar\u00e1 a los clientes una mejor comprensi\u00f3n de su costo total de alimentos.<\/p>\t\t\t\t\t\t\t\t<\/div>\n\t\t\t\t<\/div>\n\t\t<div class=\"elementor-element elementor-element-2710a494 e-grid e-con-full e-con e-child\" data-id=\"2710a494\" data-element_type=\"container\" data-e-type=\"container\">\n\t\t\t\t<div class=\"elementor-element elementor-element-4c35bf35 elementor-widget elementor-widget-button\" data-id=\"4c35bf35\" data-element_type=\"widget\" data-e-type=\"widget\" data-widget_type=\"button.default\">\n\t\t\t\t<div class=\"elementor-widget-container\">\n\t\t\t\t\t\t\t\t\t<div class=\"elementor-button-wrapper\">\n\t\t\t\t\t<a class=\"elementor-button elementor-button-link elementor-size-sm\" href=\"https:\/\/gfs.com\/es-us\/productos-servicios\/soluciones-tecnologicas\/hoja-de-trabajo-de-inventario\/\">\n\t\t\t\t\t\t<span class=\"elementor-button-content-wrapper\">\n\t\t\t\t\t\t\t\t\t<span class=\"elementor-button-text\">Obt\u00e9n M\u00e1s Informaci\u00f3n sobre la Hoja de Trabajo de Inventario<\/span>\n\t\t\t\t\t<\/span>\n\t\t\t\t\t<\/a>\n\t\t\t\t<\/div>\n\t\t\t\t\t\t\t\t<\/div>\n\t\t\t\t<\/div>\n\t\t\t\t<\/div>\n\t\t\t\t<\/div>\n\t\t<div class=\"elementor-element elementor-element-6fcba50a e-con-full e-flex e-con e-child\" data-id=\"6fcba50a\" data-element_type=\"container\" data-e-type=\"container\">\n\t\t\t\t<div class=\"elementor-element elementor-element-45a44770 elementor-widget elementor-widget-image\" data-id=\"45a44770\" data-element_type=\"widget\" data-e-type=\"widget\" data-widget_type=\"image.default\">\n\t\t\t\t<div class=\"elementor-widget-container\">\n\t\t\t\t\t\t\t\t\t\t\t\t\t\t\t<img decoding=\"async\" width=\"800\" height=\"1000\" src=\"https:\/\/gfs.com\/wp-content\/uploads\/2025\/07\/Gordon-Inventory-1-819x1024.png\" class=\"attachment-large size-large wp-image-39613\" alt=\"\" srcset=\"https:\/\/gfs.com\/wp-content\/uploads\/2025\/07\/Gordon-Inventory-1-819x1024.png 819w, https:\/\/gfs.com\/wp-content\/uploads\/2025\/07\/Gordon-Inventory-1-240x300.png 240w, https:\/\/gfs.com\/wp-content\/uploads\/2025\/07\/Gordon-Inventory-1-768x960.png 768w, https:\/\/gfs.com\/wp-content\/uploads\/2025\/07\/Gordon-Inventory-1-10x12.png 10w, https:\/\/gfs.com\/wp-content\/uploads\/2025\/07\/Gordon-Inventory-1.png 1080w\" sizes=\"(max-width: 800px) 100vw, 800px\" \/>\t\t\t\t\t\t\t\t\t\t\t\t\t\t\t<\/div>\n\t\t\t\t<\/div>\n\t\t\t\t<\/div>\n\t\t\t\t\t<\/div>\n\t\t\t\t<\/div>\n\t\t\t\t<\/div>","protected":false},"excerpt":{"rendered":"<p>Gordon Reporting Make data-driven decisions. LEVERAGE YOUR OWN DATA Gordon Reporting Online Reporting is a self-service reporting tool for Gordon Food Service Education and Healthcare customers. The easy-to-use site will help save you time, manage food costs and guide you in making strategic purchasing decisions by providing easy access to your purchase history for the [&hellip;]<\/p>\n","protected":false},"author":19,"featured_media":0,"parent":14096,"menu_order":0,"comment_status":"closed","ping_status":"closed","template":"","meta":{"_acf_changed":false,"footnotes":""},"class_list":["post-18284","page","type-page","status-publish","hentry"],"acf":[],"yoast_head":"<!-- This site is optimized with the Yoast SEO Premium plugin v22.9 (Yoast SEO v27.2) - https:\/\/yoast.com\/product\/yoast-seo-premium-wordpress\/ -->\n<title>Gordon Reporting | Gordon Food Service<\/title>\n<meta name=\"robots\" content=\"index, follow, max-snippet:-1, max-image-preview:large, max-video-preview:-1\" \/>\n<link rel=\"canonical\" href=\"https:\/\/gfs.com\/es-us\/productos-servicios\/soluciones-tecnologicas\/gordon-reporting\/\" \/>\n<meta property=\"og:locale\" content=\"es_ES\" \/>\n<meta property=\"og:type\" content=\"article\" \/>\n<meta property=\"og:title\" content=\"Gordon Reporting\" \/>\n<meta property=\"og:description\" content=\"Gordon Reporting Make data-driven decisions. LEVERAGE YOUR OWN DATA Gordon Reporting Online Reporting is a self-service reporting tool for Gordon Food Service Education and Healthcare customers. The easy-to-use site will help save you time, manage food costs and guide you in making strategic purchasing decisions by providing easy access to your purchase history for the [&hellip;]\" \/>\n<meta property=\"og:url\" content=\"https:\/\/gfs.com\/es-us\/productos-servicios\/soluciones-tecnologicas\/gordon-reporting\/\" \/>\n<meta property=\"og:site_name\" content=\"Gordon Food Service\" \/>\n<meta property=\"article:publisher\" content=\"https:\/\/www.facebook.com\/GordonFoodService\/\" \/>\n<meta property=\"article:modified_time\" content=\"2025-10-22T19:55:28+00:00\" \/>\n<meta property=\"og:image\" content=\"https:\/\/gfs.com\/wp-content\/uploads\/2022\/08\/healthcare-foodservice-technology.jpg\" \/>\n<meta name=\"twitter:card\" content=\"summary_large_image\" \/>\n<meta name=\"twitter:site\" content=\"@GFSDelivers\" \/>\n<meta name=\"twitter:label1\" content=\"Est. reading time\" \/>\n\t<meta name=\"twitter:data1\" content=\"1 minute\" \/>\n<!-- \/ Yoast SEO Premium plugin. -->","yoast_head_json":{"title":"Gordon Reporting | Gordon Food Service","robots":{"index":"index","follow":"follow","max-snippet":"max-snippet:-1","max-image-preview":"max-image-preview:large","max-video-preview":"max-video-preview:-1"},"canonical":"https:\/\/gfs.com\/es-us\/productos-servicios\/soluciones-tecnologicas\/gordon-reporting\/","og_locale":"es_ES","og_type":"article","og_title":"Gordon Reporting","og_description":"Gordon Reporting Make data-driven decisions. LEVERAGE YOUR OWN DATA Gordon Reporting Online Reporting is a self-service reporting tool for Gordon Food Service Education and Healthcare customers. The easy-to-use site will help save you time, manage food costs and guide you in making strategic purchasing decisions by providing easy access to your purchase history for the [&hellip;]","og_url":"https:\/\/gfs.com\/es-us\/productos-servicios\/soluciones-tecnologicas\/gordon-reporting\/","og_site_name":"Gordon Food Service","article_publisher":"https:\/\/www.facebook.com\/GordonFoodService\/","article_modified_time":"2025-10-22T19:55:28+00:00","og_image":[{"url":"https:\/\/gfs.com\/wp-content\/uploads\/2022\/08\/healthcare-foodservice-technology.jpg","type":"","width":"","height":""}],"twitter_card":"summary_large_image","twitter_site":"@GFSDelivers","twitter_misc":{"Est. reading time":"1 minute"},"schema":{"@context":"https:\/\/schema.org","@graph":[{"@type":"WebPage","@id":"https:\/\/gfs.com\/products-services\/technology-solutions\/gordon-reporting\/","url":"https:\/\/gfs.com\/products-services\/technology-solutions\/gordon-reporting\/","name":"Gordon Reporting | Gordon Food Service","isPartOf":{"@id":"https:\/\/gfs.com\/en-us\/#website"},"primaryImageOfPage":{"@id":"https:\/\/gfs.com\/products-services\/technology-solutions\/gordon-reporting\/#primaryimage"},"image":{"@id":"https:\/\/gfs.com\/products-services\/technology-solutions\/gordon-reporting\/#primaryimage"},"thumbnailUrl":"https:\/\/gfs.com\/wp-content\/uploads\/2022\/08\/healthcare-foodservice-technology.jpg","datePublished":"2022-12-13T14:10:37+00:00","dateModified":"2025-10-22T19:55:28+00:00","breadcrumb":{"@id":"https:\/\/gfs.com\/products-services\/technology-solutions\/gordon-reporting\/#breadcrumb"},"inLanguage":"es-US","potentialAction":[{"@type":"ReadAction","target":["https:\/\/gfs.com\/products-services\/technology-solutions\/gordon-reporting\/"]}]},{"@type":"ImageObject","inLanguage":"es-US","@id":"https:\/\/gfs.com\/products-services\/technology-solutions\/gordon-reporting\/#primaryimage","url":"https:\/\/gfs.com\/wp-content\/uploads\/2022\/08\/healthcare-foodservice-technology.jpg","contentUrl":"https:\/\/gfs.com\/wp-content\/uploads\/2022\/08\/healthcare-foodservice-technology.jpg"},{"@type":"BreadcrumbList","@id":"https:\/\/gfs.com\/products-services\/technology-solutions\/gordon-reporting\/#breadcrumb","itemListElement":[{"@type":"ListItem","position":1,"name":"Home","item":"https:\/\/gfs.com\/en-us\/"},{"@type":"ListItem","position":2,"name":"Products &amp; Services","item":"https:\/\/gfs.com\/products-services\/"},{"@type":"ListItem","position":3,"name":"Technology Solutions","item":"https:\/\/gfs.com\/products-services\/technology-solutions\/"},{"@type":"ListItem","position":4,"name":"Gordon Reporting"}]},{"@type":"WebSite","@id":"https:\/\/gfs.com\/en-us\/#website","url":"https:\/\/gfs.com\/en-us\/","name":"Gordon Food Service","description":"","publisher":{"@id":"https:\/\/gfs.com\/en-us\/#organization"},"potentialAction":[{"@type":"SearchAction","target":{"@type":"EntryPoint","urlTemplate":"https:\/\/gfs.com\/en-us\/?s={search_term_string}"},"query-input":{"@type":"PropertyValueSpecification","valueRequired":true,"valueName":"search_term_string"}}],"inLanguage":"es-US"},{"@type":"Organization","@id":"https:\/\/gfs.com\/en-us\/#organization","name":"Gordon Food Service","url":"https:\/\/gfs.com\/en-us\/","logo":{"@type":"ImageObject","inLanguage":"es-US","@id":"https:\/\/gfs.com\/en-us\/#\/schema\/logo\/image\/","url":"https:\/\/gfs.com\/wp-content\/uploads\/2023\/02\/GordonFoodService_Logo_RGB.png","contentUrl":"https:\/\/gfs.com\/wp-content\/uploads\/2023\/02\/GordonFoodService_Logo_RGB.png","width":628,"height":210,"caption":"Gordon Food Service"},"image":{"@id":"https:\/\/gfs.com\/en-us\/#\/schema\/logo\/image\/"},"sameAs":["https:\/\/www.facebook.com\/GordonFoodService\/","https:\/\/x.com\/GFSDelivers","https:\/\/www.instagram.com\/gordonfoodservice\/","https:\/\/www.youtube.com\/@GFSDelivers","https:\/\/www.linkedin.com\/company\/gordon-food-service\/"]}]}},"_links":{"self":[{"href":"https:\/\/gfs.com\/es-us\/wp-json\/wp\/v2\/pages\/18284","targetHints":{"allow":["GET"]}}],"collection":[{"href":"https:\/\/gfs.com\/es-us\/wp-json\/wp\/v2\/pages"}],"about":[{"href":"https:\/\/gfs.com\/es-us\/wp-json\/wp\/v2\/types\/page"}],"author":[{"embeddable":true,"href":"https:\/\/gfs.com\/es-us\/wp-json\/wp\/v2\/users\/19"}],"replies":[{"embeddable":true,"href":"https:\/\/gfs.com\/es-us\/wp-json\/wp\/v2\/comments?post=18284"}],"version-history":[{"count":19,"href":"https:\/\/gfs.com\/es-us\/wp-json\/wp\/v2\/pages\/18284\/revisions"}],"predecessor-version":[{"id":42382,"href":"https:\/\/gfs.com\/es-us\/wp-json\/wp\/v2\/pages\/18284\/revisions\/42382"}],"up":[{"embeddable":true,"href":"https:\/\/gfs.com\/es-us\/wp-json\/wp\/v2\/pages\/14096"}],"wp:attachment":[{"href":"https:\/\/gfs.com\/es-us\/wp-json\/wp\/v2\/media?parent=18284"}],"curies":[{"name":"wp","href":"https:\/\/api.w.org\/{rel}","templated":true}]}}