{"id":12228,"date":"2022-11-15T15:46:10","date_gmt":"2022-11-15T21:46:10","guid":{"rendered":"https:\/\/live-gordon-food-service.pantheonsite.io\/?page_id=12228"},"modified":"2025-10-23T13:17:22","modified_gmt":"2025-10-23T17:17:22","slug":"programa-clear-choice","status":"publish","type":"page","link":"https:\/\/gfs.com\/es-us\/clear-choice-program\/","title":{"rendered":"Programa Clear Choice"},"content":{"rendered":"<div data-elementor-type=\"wp-page\" data-elementor-id=\"12228\" class=\"elementor elementor-12228\" data-elementor-post-type=\"page\">\n\t\t\t\t<div class=\"elementor-element elementor-element-5a0348e e-flex e-con-boxed e-con e-parent\" data-id=\"5a0348e\" data-element_type=\"container\" data-e-type=\"container\">\n\t\t\t\t\t<div class=\"e-con-inner\">\n\t\t<div class=\"elementor-element elementor-element-be8d31f e-con-full e-flex e-con e-child\" data-id=\"be8d31f\" data-element_type=\"container\" data-e-type=\"container\">\n\t\t\t\t<div class=\"elementor-element elementor-element-b24062a elementor-widget elementor-widget-heading\" data-id=\"b24062a\" data-element_type=\"widget\" data-e-type=\"widget\" data-widget_type=\"heading.default\">\n\t\t\t\t<div class=\"elementor-widget-container\">\n\t\t\t\t\t<h2 class=\"elementor-heading-title elementor-size-default\">Programa Clear Choice<\/h2>\t\t\t\t<\/div>\n\t\t\t\t<\/div>\n\t\t\t\t<div class=\"elementor-element elementor-element-66b4dcd elementor-widget elementor-widget-heading\" data-id=\"66b4dcd\" data-element_type=\"widget\" data-e-type=\"widget\" data-widget_type=\"heading.default\">\n\t\t\t\t<div class=\"elementor-widget-container\">\n\t\t\t\t\t<h2 class=\"elementor-heading-title elementor-size-default\">Hablemos de Transparencia<\/h2>\t\t\t\t<\/div>\n\t\t\t\t<\/div>\n\t\t\t\t<div class=\"elementor-element elementor-element-4dc7693 elementor-widget elementor-widget-text-editor\" data-id=\"4dc7693\" data-element_type=\"widget\" data-e-type=\"widget\" data-widget_type=\"text-editor.default\">\n\t\t\t\t<div class=\"elementor-widget-container\">\n\t\t\t\t\t\t\t\t\t<p>Los consumidores quieren saber qu\u00e9 contienen y qu\u00e9 no los alimentos que compran, de d\u00f3nde provienen y c\u00f3mo se cultivaron, procesaron o elaboraron. Tambi\u00e9n buscan evitar aditivos, promover el bienestar animal y reducir su impacto ambiental tomando mejores decisiones alimentarias y utilizando productos reciclados, reciclables o biodegradables y compostables.<\/p><p>Esencialmente, quieren sentirse bien con toda su experiencia gastron\u00f3mica, desde la comida hasta los elementos de la mesa y todo lo que hay en medio.<\/p><p>Nuestro Programa Clear Choice proporciona visibilidad a un portafolio de productos en siete categor\u00edas para ayudarle a satisfacer esta demanda.<\/p>\t\t\t\t\t\t\t\t<\/div>\n\t\t\t\t<\/div>\n\t\t\t\t<div class=\"elementor-element elementor-element-6d40ea8 elementor-widget elementor-widget-heading\" data-id=\"6d40ea8\" data-element_type=\"widget\" data-e-type=\"widget\" data-widget_type=\"heading.default\">\n\t\t\t\t<div class=\"elementor-widget-container\">\n\t\t\t\t\t<h2 class=\"elementor-heading-title elementor-size-default\">Ingredientes M\u00e1s Limpios<\/h2>\t\t\t\t<\/div>\n\t\t\t\t<\/div>\n\t\t\t\t<div class=\"elementor-element elementor-element-5c4740f elementor-widget elementor-widget-text-editor\" data-id=\"5c4740f\" data-element_type=\"widget\" data-e-type=\"widget\" data-widget_type=\"text-editor.default\">\n\t\t\t\t<div class=\"elementor-widget-container\">\n\t\t\t\t\t\t\t\t\t<p>Los consumidores son cada vez m\u00e1s conscientes de c\u00f3mo se producen los alimentos, con un deseo de ingredientes m\u00e1s simples y reconocibles y menos aditivos. Los productos de esta categor\u00eda incluyen una, varias o todas las siguientes caracter\u00edsticas.<\/p><ul><li>Sin Sabores Artificiales<\/li><li>Sin Conservantes Artificiales<\/li><li>Sin Edulcorantes Artificiales<\/li><li>Sin Colorantes de Fuentes Artificiales<\/li><li>Sin Jarabe de Ma\u00edz de Alta Fructosa<\/li><li>Sin Glutamato Monos\u00f3dico (MSG)<\/li><li>Sin OGM (Organismos Gen\u00e9ticamente Modificados)<\/li><li>Org\u00e1nico USDA<\/li><\/ul>\t\t\t\t\t\t\t\t<\/div>\n\t\t\t\t<\/div>\n\t\t\t\t<div class=\"elementor-element elementor-element-845f7b6 elementor-widget elementor-widget-heading\" data-id=\"845f7b6\" data-element_type=\"widget\" data-e-type=\"widget\" data-widget_type=\"heading.default\">\n\t\t\t\t<div class=\"elementor-widget-container\">\n\t\t\t\t\t<h2 class=\"elementor-heading-title elementor-size-default\">Cuidado Animal<\/h2>\t\t\t\t<\/div>\n\t\t\t\t<\/div>\n\t\t\t\t<div class=\"elementor-element elementor-element-3a700dc elementor-widget elementor-widget-text-editor\" data-id=\"3a700dc\" data-element_type=\"widget\" data-e-type=\"widget\" data-widget_type=\"text-editor.default\">\n\t\t\t\t<div class=\"elementor-widget-container\">\n\t\t\t\t\t\t\t\t\t<p>Cuando se trata de carne, aves, l\u00e1cteos y huevos, el bienestar animal es una prioridad para muchos consumidores de hoy. Estos programas de certificaci\u00f3n y pr\u00e1cticas agr\u00edcolas se han desarrollado con un enfoque en la seguridad y el bienestar de los animales.<\/p><ul><li>Certificado por American Humane<\/li><li>Libre de Jaula<\/li><li>Certificado Humano<\/li><li>Criado en Pasturas<\/li><li>Global Animal Partnership<\/li><li>Libre de Ractopamina<\/li><li>Criado sin Hormonas A\u00f1adidas<\/li><li>Criado sin Antibi\u00f3ticos<\/li><\/ul>\t\t\t\t\t\t\t\t<\/div>\n\t\t\t\t<\/div>\n\t\t\t\t<div class=\"elementor-element elementor-element-ac48562 elementor-widget elementor-widget-heading\" data-id=\"ac48562\" data-element_type=\"widget\" data-e-type=\"widget\" data-widget_type=\"heading.default\">\n\t\t\t\t<div class=\"elementor-widget-container\">\n\t\t\t\t\t<h2 class=\"elementor-heading-title elementor-size-default\">Mariscos Sostenibles<\/h2>\t\t\t\t<\/div>\n\t\t\t\t<\/div>\n\t\t\t\t<div class=\"elementor-element elementor-element-8bcd8a3 elementor-widget elementor-widget-text-editor\" data-id=\"8bcd8a3\" data-element_type=\"widget\" data-e-type=\"widget\" data-widget_type=\"text-editor.default\">\n\t\t\t\t<div class=\"elementor-widget-container\">\n\t\t\t\t\t\t\t\t\t<p>A los consumidores les importa proteger y restaurar nuestros entornos marinos, y a nosotros tambi\u00e9n. Al comprar pescado y mariscos capturados o cultivados utilizando pr\u00e1cticas de manejo sostenible, los consumidores pueden estar seguros de que el medio marino se est\u00e1 protegiendo para las generaciones futuras. Busque estas certificaciones como indicadores de las mejores pr\u00e1cticas.<\/p><ul><li>Aquaculture Stewardship Council (ASC)<\/li><li>Best Aquaculture Practices (BAP)<\/li><li>Marine Stewardship Council (MSC)<\/li><li>Monterey Bay Aquarium Seafood Watch<\/li><\/ul>\t\t\t\t\t\t\t\t<\/div>\n\t\t\t\t<\/div>\n\t\t\t\t<div class=\"elementor-element elementor-element-222d240 elementor-widget elementor-widget-heading\" data-id=\"222d240\" data-element_type=\"widget\" data-e-type=\"widget\" data-widget_type=\"heading.default\">\n\t\t\t\t<div class=\"elementor-widget-container\">\n\t\t\t\t\t<h2 class=\"elementor-heading-title elementor-size-default\">Obtenido \u00c9ticamente<\/h2>\t\t\t\t<\/div>\n\t\t\t\t<\/div>\n\t\t\t\t<div class=\"elementor-element elementor-element-08ad9d4 elementor-widget elementor-widget-text-editor\" data-id=\"08ad9d4\" data-element_type=\"widget\" data-e-type=\"widget\" data-widget_type=\"text-editor.default\">\n\t\t\t\t<div class=\"elementor-widget-container\">\n\t\t\t\t\t\t\t\t\t<p>Los consumidores quieren sentirse bien con lo que comen y saber que est\u00e1n teniendo un impacto positivo tanto en las personas como en el planeta. Estas pr\u00e1cticas de abastecimiento y las certificaciones de terceros ayudan a garantizar que los agricultores de todo el mundo reciban un salario digno y medios de vida sostenibles.<\/p><ul><li>Comercio Justo<\/li><li>Abastecimiento Directo Internacional de Agricultores<\/li><li>Rainforest Alliance<\/li><\/ul>\t\t\t\t\t\t\t\t<\/div>\n\t\t\t\t<\/div>\n\t\t\t\t<div class=\"elementor-element elementor-element-b2e6113 elementor-widget elementor-widget-heading\" data-id=\"b2e6113\" data-element_type=\"widget\" data-e-type=\"widget\" data-widget_type=\"heading.default\">\n\t\t\t\t<div class=\"elementor-widget-container\">\n\t\t\t\t\t<h2 class=\"elementor-heading-title elementor-size-default\">Respetuoso con el Medio Ambiente<\/h2>\t\t\t\t<\/div>\n\t\t\t\t<\/div>\n\t\t\t\t<div class=\"elementor-element elementor-element-2cc3572 elementor-widget elementor-widget-text-editor\" data-id=\"2cc3572\" data-element_type=\"widget\" data-e-type=\"widget\" data-widget_type=\"text-editor.default\">\n\t\t\t\t<div class=\"elementor-widget-container\">\n\t\t\t\t\t\t\t\t\t<p>Reducir el impacto ambiental de los productos qu\u00edmicos y la contribuci\u00f3n a los vertederos es beneficioso para nuestro planeta y para los consumidores. Los productos con estos atributos y certificaciones de terceros se crean teniendo en cuenta estos principios.<\/p><ul><li>Compostable<\/li><li>EcoLogo<\/li><li>Green Seal<\/li><li>Hecho de Materiales Reciclados<\/li><li>Hecho de Recursos Renovables<\/li><li>Safer Choice<\/li><\/ul>\t\t\t\t\t\t\t\t<\/div>\n\t\t\t\t<\/div>\n\t\t\t\t<div class=\"elementor-element elementor-element-5572599 elementor-widget elementor-widget-heading\" data-id=\"5572599\" data-element_type=\"widget\" data-e-type=\"widget\" data-widget_type=\"heading.default\">\n\t\t\t\t<div class=\"elementor-widget-container\">\n\t\t\t\t\t<h2 class=\"elementor-heading-title elementor-size-default\">Diversidad de Proveedores<\/h2>\t\t\t\t<\/div>\n\t\t\t\t<\/div>\n\t\t\t\t<div class=\"elementor-element elementor-element-76ce721 elementor-widget elementor-widget-text-editor\" data-id=\"76ce721\" data-element_type=\"widget\" data-e-type=\"widget\" data-widget_type=\"text-editor.default\">\n\t\t\t\t<div class=\"elementor-widget-container\">\n\t\t\t\t\t\t\t\t\t<p>Trabajamos con proveedores diversos para reflejar, respetar y apoyar a las comunidades en las que servimos. Los productos con estos atributos son fabricados por empresas que son propiedad, operadas y controladas en un 51% o m\u00e1s diariamente por una o m\u00e1s mujeres o minor\u00edas \u00e9tnicas.<\/p><ul><li>Empresa Propiedad de Minor\u00edas<\/li><li>Empresa Propiedad de Mujeres<\/li><\/ul>\t\t\t\t\t\t\t\t<\/div>\n\t\t\t\t<\/div>\n\t\t\t\t<div class=\"elementor-element elementor-element-255eb60 elementor-widget elementor-widget-heading\" data-id=\"255eb60\" data-element_type=\"widget\" data-e-type=\"widget\" data-widget_type=\"heading.default\">\n\t\t\t\t<div class=\"elementor-widget-container\">\n\t\t\t\t\t<h2 class=\"elementor-heading-title elementor-size-default\">Atributos Diet\u00e9ticos<\/h2>\t\t\t\t<\/div>\n\t\t\t\t<\/div>\n\t\t\t\t<div class=\"elementor-element elementor-element-8e45c3b elementor-widget elementor-widget-text-editor\" data-id=\"8e45c3b\" data-element_type=\"widget\" data-e-type=\"widget\" data-widget_type=\"text-editor.default\">\n\t\t\t\t<div class=\"elementor-widget-container\">\n\t\t\t\t\t\t\t\t\t<p>Productos que se preparan y producen de acuerdo con los requisitos de est\u00e1ndares o preferencias diet\u00e9ticas espec\u00edficas.<\/p><ul><li>Sin Gluten<\/li><li>Halal<\/li><li>Kosher<\/li><li>Prote\u00edna Vegetal<\/li><li>Vegano<\/li><li>Vegetariano<\/li><li>Rico en Granos Integrales<\/li><\/ul>\t\t\t\t\t\t\t\t<\/div>\n\t\t\t\t<\/div>\n\t\t\t\t<\/div>\n\t\t\t\t\t<\/div>\n\t\t\t\t<\/div>\n\t\t<div class=\"elementor-element elementor-element-86943c5 e-flex e-con-boxed e-con e-parent\" data-id=\"86943c5\" data-element_type=\"container\" data-e-type=\"container\">\n\t\t\t\t\t<div class=\"e-con-inner\">\n\t\t<div class=\"elementor-element elementor-element-3161e47 e-con-full e-flex e-con e-child\" data-id=\"3161e47\" data-element_type=\"container\" data-e-type=\"container\">\n\t\t\t\t<div class=\"elementor-element elementor-element-0fbc0b7 elementor-widget elementor-widget-video\" data-id=\"0fbc0b7\" data-element_type=\"widget\" data-e-type=\"widget\" data-settings=\"{&quot;youtube_url&quot;:&quot;https:\\\/\\\/youtu.be\\\/JdMPCS5E0QY&quot;,&quot;video_type&quot;:&quot;youtube&quot;,&quot;controls&quot;:&quot;yes&quot;}\" data-widget_type=\"video.default\">\n\t\t\t\t<div class=\"elementor-widget-container\">\n\t\t\t\t\t\t\t<div class=\"elementor-wrapper elementor-open-inline\">\n\t\t\t<div class=\"elementor-video\"><\/div>\t\t<\/div>\n\t\t\t\t\t\t<\/div>\n\t\t\t\t<\/div>\n\t\t\t\t<\/div>\n\t\t\t\t\t<\/div>\n\t\t\t\t<\/div>\n\t\t\t\t<\/div>","protected":false},"excerpt":{"rendered":"<p>Clear Choice Program Let&#8217;s Talk Transparency Consumers want to know what is and is not in the food they purchase, where it comes from and how it was grown, processed or made. They are also looking to avoid additives, promote animal welfare and lessen their environmental impact by making better food choices and by using [&hellip;]<\/p>\n","protected":false},"author":20,"featured_media":0,"parent":0,"menu_order":0,"comment_status":"closed","ping_status":"closed","template":"","meta":{"_acf_changed":false,"footnotes":""},"class_list":["post-12228","page","type-page","status-publish","hentry"],"acf":[],"yoast_head":"<!-- This site is optimized with the Yoast SEO Premium plugin v22.9 (Yoast SEO v27.2) - https:\/\/yoast.com\/product\/yoast-seo-premium-wordpress\/ -->\n<title>Clear Choice Program | Gordon Food Service<\/title>\n<meta name=\"robots\" content=\"index, follow, max-snippet:-1, max-image-preview:large, max-video-preview:-1\" \/>\n<link rel=\"canonical\" href=\"https:\/\/gfs.com\/es-us\/programa-clear-choice\/\" \/>\n<meta property=\"og:locale\" content=\"es_ES\" \/>\n<meta property=\"og:type\" content=\"article\" \/>\n<meta property=\"og:title\" content=\"Clear Choice Program\" \/>\n<meta property=\"og:description\" content=\"Clear Choice Program Let&#8217;s Talk Transparency Consumers want to know what is and is not in the food they purchase, where it comes from and how it was grown, processed or made. They are also looking to avoid additives, promote animal welfare and lessen their environmental impact by making better food choices and by using [&hellip;]\" \/>\n<meta property=\"og:url\" content=\"https:\/\/gfs.com\/es-us\/programa-clear-choice\/\" \/>\n<meta property=\"og:site_name\" content=\"Gordon Food Service\" \/>\n<meta property=\"article:publisher\" content=\"https:\/\/www.facebook.com\/GordonFoodService\/\" \/>\n<meta property=\"article:modified_time\" content=\"2025-10-23T17:17:22+00:00\" \/>\n<meta name=\"twitter:card\" content=\"summary_large_image\" \/>\n<meta name=\"twitter:site\" content=\"@GFSDelivers\" \/>\n<meta name=\"twitter:label1\" content=\"Est. reading time\" \/>\n\t<meta name=\"twitter:data1\" content=\"3 minutes\" \/>\n<!-- \/ Yoast SEO Premium plugin. -->","yoast_head_json":{"title":"Clear Choice Program | Gordon Food Service","robots":{"index":"index","follow":"follow","max-snippet":"max-snippet:-1","max-image-preview":"max-image-preview:large","max-video-preview":"max-video-preview:-1"},"canonical":"https:\/\/gfs.com\/es-us\/programa-clear-choice\/","og_locale":"es_ES","og_type":"article","og_title":"Clear Choice Program","og_description":"Clear Choice Program Let&#8217;s Talk Transparency Consumers want to know what is and is not in the food they purchase, where it comes from and how it was grown, processed or made. They are also looking to avoid additives, promote animal welfare and lessen their environmental impact by making better food choices and by using [&hellip;]","og_url":"https:\/\/gfs.com\/es-us\/programa-clear-choice\/","og_site_name":"Gordon Food Service","article_publisher":"https:\/\/www.facebook.com\/GordonFoodService\/","article_modified_time":"2025-10-23T17:17:22+00:00","twitter_card":"summary_large_image","twitter_site":"@GFSDelivers","twitter_misc":{"Est. reading time":"3 minutes"},"schema":{"@context":"https:\/\/schema.org","@graph":[{"@type":"WebPage","@id":"https:\/\/gfs.com\/en-us\/clear-choice-program\/","url":"https:\/\/gfs.com\/en-us\/clear-choice-program\/","name":"Clear Choice Program | Gordon Food Service","isPartOf":{"@id":"https:\/\/gfs.com\/en-us\/#website"},"datePublished":"2022-11-15T21:46:10+00:00","dateModified":"2025-10-23T17:17:22+00:00","breadcrumb":{"@id":"https:\/\/gfs.com\/en-us\/clear-choice-program\/#breadcrumb"},"inLanguage":"es-US","potentialAction":[{"@type":"ReadAction","target":["https:\/\/gfs.com\/en-us\/clear-choice-program\/"]}]},{"@type":"BreadcrumbList","@id":"https:\/\/gfs.com\/en-us\/clear-choice-program\/#breadcrumb","itemListElement":[{"@type":"ListItem","position":1,"name":"Home","item":"https:\/\/gfs.com\/en-us\/"},{"@type":"ListItem","position":2,"name":"Clear Choice Program"}]},{"@type":"WebSite","@id":"https:\/\/gfs.com\/en-us\/#website","url":"https:\/\/gfs.com\/en-us\/","name":"Gordon Food Service","description":"","publisher":{"@id":"https:\/\/gfs.com\/en-us\/#organization"},"potentialAction":[{"@type":"SearchAction","target":{"@type":"EntryPoint","urlTemplate":"https:\/\/gfs.com\/en-us\/?s={search_term_string}"},"query-input":{"@type":"PropertyValueSpecification","valueRequired":true,"valueName":"search_term_string"}}],"inLanguage":"es-US"},{"@type":"Organization","@id":"https:\/\/gfs.com\/en-us\/#organization","name":"Gordon Food Service","url":"https:\/\/gfs.com\/en-us\/","logo":{"@type":"ImageObject","inLanguage":"es-US","@id":"https:\/\/gfs.com\/en-us\/#\/schema\/logo\/image\/","url":"https:\/\/gfs.com\/wp-content\/uploads\/2023\/02\/GordonFoodService_Logo_RGB.png","contentUrl":"https:\/\/gfs.com\/wp-content\/uploads\/2023\/02\/GordonFoodService_Logo_RGB.png","width":628,"height":210,"caption":"Gordon Food Service"},"image":{"@id":"https:\/\/gfs.com\/en-us\/#\/schema\/logo\/image\/"},"sameAs":["https:\/\/www.facebook.com\/GordonFoodService\/","https:\/\/x.com\/GFSDelivers","https:\/\/www.instagram.com\/gordonfoodservice\/","https:\/\/www.youtube.com\/@GFSDelivers","https:\/\/www.linkedin.com\/company\/gordon-food-service\/"]}]}},"_links":{"self":[{"href":"https:\/\/gfs.com\/es-us\/wp-json\/wp\/v2\/pages\/12228","targetHints":{"allow":["GET"]}}],"collection":[{"href":"https:\/\/gfs.com\/es-us\/wp-json\/wp\/v2\/pages"}],"about":[{"href":"https:\/\/gfs.com\/es-us\/wp-json\/wp\/v2\/types\/page"}],"author":[{"embeddable":true,"href":"https:\/\/gfs.com\/es-us\/wp-json\/wp\/v2\/users\/20"}],"replies":[{"embeddable":true,"href":"https:\/\/gfs.com\/es-us\/wp-json\/wp\/v2\/comments?post=12228"}],"version-history":[{"count":13,"href":"https:\/\/gfs.com\/es-us\/wp-json\/wp\/v2\/pages\/12228\/revisions"}],"predecessor-version":[{"id":42431,"href":"https:\/\/gfs.com\/es-us\/wp-json\/wp\/v2\/pages\/12228\/revisions\/42431"}],"wp:attachment":[{"href":"https:\/\/gfs.com\/es-us\/wp-json\/wp\/v2\/media?parent=12228"}],"curies":[{"name":"wp","href":"https:\/\/api.w.org\/{rel}","templated":true}]}}