{"id":10292,"date":"2022-09-20T11:03:31","date_gmt":"2022-09-20T16:03:31","guid":{"rendered":"https:\/\/live-gordon-food-service.pantheonsite.io\/?page_id=10292"},"modified":"2025-12-03T11:28:39","modified_gmt":"2025-12-03T16:28:39","slug":"gordon-now-app","status":"publish","type":"page","link":"https:\/\/gfs.com\/es-us\/products-services\/technology-solutions\/gordon-now-app\/","title":{"rendered":"Gordon Now App"},"content":{"rendered":"<div data-elementor-type=\"wp-page\" data-elementor-id=\"10292\" class=\"elementor elementor-10292\" data-elementor-post-type=\"page\">\n\t\t\t\t<div class=\"elementor-element elementor-element-596c9ee9 e-flex e-con-boxed e-con e-parent\" data-id=\"596c9ee9\" data-element_type=\"container\" data-e-type=\"container\" data-settings=\"{&quot;background_background&quot;:&quot;classic&quot;}\">\n\t\t\t\t\t<div class=\"e-con-inner\">\n\t\t<div class=\"elementor-element elementor-element-5954a495 e-con-full e-flex e-con e-child\" data-id=\"5954a495\" data-element_type=\"container\" data-e-type=\"container\">\n\t\t\t\t<div class=\"elementor-element elementor-element-7aedd4c6 elementor-widget elementor-widget-heading\" data-id=\"7aedd4c6\" data-element_type=\"widget\" data-e-type=\"widget\" data-widget_type=\"heading.default\">\n\t\t\t\t<div class=\"elementor-widget-container\">\n\t\t\t\t\t<h2 class=\"elementor-heading-title elementor-size-default\">Gordon Ahora<\/h2>\t\t\t\t<\/div>\n\t\t\t\t<\/div>\n\t\t\t\t<div class=\"elementor-element elementor-element-7661a90b elementor-widget elementor-widget-text-editor\" data-id=\"7661a90b\" data-element_type=\"widget\" data-e-type=\"widget\" data-widget_type=\"text-editor.default\">\n\t\t\t\t<div class=\"elementor-widget-container\">\n\t\t\t\t\t\t\t\t\t<p>Realiza pedidos, rastrea entregas, administra inventario y obt\u00e9n soporte instant\u00e1neo, todo en una sola aplicaci\u00f3n.<\/p>\t\t\t\t\t\t\t\t<\/div>\n\t\t\t\t<\/div>\n\t\t\t\t<\/div>\n\t\t\t\t\t<\/div>\n\t\t\t\t<\/div>\n\t\t<div class=\"elementor-element elementor-element-72414c3d e-flex e-con-boxed e-con e-parent\" data-id=\"72414c3d\" data-element_type=\"container\" data-e-type=\"container\">\n\t\t\t\t\t<div class=\"e-con-inner\">\n\t\t<div class=\"elementor-element elementor-element-75a0b081 e-con-full e-flex e-con e-child\" data-id=\"75a0b081\" data-element_type=\"container\" data-e-type=\"container\">\n\t\t\t\t<div class=\"elementor-element elementor-element-eb55ff6 elementor-widget elementor-widget-image\" data-id=\"eb55ff6\" data-element_type=\"widget\" data-e-type=\"widget\" data-widget_type=\"image.default\">\n\t\t\t\t<div class=\"elementor-widget-container\">\n\t\t\t\t\t\t\t\t\t\t\t\t\t\t\t<img fetchpriority=\"high\" decoding=\"async\" width=\"800\" height=\"420\" src=\"https:\/\/gfs.com\/wp-content\/uploads\/2022\/12\/Gordon-Now-Logo-sRGB-1-e1672956718674-1024x538.png\" class=\"attachment-large size-large wp-image-20951\" alt=\"\" srcset=\"https:\/\/gfs.com\/wp-content\/uploads\/2022\/12\/Gordon-Now-Logo-sRGB-1-e1672956718674-1024x538.png 1024w, https:\/\/gfs.com\/wp-content\/uploads\/2022\/12\/Gordon-Now-Logo-sRGB-1-e1672956718674-300x157.png 300w, https:\/\/gfs.com\/wp-content\/uploads\/2022\/12\/Gordon-Now-Logo-sRGB-1-e1672956718674-768x403.png 768w, https:\/\/gfs.com\/wp-content\/uploads\/2022\/12\/Gordon-Now-Logo-sRGB-1-e1672956718674-1536x806.png 1536w, https:\/\/gfs.com\/wp-content\/uploads\/2022\/12\/Gordon-Now-Logo-sRGB-1-e1672956718674-2048x1075.png 2048w, https:\/\/gfs.com\/wp-content\/uploads\/2022\/12\/Gordon-Now-Logo-sRGB-1-e1672956718674-18x9.png 18w\" sizes=\"(max-width: 800px) 100vw, 800px\" \/>\t\t\t\t\t\t\t\t\t\t\t\t\t\t\t<\/div>\n\t\t\t\t<\/div>\n\t\t\t\t<div class=\"elementor-element elementor-element-61e756a0 elementor-widget elementor-widget-heading\" data-id=\"61e756a0\" data-element_type=\"widget\" data-e-type=\"widget\" data-widget_type=\"heading.default\">\n\t\t\t\t<div class=\"elementor-widget-container\">\n\t\t\t\t\t<h2 class=\"elementor-heading-title elementor-size-default\">Administra tu negocio cuando, donde y como quieras.<\/h2>\t\t\t\t<\/div>\n\t\t\t\t<\/div>\n\t\t\t\t<div class=\"elementor-element elementor-element-bcc39ba elementor-widget elementor-widget-text-editor\" data-id=\"bcc39ba\" data-element_type=\"widget\" data-e-type=\"widget\" data-widget_type=\"text-editor.default\">\n\t\t\t\t<div class=\"elementor-widget-container\">\n\t\t\t\t\t\t\t\t\t<p>Estamos revolucionando el servicio de alimentos con Gordon Ahora. Realiza pedidos sobre la marcha desde cualquier lugar, obt\u00e9n tiempos estimados de llegada exactos con seguimiento de entrega en tiempo real y administra tu inventario sin problemas para que todo funcione a la perfecci\u00f3n. La aplicaci\u00f3n Gordon Ahora te brinda la informaci\u00f3n correcta, justo cuando la necesitas, para un control y una comodidad m\u00e1ximos.<\/p>\t\t\t\t\t\t\t\t<\/div>\n\t\t\t\t<\/div>\n\t\t\t\t<\/div>\n\t\t<div class=\"elementor-element elementor-element-82ad216 e-con-full e-flex e-con e-child\" data-id=\"82ad216\" data-element_type=\"container\" data-e-type=\"container\">\n\t\t\t\t<div class=\"elementor-element elementor-element-4f1765a elementor-widget elementor-widget-image\" data-id=\"4f1765a\" data-element_type=\"widget\" data-e-type=\"widget\" data-widget_type=\"image.default\">\n\t\t\t\t<div class=\"elementor-widget-container\">\n\t\t\t\t\t\t\t\t\t\t\t\t\t\t\t<img decoding=\"async\" width=\"576\" height=\"1024\" src=\"https:\/\/gfs.com\/wp-content\/uploads\/2023\/01\/Gordon-Now-Screenshots-2-2-576x1024.png\" class=\"attachment-large size-large wp-image-21564\" alt=\"\" srcset=\"https:\/\/gfs.com\/wp-content\/uploads\/2023\/01\/Gordon-Now-Screenshots-2-2-576x1024.png 576w, https:\/\/gfs.com\/wp-content\/uploads\/2023\/01\/Gordon-Now-Screenshots-2-2-169x300.png 169w, https:\/\/gfs.com\/wp-content\/uploads\/2023\/01\/Gordon-Now-Screenshots-2-2-768x1365.png 768w, https:\/\/gfs.com\/wp-content\/uploads\/2023\/01\/Gordon-Now-Screenshots-2-2-864x1536.png 864w, https:\/\/gfs.com\/wp-content\/uploads\/2023\/01\/Gordon-Now-Screenshots-2-2-7x12.png 7w, https:\/\/gfs.com\/wp-content\/uploads\/2023\/01\/Gordon-Now-Screenshots-2-2.png 1080w\" sizes=\"(max-width: 576px) 100vw, 576px\" \/>\t\t\t\t\t\t\t\t\t\t\t\t\t\t\t<\/div>\n\t\t\t\t<\/div>\n\t\t\t\t<\/div>\n\t\t\t\t\t<\/div>\n\t\t\t\t<\/div>\n\t\t<div class=\"elementor-element elementor-element-746bf3ae e-flex e-con-boxed e-con e-parent\" data-id=\"746bf3ae\" data-element_type=\"container\" data-e-type=\"container\" data-settings=\"{&quot;background_background&quot;:&quot;classic&quot;}\">\n\t\t\t\t\t<div class=\"e-con-inner\">\n\t\t\t\t<div class=\"elementor-element elementor-element-7be215 elementor-widget elementor-widget-heading\" data-id=\"7be215\" data-element_type=\"widget\" data-e-type=\"widget\" data-widget_type=\"heading.default\">\n\t\t\t\t<div class=\"elementor-widget-container\">\n\t\t\t\t\t<h2 class=\"elementor-heading-title elementor-size-default\">Funciones Adicionales de la Aplicaci\u00f3n Gordon Ahora<\/h2>\t\t\t\t<\/div>\n\t\t\t\t<\/div>\n\t\t<div class=\"elementor-element elementor-element-38977e72 e-grid e-con-full e-con e-child\" data-id=\"38977e72\" data-element_type=\"container\" data-e-type=\"container\">\n\t\t<div class=\"elementor-element elementor-element-5d4b28c6 e-con-full e-flex e-con e-child\" data-id=\"5d4b28c6\" data-element_type=\"container\" data-e-type=\"container\" data-settings=\"{&quot;background_background&quot;:&quot;classic&quot;}\">\n\t\t\t\t<div class=\"elementor-element elementor-element-58dc8e8c elementor-widget elementor-widget-heading\" data-id=\"58dc8e8c\" data-element_type=\"widget\" data-e-type=\"widget\" data-widget_type=\"heading.default\">\n\t\t\t\t<div class=\"elementor-widget-container\">\n\t\t\t\t\t<h2 class=\"elementor-heading-title elementor-size-default\">Habilitar Notificaciones Push para Entregas<\/h2>\t\t\t\t<\/div>\n\t\t\t\t<\/div>\n\t\t\t\t<\/div>\n\t\t<div class=\"elementor-element elementor-element-37e15f4 e-con-full e-flex e-con e-child\" data-id=\"37e15f4\" data-element_type=\"container\" data-e-type=\"container\" data-settings=\"{&quot;background_background&quot;:&quot;classic&quot;}\">\n\t\t\t\t<div class=\"elementor-element elementor-element-ca739b8 elementor-widget elementor-widget-heading\" data-id=\"ca739b8\" data-element_type=\"widget\" data-e-type=\"widget\" data-widget_type=\"heading.default\">\n\t\t\t\t<div class=\"elementor-widget-container\">\n\t\t\t\t\t<h2 class=\"elementor-heading-title elementor-size-default\">Realizar Pedidos y Pagar<\/h2>\t\t\t\t<\/div>\n\t\t\t\t<\/div>\n\t\t\t\t<\/div>\n\t\t<div class=\"elementor-element elementor-element-e4f7f8c e-con-full e-flex e-con e-child\" data-id=\"e4f7f8c\" data-element_type=\"container\" data-e-type=\"container\" data-settings=\"{&quot;background_background&quot;:&quot;classic&quot;}\">\n\t\t\t\t<div class=\"elementor-element elementor-element-2ed9ae1 elementor-widget elementor-widget-heading\" data-id=\"2ed9ae1\" data-element_type=\"widget\" data-e-type=\"widget\" data-widget_type=\"heading.default\">\n\t\t\t\t<div class=\"elementor-widget-container\">\n\t\t\t\t\t<h2 class=\"elementor-heading-title elementor-size-default\">Seguimiento de Llegada del Cami\u00f3n de Entrega<\/h2>\t\t\t\t<\/div>\n\t\t\t\t<\/div>\n\t\t\t\t<\/div>\n\t\t<div class=\"elementor-element elementor-element-5a2d86f e-con-full e-flex e-con e-child\" data-id=\"5a2d86f\" data-element_type=\"container\" data-e-type=\"container\" data-settings=\"{&quot;background_background&quot;:&quot;classic&quot;}\">\n\t\t\t\t<div class=\"elementor-element elementor-element-fdfa92c elementor-widget elementor-widget-heading\" data-id=\"fdfa92c\" data-element_type=\"widget\" data-e-type=\"widget\" data-widget_type=\"heading.default\">\n\t\t\t\t<div class=\"elementor-widget-container\">\n\t\t\t\t\t<h2 class=\"elementor-heading-title elementor-size-default\">Ver Qu\u00e9 Hay en Tu Cami\u00f3n<\/h2>\t\t\t\t<\/div>\n\t\t\t\t<\/div>\n\t\t\t\t<\/div>\n\t\t<div class=\"elementor-element elementor-element-a4a163d e-con-full e-flex e-con e-child\" data-id=\"a4a163d\" data-element_type=\"container\" data-e-type=\"container\" data-settings=\"{&quot;background_background&quot;:&quot;classic&quot;}\">\n\t\t\t\t<div class=\"elementor-element elementor-element-7342547 elementor-widget elementor-widget-heading\" data-id=\"7342547\" data-element_type=\"widget\" data-e-type=\"widget\" data-widget_type=\"heading.default\">\n\t\t\t\t<div class=\"elementor-widget-container\">\n\t\t\t\t\t<h2 class=\"elementor-heading-title elementor-size-default\">Ver Qu\u00e9 Est\u00e1 Agotado o Falta en el Env\u00edo<\/h2>\t\t\t\t<\/div>\n\t\t\t\t<\/div>\n\t\t\t\t<\/div>\n\t\t<div class=\"elementor-element elementor-element-ed772a7 e-con-full e-flex e-con e-child\" data-id=\"ed772a7\" data-element_type=\"container\" data-e-type=\"container\" data-settings=\"{&quot;background_background&quot;:&quot;classic&quot;}\">\n\t\t\t\t<div class=\"elementor-element elementor-element-434cc1b elementor-widget elementor-widget-heading\" data-id=\"434cc1b\" data-element_type=\"widget\" data-e-type=\"widget\" data-widget_type=\"heading.default\">\n\t\t\t\t<div class=\"elementor-widget-container\">\n\t\t\t\t\t<h2 class=\"elementor-heading-title elementor-size-default translation-block\">Solicitudes de InnoServ<\/h2>\t\t\t\t<\/div>\n\t\t\t\t<\/div>\n\t\t\t\t<\/div>\n\t\t<div class=\"elementor-element elementor-element-77595a3 e-con-full e-flex e-con e-child\" data-id=\"77595a3\" data-element_type=\"container\" data-e-type=\"container\" data-settings=\"{&quot;background_background&quot;:&quot;classic&quot;}\">\n\t\t\t\t<div class=\"elementor-element elementor-element-f3dd67e elementor-widget elementor-widget-heading\" data-id=\"f3dd67e\" data-element_type=\"widget\" data-e-type=\"widget\" data-widget_type=\"heading.default\">\n\t\t\t\t<div class=\"elementor-widget-container\">\n\t\t\t\t\t<h2 class=\"elementor-heading-title elementor-size-default\">Acceder a Informaci\u00f3n de Contacto de Uso Com\u00fan<\/h2>\t\t\t\t<\/div>\n\t\t\t\t<\/div>\n\t\t\t\t<\/div>\n\t\t<div class=\"elementor-element elementor-element-e1165e7 e-con-full e-flex e-con e-child\" data-id=\"e1165e7\" data-element_type=\"container\" data-e-type=\"container\" data-settings=\"{&quot;background_background&quot;:&quot;classic&quot;}\">\n\t\t\t\t<div class=\"elementor-element elementor-element-2caab02 elementor-widget elementor-widget-heading\" data-id=\"2caab02\" data-element_type=\"widget\" data-e-type=\"widget\" data-widget_type=\"heading.default\">\n\t\t\t\t<div class=\"elementor-widget-container\">\n\t\t\t\t\t<h2 class=\"elementor-heading-title elementor-size-default\">Disponible en Espa\u00f1ol y Franc\u00e9s<\/h2>\t\t\t\t<\/div>\n\t\t\t\t<\/div>\n\t\t\t\t<\/div>\n\t\t\t\t<\/div>\n\t\t\t\t\t<\/div>\n\t\t\t\t<\/div>\n\t\t<div class=\"elementor-element elementor-element-4636ed3 featured-cards e-flex e-con-boxed e-con e-parent\" data-id=\"4636ed3\" data-element_type=\"container\" data-e-type=\"container\" data-settings=\"{&quot;background_background&quot;:&quot;classic&quot;}\">\n\t\t\t\t\t<div class=\"e-con-inner\">\n\t\t<div class=\"elementor-element elementor-element-e6ac044 e-con-full e-flex e-con e-child\" data-id=\"e6ac044\" data-element_type=\"container\" data-e-type=\"container\">\n\t\t\t\t<div class=\"elementor-element elementor-element-d6c168e elementor-widget elementor-widget-menu-anchor\" data-id=\"d6c168e\" data-element_type=\"widget\" data-e-type=\"widget\" data-widget_type=\"menu-anchor.default\">\n\t\t\t\t<div class=\"elementor-widget-container\">\n\t\t\t\t\t\t\t<div class=\"elementor-menu-anchor\" id=\"download-app\"><\/div>\n\t\t\t\t\t\t<\/div>\n\t\t\t\t<\/div>\n\t\t\t\t<div class=\"elementor-element elementor-element-68f426b elementor-widget__width-initial elementor-widget elementor-widget-text-editor\" data-id=\"68f426b\" data-element_type=\"widget\" data-e-type=\"widget\" data-widget_type=\"text-editor.default\">\n\t\t\t\t<div class=\"elementor-widget-container\">\n\t\t\t\t\t\t\t\t\t<p>Si ya eres cliente, descarga la aplicaci\u00f3n gratuita hoy mismo e inicia sesi\u00f3n con tu nombre de usuario y contrase\u00f1a de Gordon Ordering existentes.<\/p>\t\t\t\t\t\t\t\t<\/div>\n\t\t\t\t<\/div>\n\t\t<div class=\"elementor-element elementor-element-239c013 e-con-full e-flex e-con e-child\" data-id=\"239c013\" data-element_type=\"container\" data-e-type=\"container\">\n\t\t<div class=\"elementor-element elementor-element-aa18cdc e-con-full e-flex e-con e-child\" data-id=\"aa18cdc\" data-element_type=\"container\" data-e-type=\"container\" data-settings=\"{&quot;background_background&quot;:&quot;classic&quot;}\">\n\t\t\t\t<div class=\"elementor-element elementor-element-ba200a6 elementor-widget elementor-widget-heading\" data-id=\"ba200a6\" data-element_type=\"widget\" data-e-type=\"widget\" data-widget_type=\"heading.default\">\n\t\t\t\t<div class=\"elementor-widget-container\">\n\t\t\t\t\t<h2 class=\"elementor-heading-title elementor-size-default\">Usuarios de Apple<\/h2>\t\t\t\t<\/div>\n\t\t\t\t<\/div>\n\t\t\t\t<div class=\"elementor-element elementor-element-542a668 elementor-widget elementor-widget-text-editor\" data-id=\"542a668\" data-element_type=\"widget\" data-e-type=\"widget\" data-widget_type=\"text-editor.default\">\n\t\t\t\t<div class=\"elementor-widget-container\">\n\t\t\t\t\t\t\t\t\t<p>Descarga desde la App Store<\/p>\t\t\t\t\t\t\t\t<\/div>\n\t\t\t\t<\/div>\n\t\t\t\t<div class=\"elementor-element elementor-element-20f6839 elementor-widget elementor-widget-button\" data-id=\"20f6839\" data-element_type=\"widget\" data-e-type=\"widget\" data-widget_type=\"button.default\">\n\t\t\t\t<div class=\"elementor-widget-container\">\n\t\t\t\t\t\t\t\t\t<div class=\"elementor-button-wrapper\">\n\t\t\t\t\t<a class=\"elementor-button elementor-button-link elementor-size-sm\" href=\"https:\/\/itunes.apple.com\/us\/app\/gordon-now\/id1389981504?mt=8\" target=\"_blank\">\n\t\t\t\t\t\t<span class=\"elementor-button-content-wrapper\">\n\t\t\t\t\t\t\t\t\t<span class=\"elementor-button-text\">Ir a la App Store<\/span>\n\t\t\t\t\t<\/span>\n\t\t\t\t\t<\/a>\n\t\t\t\t<\/div>\n\t\t\t\t\t\t\t\t<\/div>\n\t\t\t\t<\/div>\n\t\t\t\t<\/div>\n\t\t<div class=\"elementor-element elementor-element-430f0eb e-con-full e-flex e-con e-child\" data-id=\"430f0eb\" data-element_type=\"container\" data-e-type=\"container\" data-settings=\"{&quot;background_background&quot;:&quot;classic&quot;}\">\n\t\t\t\t<div class=\"elementor-element elementor-element-4ab23e6 elementor-widget elementor-widget-heading\" data-id=\"4ab23e6\" data-element_type=\"widget\" data-e-type=\"widget\" data-widget_type=\"heading.default\">\n\t\t\t\t<div class=\"elementor-widget-container\">\n\t\t\t\t\t<h2 class=\"elementor-heading-title elementor-size-default\">Usuarios de Android<\/h2>\t\t\t\t<\/div>\n\t\t\t\t<\/div>\n\t\t\t\t<div class=\"elementor-element elementor-element-f99a79e elementor-widget elementor-widget-text-editor\" data-id=\"f99a79e\" data-element_type=\"widget\" data-e-type=\"widget\" data-widget_type=\"text-editor.default\">\n\t\t\t\t<div class=\"elementor-widget-container\">\n\t\t\t\t\t\t\t\t\t<p>Descarga desde Google Play Store<\/p>\t\t\t\t\t\t\t\t<\/div>\n\t\t\t\t<\/div>\n\t\t\t\t<div class=\"elementor-element elementor-element-036eb96 elementor-widget elementor-widget-button\" data-id=\"036eb96\" data-element_type=\"widget\" data-e-type=\"widget\" data-widget_type=\"button.default\">\n\t\t\t\t<div class=\"elementor-widget-container\">\n\t\t\t\t\t\t\t\t\t<div class=\"elementor-button-wrapper\">\n\t\t\t\t\t<a class=\"elementor-button elementor-button-link elementor-size-sm\" href=\"https:\/\/play.google.com\/store\/apps\/details?id=com.gfs.gordonnow&#038;hl=en_US&#038;gl=US\" target=\"_blank\">\n\t\t\t\t\t\t<span class=\"elementor-button-content-wrapper\">\n\t\t\t\t\t\t\t\t\t<span class=\"elementor-button-text\">Ir a Google Play Store<\/span>\n\t\t\t\t\t<\/span>\n\t\t\t\t\t<\/a>\n\t\t\t\t<\/div>\n\t\t\t\t\t\t\t\t<\/div>\n\t\t\t\t<\/div>\n\t\t\t\t<\/div>\n\t\t\t\t<\/div>\n\t\t\t\t<\/div>\n\t\t\t\t\t<\/div>\n\t\t\t\t<\/div>\n\t\t\t\t<\/div>","protected":false},"excerpt":{"rendered":"<p>Gordon Now Place orders, track deliveries, manage inventory, and get instant support\u2014all in one app. Manage your business whenever, wherever, and however you want. We&#8217;re revolutionizing food service with Gordon Now. Place orders on the go from anywhere, get exact ETAs with real-time delivery tracking, and seamlessly manage your inventory to keep things running perfectly. [&hellip;]<\/p>\n","protected":false},"author":19,"featured_media":34396,"parent":14096,"menu_order":0,"comment_status":"closed","ping_status":"closed","template":"","meta":{"_acf_changed":false,"footnotes":""},"class_list":["post-10292","page","type-page","status-publish","has-post-thumbnail","hentry"],"acf":[],"yoast_head":"<!-- This site is optimized with the Yoast SEO Premium plugin v22.9 (Yoast SEO v27.2) - https:\/\/yoast.com\/product\/yoast-seo-premium-wordpress\/ -->\n<title>Gordon Now App | Gordon Food Service<\/title>\n<meta name=\"description\" content=\"Gordon Now App mobile ordering lets you place orders, browse products, and manage your account right from your device, enhancing efficiency in your foodservice operation.\" \/>\n<meta name=\"robots\" content=\"index, follow, max-snippet:-1, max-image-preview:large, max-video-preview:-1\" \/>\n<link rel=\"canonical\" href=\"https:\/\/gfs.com\/es-us\/productos-servicios\/soluciones-tecnologicas\/gordon-now-app\/\" \/>\n<meta property=\"og:locale\" content=\"es_ES\" \/>\n<meta property=\"og:type\" content=\"article\" \/>\n<meta property=\"og:title\" content=\"Gordon Now App\" \/>\n<meta property=\"og:description\" content=\"The Gordon Now product line, includes app and chat capabilities so we can provide you with information you need, when you need it.\" \/>\n<meta property=\"og:url\" content=\"https:\/\/gfs.com\/es-us\/productos-servicios\/soluciones-tecnologicas\/gordon-now-app\/\" \/>\n<meta property=\"og:site_name\" content=\"Gordon Food Service\" \/>\n<meta property=\"article:publisher\" content=\"https:\/\/www.facebook.com\/GordonFoodService\/\" \/>\n<meta property=\"article:modified_time\" content=\"2025-12-03T16:28:39+00:00\" \/>\n<meta name=\"twitter:card\" content=\"summary_large_image\" \/>\n<meta name=\"twitter:description\" content=\"The Gordon Now product line, includes app and chat capabilities so we can provide you with information you need, when you need it.\" \/>\n<meta name=\"twitter:site\" content=\"@GFSDelivers\" \/>\n<meta name=\"twitter:label1\" content=\"Est. reading time\" \/>\n\t<meta name=\"twitter:data1\" content=\"2 minutes\" \/>\n<!-- \/ Yoast SEO Premium plugin. -->","yoast_head_json":{"title":"Gordon Now App | Gordon Food Service","description":"Gordon Now App mobile ordering lets you place orders, browse products, and manage your account right from your device, enhancing efficiency in your foodservice operation.","robots":{"index":"index","follow":"follow","max-snippet":"max-snippet:-1","max-image-preview":"max-image-preview:large","max-video-preview":"max-video-preview:-1"},"canonical":"https:\/\/gfs.com\/es-us\/productos-servicios\/soluciones-tecnologicas\/gordon-now-app\/","og_locale":"es_ES","og_type":"article","og_title":"Gordon Now App","og_description":"The Gordon Now product line, includes app and chat capabilities so we can provide you with information you need, when you need it.","og_url":"https:\/\/gfs.com\/es-us\/productos-servicios\/soluciones-tecnologicas\/gordon-now-app\/","og_site_name":"Gordon Food Service","article_publisher":"https:\/\/www.facebook.com\/GordonFoodService\/","article_modified_time":"2025-12-03T16:28:39+00:00","twitter_card":"summary_large_image","twitter_description":"The Gordon Now product line, includes app and chat capabilities so we can provide you with information you need, when you need it.","twitter_site":"@GFSDelivers","twitter_misc":{"Est. reading time":"2 minutes"},"schema":{"@context":"https:\/\/schema.org","@graph":[{"@type":"WebPage","@id":"https:\/\/gfs.com\/products-services\/technology-solutions\/gordon-now-app\/","url":"https:\/\/gfs.com\/products-services\/technology-solutions\/gordon-now-app\/","name":"Gordon Now App | Gordon Food Service","isPartOf":{"@id":"https:\/\/gfs.com\/en-us\/#website"},"primaryImageOfPage":{"@id":"https:\/\/gfs.com\/products-services\/technology-solutions\/gordon-now-app\/#primaryimage"},"image":{"@id":"https:\/\/gfs.com\/products-services\/technology-solutions\/gordon-now-app\/#primaryimage"},"thumbnailUrl":"https:\/\/gfs.com\/wp-content\/uploads\/2024\/10\/Gordon-Now-Phone-Order-Screen-SanChez-1-1024x576-1.avif","datePublished":"2022-09-20T16:03:31+00:00","dateModified":"2025-12-03T16:28:39+00:00","description":"Gordon Now App mobile ordering lets you place orders, browse products, and manage your account right from your device, enhancing efficiency in your foodservice operation.","breadcrumb":{"@id":"https:\/\/gfs.com\/products-services\/technology-solutions\/gordon-now-app\/#breadcrumb"},"inLanguage":"es-US","potentialAction":[{"@type":"ReadAction","target":["https:\/\/gfs.com\/products-services\/technology-solutions\/gordon-now-app\/"]}]},{"@type":"ImageObject","inLanguage":"es-US","@id":"https:\/\/gfs.com\/products-services\/technology-solutions\/gordon-now-app\/#primaryimage","url":"https:\/\/gfs.com\/wp-content\/uploads\/2024\/10\/Gordon-Now-Phone-Order-Screen-SanChez-1-1024x576-1.avif","contentUrl":"https:\/\/gfs.com\/wp-content\/uploads\/2024\/10\/Gordon-Now-Phone-Order-Screen-SanChez-1-1024x576-1.avif","width":1024,"height":576},{"@type":"BreadcrumbList","@id":"https:\/\/gfs.com\/products-services\/technology-solutions\/gordon-now-app\/#breadcrumb","itemListElement":[{"@type":"ListItem","position":1,"name":"Home","item":"https:\/\/gfs.com\/en-us\/"},{"@type":"ListItem","position":2,"name":"Products &amp; Services","item":"https:\/\/gfs.com\/products-services\/"},{"@type":"ListItem","position":3,"name":"Technology Solutions","item":"https:\/\/gfs.com\/products-services\/technology-solutions\/"},{"@type":"ListItem","position":4,"name":"Gordon Now App"}]},{"@type":"WebSite","@id":"https:\/\/gfs.com\/en-us\/#website","url":"https:\/\/gfs.com\/en-us\/","name":"Gordon Food Service","description":"","publisher":{"@id":"https:\/\/gfs.com\/en-us\/#organization"},"potentialAction":[{"@type":"SearchAction","target":{"@type":"EntryPoint","urlTemplate":"https:\/\/gfs.com\/en-us\/?s={search_term_string}"},"query-input":{"@type":"PropertyValueSpecification","valueRequired":true,"valueName":"search_term_string"}}],"inLanguage":"es-US"},{"@type":"Organization","@id":"https:\/\/gfs.com\/en-us\/#organization","name":"Gordon Food Service","url":"https:\/\/gfs.com\/en-us\/","logo":{"@type":"ImageObject","inLanguage":"es-US","@id":"https:\/\/gfs.com\/en-us\/#\/schema\/logo\/image\/","url":"https:\/\/gfs.com\/wp-content\/uploads\/2023\/02\/GordonFoodService_Logo_RGB.png","contentUrl":"https:\/\/gfs.com\/wp-content\/uploads\/2023\/02\/GordonFoodService_Logo_RGB.png","width":628,"height":210,"caption":"Gordon Food Service"},"image":{"@id":"https:\/\/gfs.com\/en-us\/#\/schema\/logo\/image\/"},"sameAs":["https:\/\/www.facebook.com\/GordonFoodService\/","https:\/\/x.com\/GFSDelivers","https:\/\/www.instagram.com\/gordonfoodservice\/","https:\/\/www.youtube.com\/@GFSDelivers","https:\/\/www.linkedin.com\/company\/gordon-food-service\/"]}]}},"_links":{"self":[{"href":"https:\/\/gfs.com\/es-us\/wp-json\/wp\/v2\/pages\/10292","targetHints":{"allow":["GET"]}}],"collection":[{"href":"https:\/\/gfs.com\/es-us\/wp-json\/wp\/v2\/pages"}],"about":[{"href":"https:\/\/gfs.com\/es-us\/wp-json\/wp\/v2\/types\/page"}],"author":[{"embeddable":true,"href":"https:\/\/gfs.com\/es-us\/wp-json\/wp\/v2\/users\/19"}],"replies":[{"embeddable":true,"href":"https:\/\/gfs.com\/es-us\/wp-json\/wp\/v2\/comments?post=10292"}],"version-history":[{"count":37,"href":"https:\/\/gfs.com\/es-us\/wp-json\/wp\/v2\/pages\/10292\/revisions"}],"predecessor-version":[{"id":43469,"href":"https:\/\/gfs.com\/es-us\/wp-json\/wp\/v2\/pages\/10292\/revisions\/43469"}],"up":[{"embeddable":true,"href":"https:\/\/gfs.com\/es-us\/wp-json\/wp\/v2\/pages\/14096"}],"wp:featuredmedia":[{"embeddable":true,"href":"https:\/\/gfs.com\/es-us\/wp-json\/wp\/v2\/media\/34396"}],"wp:attachment":[{"href":"https:\/\/gfs.com\/es-us\/wp-json\/wp\/v2\/media?parent=10292"}],"curies":[{"name":"wp","href":"https:\/\/api.w.org\/{rel}","templated":true}]}}